{"id":18031,"date":"2024-07-15T17:57:37","date_gmt":"2024-07-15T21:57:37","guid":{"rendered":"https:\/\/lamphallen.se\/sv_se\/product\/led-stralkastare-50w-med-rorelsevakt-vattentat-ip65-aslan-s-50\/"},"modified":"2025-12-04T19:52:01","modified_gmt":"2025-12-04T18:52:01","slug":"led-stralkastare-50w-med-rorelsevakt-vattentat-ip65-aslan-s-50","status":"publish","type":"product","link":"https:\/\/lamphallen.se\/sv_se\/product\/led-stralkastare-50w-med-rorelsevakt-vattentat-ip65-aslan-s-50\/","title":{"rendered":"LED STR\u00c5LKASTARE 50W MED R\u00d6RELSEVAKT VATTENT\u00c4T IP65 ASLAN\/S-50"},"content":{"rendered":"<p>LED Typ:\u00a0SMD LED<br \/>\nmedellivsl\u00e4ngd: 30.000 tim.<br \/>\nEffekt: 50W<br \/>\nMotsvarar: 550W<br \/>\nLumen: 5500 lm<br \/>\nLjustemperatur:\u00a06400K<br \/>\nLjus F\u00e4rg: Dagsljus<br \/>\nDimbar: Nej<br \/>\nEnergiklass: A till\u00a0A++<br \/>\nRa: &gt;Ra80<br \/>\nSp\u00e4nning: 175-250V<br \/>\nskyddsklass: IP65<br \/>\nDetaljer: PIR Sensor<br \/>\nMaterial: Aluminium Die Casting Body<br \/>\nM\u00e4tt: 21&#215;17.4x4cm<\/p>\n<ul>\n<li><strong>F\u00f6rv\u00e4ntas att skickas om 5 arbetsdagar.<\/strong><\/li>\n<\/ul>\n<p><strong>Tekniska\u00a0Dokument:<\/strong><\/p>\n<p><a href=\"http:\/\/www.horozelektrik.com\/content\/doc\/068-009-0050pdf-12-345-636631215723452686-.pdf\">Datasheet<\/a><\/p>\n","protected":false},"excerpt":{"rendered":"<p>LED Typ:\u00a0SMD LED medellivsl\u00e4ngd: 30.000 tim. Effekt: 50W Motsvarar: 550W Lumen: 5500 lm Ljustemperatur:\u00a06400K Ljus F\u00e4rg: Dagsljus Dimbar: Nej Energiklass: A till\u00a0A++ Ra: &gt;Ra80 Sp\u00e4nning: 175-250V skyddsklass: IP65 Detaljer: PIR Sensor Material: Aluminium Die Casting Body M\u00e4tt: 21&#215;17.4x4cm F\u00f6rv\u00e4ntas att skickas om 5 arbetsdagar. Tekniska\u00a0Dokument: Datasheet<\/p>\n","protected":false},"featured_media":18032,"comment_status":"open","ping_status":"closed","template":"","meta":{"content-type":"","_joinchat":[]},"product_brand":[],"product_cat":[74],"product_tag":[],"berocket_brand":[35],"class_list":{"0":"post-18031","1":"product","2":"type-product","3":"status-publish","4":"has-post-thumbnail","6":"product_cat-stralkastare","7":"berocket_brand-horoz-elektrik","9":"first","10":"instock","11":"sale","12":"taxable","13":"shipping-taxable","14":"purchasable","15":"product-type-simple"},"_links":{"self":[{"href":"https:\/\/lamphallen.se\/sv_se\/wp-json\/wp\/v2\/product\/18031","targetHints":{"allow":["GET"]}}],"collection":[{"href":"https:\/\/lamphallen.se\/sv_se\/wp-json\/wp\/v2\/product"}],"about":[{"href":"https:\/\/lamphallen.se\/sv_se\/wp-json\/wp\/v2\/types\/product"}],"replies":[{"embeddable":true,"href":"https:\/\/lamphallen.se\/sv_se\/wp-json\/wp\/v2\/comments?post=18031"}],"wp:featuredmedia":[{"embeddable":true,"href":"https:\/\/lamphallen.se\/sv_se\/wp-json\/wp\/v2\/media\/18032"}],"wp:attachment":[{"href":"https:\/\/lamphallen.se\/sv_se\/wp-json\/wp\/v2\/media?parent=18031"}],"wp:term":[{"taxonomy":"product_brand","embeddable":true,"href":"https:\/\/lamphallen.se\/sv_se\/wp-json\/wp\/v2\/product_brand?post=18031"},{"taxonomy":"product_cat","embeddable":true,"href":"https:\/\/lamphallen.se\/sv_se\/wp-json\/wp\/v2\/product_cat?post=18031"},{"taxonomy":"product_tag","embeddable":true,"href":"https:\/\/lamphallen.se\/sv_se\/wp-json\/wp\/v2\/product_tag?post=18031"},{"taxonomy":"berocket_brand","embeddable":true,"href":"https:\/\/lamphallen.se\/sv_se\/wp-json\/wp\/v2\/berocket_brand?post=18031"}],"curies":[{"name":"wp","href":"https:\/\/api.w.org\/{rel}","templated":true}]}}