{"id":18037,"date":"2024-07-15T17:57:38","date_gmt":"2024-07-15T21:57:38","guid":{"rendered":"https:\/\/lamphallen.se\/sv_se\/product\/stativ-stand-for-arbetslampa-tripod-single\/"},"modified":"2024-07-23T09:28:52","modified_gmt":"2024-07-23T13:28:52","slug":"stativ-stand-for-arbetslampa-tripod-single","status":"publish","type":"product","link":"https:\/\/lamphallen.se\/sv_se\/product\/stativ-stand-for-arbetslampa-tripod-single\/","title":{"rendered":"STATIV STAND F\u00d6R ARBETSLAMPA &#8211; TRIPOD SINGLE"},"content":{"rendered":"<p>En praktisk arbetsbelysning som \u00e4r perfekt att anv\u00e4nda p\u00e5 bygget eller i lokalen. Montera str\u00e5lkastaren p\u00e5 den teleskopiska robusta st\u00e4llningen f\u00f6r att f\u00e5 ljuset p\u00e5 r\u00e4tt st\u00e4lle.<\/p>\n<p><strong>Teknisk data:<\/strong><\/p>\n<p>St\u00e4lltyp: Enkel<br \/>\nKabeltyp: 1,8 meter H05VV-F<br \/>\nMaterial: Aluminium<br \/>\nF\u00e4rg: Gul<\/p>\n<p><strong>Anv\u00e4ndningsomr\u00e5den:<\/strong><\/p>\n<p>Lys&nbsp;upp&nbsp;b\u00e5de inomhus och utomhusbruk.<\/p>\n<p><strong>Funktioner:<\/strong><\/p>\n<p>Fixture med justerbart stativ p\u00e5 0.60m till 1.80m.<br \/>\nOberoende justerbar.<\/p>\n<p><strong>Tekniska dokument:<\/strong><\/p>\n<p><a href=\"http:\/\/www.lamphallen.se\/images\/datasheets\/TRIPOD%20SINGLE%20107-001-0001.pdf\">TRIPOD SINGLE DATASHEET<\/a><\/p>\n","protected":false},"excerpt":{"rendered":"<p>En praktisk arbetsbelysning som \u00e4r perfekt att anv\u00e4nda p\u00e5 bygget eller i lokalen. Montera str\u00e5lkastaren p\u00e5 den teleskopiska robusta st\u00e4llningen f\u00f6r att f\u00e5 ljuset p\u00e5 r\u00e4tt st\u00e4lle. Teknisk data: St\u00e4lltyp: Enkel Kabeltyp: 1,8 meter H05VV-F Material: Aluminium F\u00e4rg: Gul Anv\u00e4ndningsomr\u00e5den: Lys&nbsp;upp&nbsp;b\u00e5de inomhus och utomhusbruk. Funktioner: Fixture med justerbart stativ p\u00e5 0.60m till 1.80m. Oberoende justerbar. Tekniska dokument: TRIPOD SINGLE DATASHEET<\/p>\n","protected":false},"featured_media":18038,"comment_status":"open","ping_status":"closed","template":"","meta":{"content-type":"","_joinchat":[]},"product_brand":[],"product_cat":[74],"product_tag":[],"berocket_brand":[35],"class_list":{"0":"post-18037","1":"product","2":"type-product","3":"status-publish","4":"has-post-thumbnail","6":"product_cat-stralkastare","7":"berocket_brand-horoz-elektrik","9":"first","10":"onbackorder","11":"sale","12":"taxable","13":"shipping-taxable","14":"purchasable","15":"product-type-simple"},"_links":{"self":[{"href":"https:\/\/lamphallen.se\/sv_se\/wp-json\/wp\/v2\/product\/18037","targetHints":{"allow":["GET"]}}],"collection":[{"href":"https:\/\/lamphallen.se\/sv_se\/wp-json\/wp\/v2\/product"}],"about":[{"href":"https:\/\/lamphallen.se\/sv_se\/wp-json\/wp\/v2\/types\/product"}],"replies":[{"embeddable":true,"href":"https:\/\/lamphallen.se\/sv_se\/wp-json\/wp\/v2\/comments?post=18037"}],"wp:featuredmedia":[{"embeddable":true,"href":"https:\/\/lamphallen.se\/sv_se\/wp-json\/wp\/v2\/media\/18038"}],"wp:attachment":[{"href":"https:\/\/lamphallen.se\/sv_se\/wp-json\/wp\/v2\/media?parent=18037"}],"wp:term":[{"taxonomy":"product_brand","embeddable":true,"href":"https:\/\/lamphallen.se\/sv_se\/wp-json\/wp\/v2\/product_brand?post=18037"},{"taxonomy":"product_cat","embeddable":true,"href":"https:\/\/lamphallen.se\/sv_se\/wp-json\/wp\/v2\/product_cat?post=18037"},{"taxonomy":"product_tag","embeddable":true,"href":"https:\/\/lamphallen.se\/sv_se\/wp-json\/wp\/v2\/product_tag?post=18037"},{"taxonomy":"berocket_brand","embeddable":true,"href":"https:\/\/lamphallen.se\/sv_se\/wp-json\/wp\/v2\/berocket_brand?post=18037"}],"curies":[{"name":"wp","href":"https:\/\/api.w.org\/{rel}","templated":true}]}}