{"id":18161,"date":"2024-07-15T17:57:46","date_gmt":"2024-07-15T21:57:46","guid":{"rendered":"https:\/\/lamphallen.se\/sv_se\/product\/lysrorsarmatur-ip65-vattentat-6400k-156cm-irmak-45\/"},"modified":"2025-04-01T17:25:47","modified_gmt":"2025-04-01T15:25:47","slug":"lysrorsarmatur-ip65-vattentat-6400k-156cm-irmak-45","status":"publish","type":"product","link":"https:\/\/lamphallen.se\/sv_se\/product\/lysrorsarmatur-ip65-vattentat-6400k-156cm-irmak-45\/","title":{"rendered":"LYSR\u00d6RSARMATUR IP65 VATTENT\u00c4T 6400K 156CM IRMAK-45"},"content":{"rendered":"<p>LED Typ:&nbsp;SMD LED<br \/>\nStorlek: 156&nbsp;cm.<br \/>\nmedellivsl\u00e4ngd: 30.000 tim.<br \/>\nEffekt: 45W<br \/>\nMotsvarar: 360W<br \/>\nLumen: 3600&nbsp;lm<br \/>\nskyddsklass: IP65<br \/>\nF\u00e4rg: Vit<br \/>\nLjustemperatur:&nbsp;6400K<br \/>\nLjus F\u00e4rg: Dagsljus<br \/>\nDimbar: Nej<br \/>\nEnergiklass: A&nbsp;to A++<br \/>\nRa: &gt;Ra70<br \/>\nSp\u00e4nning: 170-265V<br \/>\nMaterial: PC Cover<\/p>\n<p><strong>Tekniska Dokument:<\/strong><\/p>\n<p><a href=\"http:\/\/www.horozelektrik.com\/content\/doc\/059-004-0045pdf-11-502-636518864515023454-.pdf\">IRMAK-45&nbsp;DATASHEET<\/a><\/p>\n","protected":false},"excerpt":{"rendered":"<p>LED Typ:&nbsp;SMD LED Storlek: 156&nbsp;cm. medellivsl\u00e4ngd: 30.000 tim. Effekt: 45W Motsvarar: 360W Lumen: 3600&nbsp;lm skyddsklass: IP65 F\u00e4rg: Vit Ljustemperatur:&nbsp;6400K Ljus F\u00e4rg: Dagsljus Dimbar: Nej Energiklass: A&nbsp;to A++ Ra: &gt;Ra70 Sp\u00e4nning: 170-265V Material: PC Cover Tekniska Dokument: IRMAK-45&nbsp;DATASHEET<\/p>\n","protected":false},"featured_media":18162,"comment_status":"open","ping_status":"closed","template":"","meta":{"content-type":"","_joinchat":[]},"product_brand":[],"product_cat":[72],"product_tag":[],"berocket_brand":[35],"class_list":{"0":"post-18161","1":"product","2":"type-product","3":"status-publish","4":"has-post-thumbnail","6":"product_cat-vattentat-lampor","7":"berocket_brand-horoz-elektrik","9":"first","10":"instock","11":"sale","12":"taxable","13":"shipping-taxable","14":"purchasable","15":"product-type-simple"},"_links":{"self":[{"href":"https:\/\/lamphallen.se\/sv_se\/wp-json\/wp\/v2\/product\/18161","targetHints":{"allow":["GET"]}}],"collection":[{"href":"https:\/\/lamphallen.se\/sv_se\/wp-json\/wp\/v2\/product"}],"about":[{"href":"https:\/\/lamphallen.se\/sv_se\/wp-json\/wp\/v2\/types\/product"}],"replies":[{"embeddable":true,"href":"https:\/\/lamphallen.se\/sv_se\/wp-json\/wp\/v2\/comments?post=18161"}],"wp:featuredmedia":[{"embeddable":true,"href":"https:\/\/lamphallen.se\/sv_se\/wp-json\/wp\/v2\/media\/18162"}],"wp:attachment":[{"href":"https:\/\/lamphallen.se\/sv_se\/wp-json\/wp\/v2\/media?parent=18161"}],"wp:term":[{"taxonomy":"product_brand","embeddable":true,"href":"https:\/\/lamphallen.se\/sv_se\/wp-json\/wp\/v2\/product_brand?post=18161"},{"taxonomy":"product_cat","embeddable":true,"href":"https:\/\/lamphallen.se\/sv_se\/wp-json\/wp\/v2\/product_cat?post=18161"},{"taxonomy":"product_tag","embeddable":true,"href":"https:\/\/lamphallen.se\/sv_se\/wp-json\/wp\/v2\/product_tag?post=18161"},{"taxonomy":"berocket_brand","embeddable":true,"href":"https:\/\/lamphallen.se\/sv_se\/wp-json\/wp\/v2\/berocket_brand?post=18161"}],"curies":[{"name":"wp","href":"https:\/\/api.w.org\/{rel}","templated":true}]}}