{"id":18365,"date":"2024-07-15T17:59:14","date_gmt":"2024-07-15T21:59:14","guid":{"rendered":"https:\/\/lamphallen.se\/sv_se\/product\/led-solcell-stralkastare-16w-med-pir-snsor-6400k-ip54-spider-16\/"},"modified":"2024-07-23T09:22:03","modified_gmt":"2024-07-23T13:22:03","slug":"led-solcell-stralkastare-16w-med-pir-snsor-6400k-ip54-spider-16","status":"publish","type":"product","link":"https:\/\/lamphallen.se\/sv_se\/product\/led-solcell-stralkastare-16w-med-pir-snsor-6400k-ip54-spider-16\/","title":{"rendered":"LED SOLCELL STR\u00c5LKASTARE 16W MED PIR SNSOR 6400K IP54 SPIDER-16"},"content":{"rendered":"<p><strong>Funktioner:<\/strong><\/p>\n<ul>\n<li>Soldriven str\u00e5lkastare &#8211; noll elkostnad.<\/li>\n<li>Designad med <strong>PIR <\/strong>sensor och&nbsp;p\u00e5\/av-knapp.<\/li>\n<li>Mycket l\u00e4tt att installera (sladdl\u00f6s)<\/li>\n<li>Perfekt byggd f\u00f6r utomhusbruk med intr\u00e4ngningsskydd p\u00e5 IP54<\/li>\n<li>Anv\u00e4ndning: L\u00e4mplig f\u00f6r stigar, tr\u00e4dg\u00e5rdar, uteplatser och liknande utomhusmilj\u00f6er<\/li>\n<\/ul>\n<p><strong>Tekniska&nbsp;Information:<\/strong><\/p>\n<ul>\n<li>LED Typ:&nbsp;SMD LED<\/li>\n<li>Medellivsl\u00e4ngd: 25.000 tim.<\/li>\n<li>Effekt: <strong>16W<\/strong><\/li>\n<li>Sp\u00e4nning (V): 3.7V 2.6Ah Lithium Iron Phosphate Batteri<\/li>\n<li>Sol&nbsp;Panel: Polykisel, 5V\/1W<\/li>\n<li>Lumen: <strong>1600&nbsp;lm<\/strong><\/li>\n<li>Ljustemperatur:&nbsp;6400K<\/li>\n<li>Ljus F\u00e4rg: Dagsljus<\/li>\n<li>Dimbar: Nej<\/li>\n<li>Skyddsklass:&nbsp;<strong>IP54<\/strong><\/li>\n<li>Energiklass: A till&nbsp;A++<\/li>\n<li>Ra: &gt;Ra80<\/li>\n<li>Uppv\u00e4rmningstid upp till 60 % av full ljus effekten:&nbsp;Omedelbart fullt ljus<\/li>\n<li>Material: ABS<\/li>\n<li><strong>Laddningstid<\/strong>: 4-6 timmar (Molnigt 1 dag, regnigt 2 dagar)<\/li>\n<li>Varaktighet Tid: <strong>12-15 timmar<\/strong><\/li>\n<li>Laddning och urladdning: &gt;1500 g\u00e5nger<\/li>\n<li>Installationsh\u00f6jd (m): 2-3 meter<\/li>\n<li>M\u00e5tt: 16.5&#215;14.7&#215;3.4&nbsp;CM<\/li>\n<li>Vikt:<\/li>\n<li>Box Qty: 24<\/li>\n<li><strong>Frakt till denna produkt \u00e4r 4-6&nbsp;arbetsdagar direkt fr\u00e5n leverant\u00f6ren<\/strong><\/li>\n<\/ul>\n<p><strong>Tekniska Dokument:<\/strong><\/p>\n<p><a href=\"http:\/\/lamphallen.se\/images\/spider-16%20068-021-0016..pdf\">SPIDER-16<\/a><a href=\"http:\/\/lamphallen.se\/images\/solcell str\u00e5lkastare IP65 068-012-0025..pdf\">&nbsp;DATASHEET<\/a><\/p>\n","protected":false},"excerpt":{"rendered":"<p>Funktioner: Soldriven str\u00e5lkastare &#8211; noll elkostnad. Designad med PIR sensor och&nbsp;p\u00e5\/av-knapp. Mycket l\u00e4tt att installera (sladdl\u00f6s) Perfekt byggd f\u00f6r utomhusbruk med intr\u00e4ngningsskydd p\u00e5 IP54 Anv\u00e4ndning: L\u00e4mplig f\u00f6r stigar, tr\u00e4dg\u00e5rdar, uteplatser och liknande utomhusmilj\u00f6er Tekniska&nbsp;Information: LED Typ:&nbsp;SMD LED Medellivsl\u00e4ngd: 25.000 tim. Effekt: 16W Sp\u00e4nning (V): 3.7V 2.6Ah Lithium Iron Phosphate Batteri Sol&nbsp;Panel: Polykisel, 5V\/1W Lumen: 1600&nbsp;lm Ljustemperatur:&nbsp;6400K Ljus F\u00e4rg: Dagsljus Dimbar: [&hellip;]<\/p>\n","protected":false},"featured_media":18366,"comment_status":"open","ping_status":"closed","template":"","meta":{"content-type":"","_joinchat":[]},"product_brand":[],"product_cat":[70],"product_tag":[],"berocket_brand":[35],"class_list":{"0":"post-18365","1":"product","2":"type-product","3":"status-publish","4":"has-post-thumbnail","6":"product_cat-solarlampor","7":"berocket_brand-horoz-elektrik","9":"first","10":"onbackorder","11":"sale","12":"taxable","13":"shipping-taxable","14":"purchasable","15":"product-type-simple"},"_links":{"self":[{"href":"https:\/\/lamphallen.se\/sv_se\/wp-json\/wp\/v2\/product\/18365","targetHints":{"allow":["GET"]}}],"collection":[{"href":"https:\/\/lamphallen.se\/sv_se\/wp-json\/wp\/v2\/product"}],"about":[{"href":"https:\/\/lamphallen.se\/sv_se\/wp-json\/wp\/v2\/types\/product"}],"replies":[{"embeddable":true,"href":"https:\/\/lamphallen.se\/sv_se\/wp-json\/wp\/v2\/comments?post=18365"}],"wp:featuredmedia":[{"embeddable":true,"href":"https:\/\/lamphallen.se\/sv_se\/wp-json\/wp\/v2\/media\/18366"}],"wp:attachment":[{"href":"https:\/\/lamphallen.se\/sv_se\/wp-json\/wp\/v2\/media?parent=18365"}],"wp:term":[{"taxonomy":"product_brand","embeddable":true,"href":"https:\/\/lamphallen.se\/sv_se\/wp-json\/wp\/v2\/product_brand?post=18365"},{"taxonomy":"product_cat","embeddable":true,"href":"https:\/\/lamphallen.se\/sv_se\/wp-json\/wp\/v2\/product_cat?post=18365"},{"taxonomy":"product_tag","embeddable":true,"href":"https:\/\/lamphallen.se\/sv_se\/wp-json\/wp\/v2\/product_tag?post=18365"},{"taxonomy":"berocket_brand","embeddable":true,"href":"https:\/\/lamphallen.se\/sv_se\/wp-json\/wp\/v2\/berocket_brand?post=18365"}],"curies":[{"name":"wp","href":"https:\/\/api.w.org\/{rel}","templated":true}]}}