{"id":18476,"date":"2024-07-15T17:59:23","date_gmt":"2024-07-15T21:59:23","guid":{"rendered":"https:\/\/lamphallen.se\/sv_se\/product\/tradlosa-fjarrkontroll-sandare-mottagare-trippel-controller-3\/"},"modified":"2025-12-02T11:52:23","modified_gmt":"2025-12-02T10:52:23","slug":"tradlosa-fjarrkontroll-sandare-mottagare-trippel-controller-3","status":"publish","type":"product","link":"https:\/\/lamphallen.se\/sv_se\/product\/tradlosa-fjarrkontroll-sandare-mottagare-trippel-controller-3\/","title":{"rendered":"Tr\u00e5dl\u00f6sa Fj\u00e4rrkontroll S\u00e4ndare Mottagare Trippel CONTROLLER-3"},"content":{"rendered":"<p>Fj\u00e4rrmottagare och s\u00e4ndare<\/p>\n<p>Inf\u00e4lld mottagare med s\u00e4ndare (on\/off) f\u00f6r ett smartare hem! Vad s\u00e4gs om att sl\u00e4cka dina lampor eller st\u00e4nga av elektriska prylar med en enkel knapptryckning? Denna fj\u00e4rrstyrda och sj\u00e4lvl\u00e4rande str\u00f6mbrytarmottagare har av\/p\u00e5-funktion. M\u00f6jligheterna \u00e4r mer eller mindre obegr\u00e4nsade och str\u00e4cker sig fr\u00e5n att sl\u00e4cka en enskild lampa till att starta motorv\u00e4rmaren med en fj\u00e4rrkontroll eller fj\u00e4rrstr\u00f6mbrytare. F\u00f6r inf\u00e4lld montering i apparatdosa inomhus. Kr\u00e4ver installation av beh\u00f6rig elinstallat\u00f6r.<\/p>\n<p>Controller: 12V (A23 Alkaline Battery)<br \/>\nDetaljer: Tre kanaler<br \/>\nDistans:\u00a030m \u2013 60m \/ 360\u02da<br \/>\nMax belastning: 1000W \/ Max. 6 st. 300W (ESL \/ LED)<br \/>\nSp\u00e4nning:\u00a0AC 180-240V 50Hz<br \/>\nSkyddsklass: IP20<\/p>\n<p>Tekniska dokument:<\/p>\n<p><a href=\"http:\/\/www.lamphallen.se\/images\/datasheets\/CONTROLLER-3 105-001-0003.pdf\">CONTROLLER-3\u00a0DATASHEET<\/a><\/p>\n","protected":false},"excerpt":{"rendered":"<p>Fj\u00e4rrmottagare och s\u00e4ndare Inf\u00e4lld mottagare med s\u00e4ndare (on\/off) f\u00f6r ett smartare hem! Vad s\u00e4gs om att sl\u00e4cka dina lampor eller st\u00e4nga av elektriska prylar med en enkel knapptryckning? Denna fj\u00e4rrstyrda och sj\u00e4lvl\u00e4rande str\u00f6mbrytarmottagare har av\/p\u00e5-funktion. M\u00f6jligheterna \u00e4r mer eller mindre obegr\u00e4nsade och str\u00e4cker sig fr\u00e5n att sl\u00e4cka en enskild lampa till att starta motorv\u00e4rmaren med en fj\u00e4rrkontroll eller fj\u00e4rrstr\u00f6mbrytare. F\u00f6r [&hellip;]<\/p>\n","protected":false},"featured_media":18477,"comment_status":"open","ping_status":"closed","template":"","meta":{"content-type":"","_joinchat":[]},"product_brand":[],"product_cat":[80],"product_tag":[],"berocket_brand":[35],"class_list":{"0":"post-18476","1":"product","2":"type-product","3":"status-publish","4":"has-post-thumbnail","6":"product_cat-smart-tillbehor","7":"berocket_brand-horoz-elektrik","9":"first","10":"instock","11":"sale","12":"taxable","13":"shipping-taxable","14":"purchasable","15":"product-type-simple"},"_links":{"self":[{"href":"https:\/\/lamphallen.se\/sv_se\/wp-json\/wp\/v2\/product\/18476","targetHints":{"allow":["GET"]}}],"collection":[{"href":"https:\/\/lamphallen.se\/sv_se\/wp-json\/wp\/v2\/product"}],"about":[{"href":"https:\/\/lamphallen.se\/sv_se\/wp-json\/wp\/v2\/types\/product"}],"replies":[{"embeddable":true,"href":"https:\/\/lamphallen.se\/sv_se\/wp-json\/wp\/v2\/comments?post=18476"}],"wp:featuredmedia":[{"embeddable":true,"href":"https:\/\/lamphallen.se\/sv_se\/wp-json\/wp\/v2\/media\/18477"}],"wp:attachment":[{"href":"https:\/\/lamphallen.se\/sv_se\/wp-json\/wp\/v2\/media?parent=18476"}],"wp:term":[{"taxonomy":"product_brand","embeddable":true,"href":"https:\/\/lamphallen.se\/sv_se\/wp-json\/wp\/v2\/product_brand?post=18476"},{"taxonomy":"product_cat","embeddable":true,"href":"https:\/\/lamphallen.se\/sv_se\/wp-json\/wp\/v2\/product_cat?post=18476"},{"taxonomy":"product_tag","embeddable":true,"href":"https:\/\/lamphallen.se\/sv_se\/wp-json\/wp\/v2\/product_tag?post=18476"},{"taxonomy":"berocket_brand","embeddable":true,"href":"https:\/\/lamphallen.se\/sv_se\/wp-json\/wp\/v2\/berocket_brand?post=18476"}],"curies":[{"name":"wp","href":"https:\/\/api.w.org\/{rel}","templated":true}]}}