{"id":18483,"date":"2024-07-15T17:59:24","date_gmt":"2024-07-15T21:59:24","guid":{"rendered":"https:\/\/lamphallen.se\/sv_se\/product\/ljus-fotosensor-vattentat-6a-1000w-flash\/"},"modified":"2026-03-11T18:03:09","modified_gmt":"2026-03-11T17:03:09","slug":"ljus-fotosensor-vattentat-6a-1000w-flash","status":"publish","type":"product","link":"https:\/\/lamphallen.se\/sv_se\/product\/ljus-fotosensor-vattentat-6a-1000w-flash\/","title":{"rendered":"LJUS FOTOSENSOR VATTENT\u00c4T 6A 1000W &#8211; FLASH"},"content":{"rendered":"<p>HL470<\/p>\n<p>Ljuskontroll fotosensor<\/p>\n<p>skymningsrel\u00e4et (on\/off) f\u00f6r ett smartare hem! Vad s\u00e4gs om att sl\u00e4cka dina lampor eller st\u00e4nga av elektriska prylar automatiskt n\u00e4r det \u00e4r m\u00f6rkt?? Denna str\u00f6mbrytare har av\/p\u00e5-funktion. M\u00f6jligheterna \u00e4r mer eller mindre obegr\u00e4nsade och str\u00e4cker sig fr\u00e5n att sl\u00e4cka en enskild lampa till att starta motorv\u00e4rmaren med en fj\u00e4rrkontroll eller fj\u00e4rrstr\u00f6mbrytare. F\u00f6r inf\u00e4lld montering i apparatdosa inomhus. Kr\u00e4ver installation av beh\u00f6rig elinstallat\u00f6r.<\/p>\n<p><strong>Produkt funktioner:<\/strong><\/p>\n<p>Sensortyp: Photocell<br \/>\nAmbient Ljus:\u00a0&lt; 50 Lux<br \/>\nMax belastning: 1000W \/ 6A<br \/>\nSp\u00e4nning:\u00a0AC 220-240V 50Hz<br \/>\nSkyddsklass: IP44<br \/>\nGaranti: 2 Years<\/p>\n<p><strong>Anv\u00e4ndningsomr\u00e5den<\/strong>:<\/p>\n<p>Utomhusomr\u00e5den som parkering, garage, tr\u00e4dg\u00e5rdar och varv<\/p>\n<p>Inomhus omr\u00e5den som g\u00e5ngbanor, lobbyer och trappor<\/p>\n<p>&nbsp;<\/p>\n<p>Tekniska Dokument:<\/p>\n<p><a href=\"http:\/\/www.lamphallen.se\/images\/datasheets\/flash%20089-001-0001.pdf\">FLASH DATASHEET<\/a>\u00a0HL470<\/p>\n","protected":false},"excerpt":{"rendered":"<p>HL470 Ljuskontroll fotosensor skymningsrel\u00e4et (on\/off) f\u00f6r ett smartare hem! Vad s\u00e4gs om att sl\u00e4cka dina lampor eller st\u00e4nga av elektriska prylar automatiskt n\u00e4r det \u00e4r m\u00f6rkt?? Denna str\u00f6mbrytare har av\/p\u00e5-funktion. M\u00f6jligheterna \u00e4r mer eller mindre obegr\u00e4nsade och str\u00e4cker sig fr\u00e5n att sl\u00e4cka en enskild lampa till att starta motorv\u00e4rmaren med en fj\u00e4rrkontroll eller fj\u00e4rrstr\u00f6mbrytare. F\u00f6r inf\u00e4lld montering i apparatdosa inomhus. [&hellip;]<\/p>\n","protected":false},"featured_media":18484,"comment_status":"open","ping_status":"closed","template":"","meta":{"content-type":"","_joinchat":[]},"product_brand":[],"product_cat":[81],"product_tag":[],"berocket_brand":[35],"class_list":{"0":"post-18483","1":"product","2":"type-product","3":"status-publish","4":"has-post-thumbnail","6":"product_cat-tillbehor","7":"berocket_brand-horoz-elektrik","9":"first","10":"instock","11":"sale","12":"taxable","13":"shipping-taxable","14":"purchasable","15":"product-type-simple"},"_links":{"self":[{"href":"https:\/\/lamphallen.se\/sv_se\/wp-json\/wp\/v2\/product\/18483","targetHints":{"allow":["GET"]}}],"collection":[{"href":"https:\/\/lamphallen.se\/sv_se\/wp-json\/wp\/v2\/product"}],"about":[{"href":"https:\/\/lamphallen.se\/sv_se\/wp-json\/wp\/v2\/types\/product"}],"replies":[{"embeddable":true,"href":"https:\/\/lamphallen.se\/sv_se\/wp-json\/wp\/v2\/comments?post=18483"}],"wp:featuredmedia":[{"embeddable":true,"href":"https:\/\/lamphallen.se\/sv_se\/wp-json\/wp\/v2\/media\/18484"}],"wp:attachment":[{"href":"https:\/\/lamphallen.se\/sv_se\/wp-json\/wp\/v2\/media?parent=18483"}],"wp:term":[{"taxonomy":"product_brand","embeddable":true,"href":"https:\/\/lamphallen.se\/sv_se\/wp-json\/wp\/v2\/product_brand?post=18483"},{"taxonomy":"product_cat","embeddable":true,"href":"https:\/\/lamphallen.se\/sv_se\/wp-json\/wp\/v2\/product_cat?post=18483"},{"taxonomy":"product_tag","embeddable":true,"href":"https:\/\/lamphallen.se\/sv_se\/wp-json\/wp\/v2\/product_tag?post=18483"},{"taxonomy":"berocket_brand","embeddable":true,"href":"https:\/\/lamphallen.se\/sv_se\/wp-json\/wp\/v2\/berocket_brand?post=18483"}],"curies":[{"name":"wp","href":"https:\/\/api.w.org\/{rel}","templated":true}]}}