{"id":18490,"date":"2024-07-15T17:59:24","date_gmt":"2024-07-15T21:59:24","guid":{"rendered":"https:\/\/lamphallen.se\/sv_se\/product\/rorelsesensor-vattentat-1000w-180-linea\/"},"modified":"2024-07-15T17:59:24","modified_gmt":"2024-07-15T21:59:24","slug":"rorelsesensor-vattentat-1000w-180-linea","status":"publish","type":"product","link":"https:\/\/lamphallen.se\/sv_se\/product\/rorelsesensor-vattentat-1000w-180-linea\/","title":{"rendered":"R\u00d6RELSESENSOR VATTENT\u00c4T 1000W 180\u00b0 LINEA"},"content":{"rendered":"<p>HL482<\/p>\n<p>Infrar\u00f6d r\u00f6relsessensor,\u00a0R\u00f6relsevakt:<\/p>\n<p>R\u00f6relsevakt med infrar\u00f6d sensor IR. Megane monteras i v\u00e4gg eller tak, och har ett vridbart huvud s\u00e5 att du enkelt kan anpassa bevakningsomr\u00e5det.\u00a0Sensorn har 180 graders synf\u00e4lt samt 8\u00a0meters r\u00e4ckvidd.\u00a0Justerbar ljusstyrka. Monteringsskruvar ing\u00e5r.\u00a0<\/p>\n<p><strong>Produkt funktioner:<\/strong><\/p>\n<p>Detektions r\u00f6relsehastighet:\u00a00,6-1,5 m\/s<br \/>\nAmbient Ljus: < 10\u00a0~ 2000 Lux (justerbar)<br \/>\nTidsf\u00f6rdr\u00f6jning: 5\u00a0sek till 8\u00a0min<br \/>\nDistans: 8m Max (<24\u00b0)<br \/>\nSensor vinkel: 180\u00b0<br \/>\nMax belastning: 1000W<br \/>\nSp\u00e4nning:\u00a0AC 220-240V 50Hz<br \/>\nSkyddsklass: IP44<br \/>\nF\u00e4rg: Vit<br \/>\nGaranti: 2 \u00c5r<\/p>\n<p><strong>Anv\u00e4ndningsomr\u00e5den<\/strong>:<\/p>\n<p>Utomhusomr\u00e5den som parkering, garage, tr\u00e4dg\u00e5rdar och varv<\/p>\n<p>Inomhus omr\u00e5den som g\u00e5ngbanor, lobbyer och trappor<\/p>\n<p><strong>Tekniska Dokument:<\/strong><\/p>\n<p><a href=\"http:\/\/www.lamphallen.se\/images\/datasheets\/LINEA 088-001-0003.pdf\">LINEA DATASHEET<\/a><\/p>\n","protected":false},"excerpt":{"rendered":"<p>HL482 Infrar\u00f6d r\u00f6relsessensor,\u00a0R\u00f6relsevakt: R\u00f6relsevakt med infrar\u00f6d sensor IR. Megane monteras i v\u00e4gg eller tak, och har ett vridbart huvud s\u00e5 att du enkelt kan anpassa bevakningsomr\u00e5det.\u00a0Sensorn har 180 graders synf\u00e4lt samt 8\u00a0meters r\u00e4ckvidd.\u00a0Justerbar ljusstyrka. Monteringsskruvar ing\u00e5r.\u00a0 Produkt funktioner: Detektions r\u00f6relsehastighet:\u00a00,6-1,5 m\/s Ambient Ljus: < 10\u00a0~ 2000 Lux (justerbar) Tidsf\u00f6rdr\u00f6jning: 5\u00a0sek till 8\u00a0min Distans: 8m Max (\n<\/p>\n","protected":false},"featured_media":18491,"comment_status":"closed","ping_status":"closed","template":"","meta":{"content-type":"","_joinchat":[]},"product_brand":[],"product_cat":[81],"product_tag":[],"berocket_brand":[35],"class_list":{"0":"post-18490","1":"product","2":"type-product","3":"status-publish","4":"has-post-thumbnail","6":"product_cat-tillbehor","7":"berocket_brand-horoz-elektrik","9":"first","10":"instock","11":"sale","12":"taxable","13":"shipping-taxable","14":"purchasable","15":"product-type-simple"},"_links":{"self":[{"href":"https:\/\/lamphallen.se\/sv_se\/wp-json\/wp\/v2\/product\/18490","targetHints":{"allow":["GET"]}}],"collection":[{"href":"https:\/\/lamphallen.se\/sv_se\/wp-json\/wp\/v2\/product"}],"about":[{"href":"https:\/\/lamphallen.se\/sv_se\/wp-json\/wp\/v2\/types\/product"}],"replies":[{"embeddable":true,"href":"https:\/\/lamphallen.se\/sv_se\/wp-json\/wp\/v2\/comments?post=18490"}],"wp:featuredmedia":[{"embeddable":true,"href":"https:\/\/lamphallen.se\/sv_se\/wp-json\/wp\/v2\/media\/18491"}],"wp:attachment":[{"href":"https:\/\/lamphallen.se\/sv_se\/wp-json\/wp\/v2\/media?parent=18490"}],"wp:term":[{"taxonomy":"product_brand","embeddable":true,"href":"https:\/\/lamphallen.se\/sv_se\/wp-json\/wp\/v2\/product_brand?post=18490"},{"taxonomy":"product_cat","embeddable":true,"href":"https:\/\/lamphallen.se\/sv_se\/wp-json\/wp\/v2\/product_cat?post=18490"},{"taxonomy":"product_tag","embeddable":true,"href":"https:\/\/lamphallen.se\/sv_se\/wp-json\/wp\/v2\/product_tag?post=18490"},{"taxonomy":"berocket_brand","embeddable":true,"href":"https:\/\/lamphallen.se\/sv_se\/wp-json\/wp\/v2\/berocket_brand?post=18490"}],"curies":[{"name":"wp","href":"https:\/\/api.w.org\/{rel}","templated":true}]}}