{"id":18530,"date":"2024-07-15T17:59:27","date_gmt":"2024-07-15T21:59:27","guid":{"rendered":"https:\/\/lamphallen.se\/sv_se\/product\/rgb-led-slinga-fjarrkontroll-2a-72w\/"},"modified":"2024-07-23T09:18:44","modified_gmt":"2024-07-23T13:18:44","slug":"rgb-led-slinga-fjarrkontroll-2a-72w","status":"publish","type":"product","link":"https:\/\/lamphallen.se\/sv_se\/product\/rgb-led-slinga-fjarrkontroll-2a-72w\/","title":{"rendered":"RGB LED SLINGA FJ\u00c4RRKONTROLL 2A 72W"},"content":{"rendered":"<p>RGB Driver f\u00f6r 12VDC or 24VDC LED Lister.&nbsp;<\/p>\n<p><strong>Funktioner:<\/strong><\/p>\n<ul>\n<li>Inbyggt EMI-filter<\/li>\n<li>100% belastningstest.<\/li>\n<li>Fullt utbud av ing\u00e5ngssp\u00e4nning<\/li>\n<li>Utg\u00e5ngssp\u00e4nning korrekt och stabil<\/li>\n<li>Utg\u00e5ng \u00f6versp\u00e4nning, \u00f6verstr\u00f6m och kortslutningsskydd<\/li>\n<li>Utmatning l\u00e5g rippel och brus<\/li>\n<\/ul>\n<p><strong>Produkt funktioner:<\/strong><\/p>\n<p>Utg\u00e5ngseffekt: 72W<br \/>\nUtg\u00e5ngsstr\u00f6m: 2A Varje F\u00e4rg<br \/>\nUtg\u00e5ngssp\u00e4nning: DC 12-24V<br \/>\nIng\u00e5ngssp\u00e4nning: AC 12V \/ 24V<br \/>\nSkyddsklass: IP20<br \/>\nGaranti: 2 \u00c5rs<\/p>\n<p><strong>Anv\u00e4ndningsomr\u00e5den:<\/strong><\/p>\n<ul>\n<li>Inomhusbelysning<\/li>\n<li>F\u00f6r 15m 35&#215;28 SMD LED Strip eller 5m 50&#215;50 SMD LED Strip<\/li>\n<\/ul>\n<p><strong>Tekniska dokument:<\/strong><\/p>\n<p><a href=\"http:\/\/www.lamphallen.se\/images\/datasheets\/RGB CONTROLLER 2A 100-001-0072.pdf\">RGB Controller 2A DATASHEET<\/a><\/p>\n","protected":false},"excerpt":{"rendered":"<p>RGB Driver f\u00f6r 12VDC or 24VDC LED Lister.&nbsp; Funktioner: Inbyggt EMI-filter 100% belastningstest. Fullt utbud av ing\u00e5ngssp\u00e4nning Utg\u00e5ngssp\u00e4nning korrekt och stabil Utg\u00e5ng \u00f6versp\u00e4nning, \u00f6verstr\u00f6m och kortslutningsskydd Utmatning l\u00e5g rippel och brus Produkt funktioner: Utg\u00e5ngseffekt: 72W Utg\u00e5ngsstr\u00f6m: 2A Varje F\u00e4rg Utg\u00e5ngssp\u00e4nning: DC 12-24V Ing\u00e5ngssp\u00e4nning: AC 12V \/ 24V Skyddsklass: IP20 Garanti: 2 \u00c5rs Anv\u00e4ndningsomr\u00e5den: Inomhusbelysning F\u00f6r 15m 35&#215;28 SMD LED Strip [&hellip;]<\/p>\n","protected":false},"featured_media":18531,"comment_status":"open","ping_status":"closed","template":"","meta":{"content-type":"","_joinchat":[]},"product_brand":[],"product_cat":[81],"product_tag":[],"berocket_brand":[35],"class_list":{"0":"post-18530","1":"product","2":"type-product","3":"status-publish","4":"has-post-thumbnail","6":"product_cat-tillbehor","7":"berocket_brand-horoz-elektrik","9":"first","10":"instock","11":"sale","12":"taxable","13":"shipping-taxable","14":"purchasable","15":"product-type-simple"},"_links":{"self":[{"href":"https:\/\/lamphallen.se\/sv_se\/wp-json\/wp\/v2\/product\/18530","targetHints":{"allow":["GET"]}}],"collection":[{"href":"https:\/\/lamphallen.se\/sv_se\/wp-json\/wp\/v2\/product"}],"about":[{"href":"https:\/\/lamphallen.se\/sv_se\/wp-json\/wp\/v2\/types\/product"}],"replies":[{"embeddable":true,"href":"https:\/\/lamphallen.se\/sv_se\/wp-json\/wp\/v2\/comments?post=18530"}],"wp:featuredmedia":[{"embeddable":true,"href":"https:\/\/lamphallen.se\/sv_se\/wp-json\/wp\/v2\/media\/18531"}],"wp:attachment":[{"href":"https:\/\/lamphallen.se\/sv_se\/wp-json\/wp\/v2\/media?parent=18530"}],"wp:term":[{"taxonomy":"product_brand","embeddable":true,"href":"https:\/\/lamphallen.se\/sv_se\/wp-json\/wp\/v2\/product_brand?post=18530"},{"taxonomy":"product_cat","embeddable":true,"href":"https:\/\/lamphallen.se\/sv_se\/wp-json\/wp\/v2\/product_cat?post=18530"},{"taxonomy":"product_tag","embeddable":true,"href":"https:\/\/lamphallen.se\/sv_se\/wp-json\/wp\/v2\/product_tag?post=18530"},{"taxonomy":"berocket_brand","embeddable":true,"href":"https:\/\/lamphallen.se\/sv_se\/wp-json\/wp\/v2\/berocket_brand?post=18530"}],"curies":[{"name":"wp","href":"https:\/\/api.w.org\/{rel}","templated":true}]}}