{"id":18567,"date":"2024-07-15T17:59:30","date_gmt":"2024-07-15T21:59:30","guid":{"rendered":"https:\/\/lamphallen.se\/sv_se\/product\/led-solcell-stralkastare-300w-med-pir-snsor-6400k-ip65-grand-300\/"},"modified":"2025-11-10T09:23:37","modified_gmt":"2025-11-10T08:23:37","slug":"led-solcell-stralkastare-300w-med-pir-snsor-6400k-ip65-grand-300","status":"publish","type":"product","link":"https:\/\/lamphallen.se\/sv_se\/product\/led-solcell-stralkastare-300w-med-pir-snsor-6400k-ip65-grand-300\/","title":{"rendered":"LED SOLCELL STR\u00c5LKASTARE 300W MED PIR SNSOR 6400K IP65 GRAND-300"},"content":{"rendered":"<p><strong>Funktioner:<\/strong><\/p>\n<ul>\n<li>Soldriven str\u00e5lkastare \u2013 noll elkostnad.<\/li>\n<li>Designad med\u00a0<strong>PIR<\/strong>\u00a0sensor och\u00a0fj\u00e4rrkontroll med auto och timerfunktion.<\/li>\n<li>Induktionsl\u00e4ge: Ingen r\u00f6relse svagt ljus & R\u00f6relseuppt\u00e4ckt starkt ljus.<\/li>\n<li>Mycket l\u00e4tt att installera (sladdl\u00f6s).<\/li>\n<li>Perfekt byggd f\u00f6r utomhusbruk med intr\u00e4ngningsskydd p\u00e5 IP65.<\/li>\n<li>Anv\u00e4ndning: L\u00e4mplig f\u00f6r stigar, tr\u00e4dg\u00e5rdar, uteplatser och liknande utomhusmilj\u00f6er.<\/li>\n<\/ul>\n<p><strong>Tekniska\u00a0Information:<\/strong><\/p>\n<ul>\n<li>LED Typ:\u00a0SMD LED<\/li>\n<li>Medellivsl\u00e4ngd: <strong>50.000 tim.<\/strong><\/li>\n<li>Effekt: <strong>300W<\/strong><\/li>\n<li>Sp\u00e4nning (V): 3\u00a0x 3.2V 5Ah Lithium Iron Phosphate Batteri<\/li>\n<li>Sol\u00a0Panel: Polykisel, 6V\/25W<\/li>\n<li>Lumen: <strong>1567\u00a0lm<\/strong><\/li>\n<li>Ljustemperatur:\u00a06400K<\/li>\n<li>Ljus F\u00e4rg: Dagsljus<\/li>\n<li>Dimbar: Nej<\/li>\n<li>Skyddsklass:\u00a0IP65<\/li>\n<li>Energiklass: A till\u00a0A++<\/li>\n<li>Ra: >Ra70<\/li>\n<li>Uppv\u00e4rmningstid upp till 60 % av full ljus effekten:\u00a0Omedelbart fullt ljus<\/li>\n<li>Material: ABS +\u00a0Photovoltaic<\/li>\n<li>Laddningstid: 4-6\u00a0timmar (Molnigt 1 dag, regnigt 2 dagar)<\/li>\n<li>Varaktighet Tid:\u00a01 timme full ljusstyrka 12\u201315 timmar sensorl\u00e4ge<\/li>\n<li>Laddning och urladdning: >1500 g\u00e5nger<\/li>\n<li>Fj\u00e4rrkontroll:\u00a012 Meter\u00a02 Tim\u00a0\/ 4 Tim\u00a0\/ 6 Tim<\/li>\n<li>Bestr\u00e5lningsarea (m2): 70\u00b2 meter<\/li>\n<li>Installationsh\u00f6jd (m): 5\u00a0meter<\/li>\n<li>M\u00e5tt: 83.5\u00d725.2x8CM<\/li>\n<li>Vikt:<\/li>\n<li>Box Qty: 3<\/li>\n<li><strong>Frakt till denna produkt \u00e4r 4-6\u00a0arbetsdagar direkt fr\u00e5n leverant\u00f6ren<\/strong><\/li>\n<\/ul>\n<p><strong>Tekniska Dokument:<\/strong><\/p>\n<p><a href=\"http:\/\/lamphallen.se\/images\/grand-300%20074-009-0300.pdf\">GRAND-300\u00a0DATASHEET<\/a><\/p>\n","protected":false},"excerpt":{"rendered":"<p>Funktioner: Soldriven str\u00e5lkastare \u2013 noll elkostnad. Designad med\u00a0PIR\u00a0sensor och\u00a0fj\u00e4rrkontroll med auto och timerfunktion. Induktionsl\u00e4ge: Ingen r\u00f6relse svagt ljus &#038; R\u00f6relseuppt\u00e4ckt starkt ljus. Mycket l\u00e4tt att installera (sladdl\u00f6s). Perfekt byggd f\u00f6r utomhusbruk med intr\u00e4ngningsskydd p\u00e5 IP65. Anv\u00e4ndning: L\u00e4mplig f\u00f6r stigar, tr\u00e4dg\u00e5rdar, uteplatser och liknande utomhusmilj\u00f6er. Tekniska\u00a0Information: LED Typ:\u00a0SMD LED Medellivsl\u00e4ngd: 50.000 tim. Effekt: 300W Sp\u00e4nning (V): 3\u00a0x 3.2V 5Ah Lithium Iron [&hellip;]<\/p>\n","protected":false},"featured_media":18568,"comment_status":"open","ping_status":"closed","template":"","meta":{"content-type":"","_joinchat":[]},"product_brand":[],"product_cat":[70],"product_tag":[],"berocket_brand":[35],"class_list":{"0":"post-18567","1":"product","2":"type-product","3":"status-publish","4":"has-post-thumbnail","6":"product_cat-solarlampor","7":"berocket_brand-horoz-elektrik","9":"first","10":"onbackorder","11":"sale","12":"taxable","13":"shipping-taxable","14":"purchasable","15":"product-type-simple"},"_links":{"self":[{"href":"https:\/\/lamphallen.se\/sv_se\/wp-json\/wp\/v2\/product\/18567","targetHints":{"allow":["GET"]}}],"collection":[{"href":"https:\/\/lamphallen.se\/sv_se\/wp-json\/wp\/v2\/product"}],"about":[{"href":"https:\/\/lamphallen.se\/sv_se\/wp-json\/wp\/v2\/types\/product"}],"replies":[{"embeddable":true,"href":"https:\/\/lamphallen.se\/sv_se\/wp-json\/wp\/v2\/comments?post=18567"}],"wp:featuredmedia":[{"embeddable":true,"href":"https:\/\/lamphallen.se\/sv_se\/wp-json\/wp\/v2\/media\/18568"}],"wp:attachment":[{"href":"https:\/\/lamphallen.se\/sv_se\/wp-json\/wp\/v2\/media?parent=18567"}],"wp:term":[{"taxonomy":"product_brand","embeddable":true,"href":"https:\/\/lamphallen.se\/sv_se\/wp-json\/wp\/v2\/product_brand?post=18567"},{"taxonomy":"product_cat","embeddable":true,"href":"https:\/\/lamphallen.se\/sv_se\/wp-json\/wp\/v2\/product_cat?post=18567"},{"taxonomy":"product_tag","embeddable":true,"href":"https:\/\/lamphallen.se\/sv_se\/wp-json\/wp\/v2\/product_tag?post=18567"},{"taxonomy":"berocket_brand","embeddable":true,"href":"https:\/\/lamphallen.se\/sv_se\/wp-json\/wp\/v2\/berocket_brand?post=18567"}],"curies":[{"name":"wp","href":"https:\/\/api.w.org\/{rel}","templated":true}]}}