{"id":18597,"date":"2024-07-15T17:59:31","date_gmt":"2024-07-15T21:59:31","guid":{"rendered":"https:\/\/lamphallen.se\/sv_se\/product\/led-downlight-10w-4200k-sandra-10\/"},"modified":"2024-11-16T15:36:08","modified_gmt":"2024-11-16T14:36:08","slug":"led-downlight-10w-4200k-sandra-10","status":"publish","type":"product","link":"https:\/\/lamphallen.se\/sv_se\/product\/led-downlight-10w-4200k-sandra-10\/","title":{"rendered":"LED Downlight 10W 4200K SANDRA-10"},"content":{"rendered":"<p>LED Typ:&nbsp;SMD LED<br \/>\nmedellivsl\u00e4ngd: 30.000 tim.<br \/>\nEffekt: 10W<br \/>\nMotsvarar: 80W<br \/>\nLumen: 700&nbsp;lm<br \/>\nLjustemperatur:&nbsp;4200K<br \/>\nLjus F\u00e4rg: varmvit<br \/>\nF\u00e4rg: Vit &#8211; Svart<br \/>\nDimbar: Nej<br \/>\nEnergiklass: A till&nbsp;A++<br \/>\nRa: &gt;Ra70<br \/>\nSp\u00e4nning: 220-240V<br \/>\nMaterial: Aluminium<\/p>\n<p><strong>Tekniska Dokument:<\/strong><\/p>\n<p><a href=\"http:\/\/www.lamphallen.se\/images\/datasheets\/SANDRA-10.pdf\">SANDRA-10 DATASHEET<\/a><\/p>\n","protected":false},"excerpt":{"rendered":"<p>LED Typ:&nbsp;SMD LED medellivsl\u00e4ngd: 30.000 tim. Effekt: 10W Motsvarar: 80W Lumen: 700&nbsp;lm Ljustemperatur:&nbsp;4200K Ljus F\u00e4rg: varmvit F\u00e4rg: Vit &#8211; Svart Dimbar: Nej Energiklass: A till&nbsp;A++ Ra: &gt;Ra70 Sp\u00e4nning: 220-240V Material: Aluminium Tekniska Dokument: SANDRA-10 DATASHEET<\/p>\n","protected":false},"featured_media":18598,"comment_status":"open","ping_status":"closed","template":"","meta":{"content-type":"","_joinchat":[]},"product_brand":[],"product_cat":[46],"product_tag":[],"berocket_brand":[35],"class_list":{"0":"post-18597","1":"product","2":"type-product","3":"status-publish","4":"has-post-thumbnail","6":"product_cat-led-downlights","7":"berocket_brand-horoz-elektrik","9":"first","10":"instock","11":"sale","12":"taxable","13":"shipping-taxable","14":"purchasable","15":"product-type-simple"},"_links":{"self":[{"href":"https:\/\/lamphallen.se\/sv_se\/wp-json\/wp\/v2\/product\/18597","targetHints":{"allow":["GET"]}}],"collection":[{"href":"https:\/\/lamphallen.se\/sv_se\/wp-json\/wp\/v2\/product"}],"about":[{"href":"https:\/\/lamphallen.se\/sv_se\/wp-json\/wp\/v2\/types\/product"}],"replies":[{"embeddable":true,"href":"https:\/\/lamphallen.se\/sv_se\/wp-json\/wp\/v2\/comments?post=18597"}],"wp:featuredmedia":[{"embeddable":true,"href":"https:\/\/lamphallen.se\/sv_se\/wp-json\/wp\/v2\/media\/18598"}],"wp:attachment":[{"href":"https:\/\/lamphallen.se\/sv_se\/wp-json\/wp\/v2\/media?parent=18597"}],"wp:term":[{"taxonomy":"product_brand","embeddable":true,"href":"https:\/\/lamphallen.se\/sv_se\/wp-json\/wp\/v2\/product_brand?post=18597"},{"taxonomy":"product_cat","embeddable":true,"href":"https:\/\/lamphallen.se\/sv_se\/wp-json\/wp\/v2\/product_cat?post=18597"},{"taxonomy":"product_tag","embeddable":true,"href":"https:\/\/lamphallen.se\/sv_se\/wp-json\/wp\/v2\/product_tag?post=18597"},{"taxonomy":"berocket_brand","embeddable":true,"href":"https:\/\/lamphallen.se\/sv_se\/wp-json\/wp\/v2\/berocket_brand?post=18597"}],"curies":[{"name":"wp","href":"https:\/\/api.w.org\/{rel}","templated":true}]}}