{"id":18703,"date":"2024-07-15T17:59:37","date_gmt":"2024-07-15T21:59:37","guid":{"rendered":"https:\/\/lamphallen.se\/sv_se\/product\/ventilation-flakt-40w-220-240v-27cm\/"},"modified":"2025-05-20T22:53:54","modified_gmt":"2025-05-20T20:53:54","slug":"ventilation-flakt-40w-220-240v-27cm","status":"publish","type":"product","link":"https:\/\/lamphallen.se\/sv_se\/product\/ventilation-flakt-40w-220-240v-27cm\/","title":{"rendered":"VENTILATION FL\u00c4KT 40W 220-240V 27CM"},"content":{"rendered":"<p>HL961<\/p>\n<p>SKU: EXHFAN-0961040200<\/p>\n<p>Luftfl\u00f6de: 780<\/p>\n<p>M\u00e5tt:&nbsp;&nbsp;27.5&#215;27.5&#215;12.5cm<\/p>\n<p>Hastighet: 1150<\/p>\n<p>sp\u00e4nning:&nbsp;220-240V \/ 50-60Hz<\/p>\n<p>vikt: 2.2 kg<\/p>\n<p>&nbsp;<\/p>\n","protected":false},"excerpt":{"rendered":"<p>HL961 SKU: EXHFAN-0961040200 Luftfl\u00f6de: 780 M\u00e5tt:&nbsp;&nbsp;27.5&#215;27.5&#215;12.5cm Hastighet: 1150 sp\u00e4nning:&nbsp;220-240V \/ 50-60Hz vikt: 2.2 kg &nbsp;<\/p>\n","protected":false},"featured_media":18704,"comment_status":"closed","ping_status":"closed","template":"","meta":{"content-type":"","_joinchat":[]},"product_brand":[],"product_cat":[82],"product_tag":[],"berocket_brand":[35],"class_list":{"0":"post-18703","1":"product","2":"type-product","3":"status-publish","4":"has-post-thumbnail","6":"product_cat-installation","7":"berocket_brand-horoz-elektrik","9":"first","10":"outofstock","11":"sale","12":"taxable","13":"shipping-taxable","14":"purchasable","15":"product-type-simple"},"_links":{"self":[{"href":"https:\/\/lamphallen.se\/sv_se\/wp-json\/wp\/v2\/product\/18703","targetHints":{"allow":["GET"]}}],"collection":[{"href":"https:\/\/lamphallen.se\/sv_se\/wp-json\/wp\/v2\/product"}],"about":[{"href":"https:\/\/lamphallen.se\/sv_se\/wp-json\/wp\/v2\/types\/product"}],"replies":[{"embeddable":true,"href":"https:\/\/lamphallen.se\/sv_se\/wp-json\/wp\/v2\/comments?post=18703"}],"wp:featuredmedia":[{"embeddable":true,"href":"https:\/\/lamphallen.se\/sv_se\/wp-json\/wp\/v2\/media\/18704"}],"wp:attachment":[{"href":"https:\/\/lamphallen.se\/sv_se\/wp-json\/wp\/v2\/media?parent=18703"}],"wp:term":[{"taxonomy":"product_brand","embeddable":true,"href":"https:\/\/lamphallen.se\/sv_se\/wp-json\/wp\/v2\/product_brand?post=18703"},{"taxonomy":"product_cat","embeddable":true,"href":"https:\/\/lamphallen.se\/sv_se\/wp-json\/wp\/v2\/product_cat?post=18703"},{"taxonomy":"product_tag","embeddable":true,"href":"https:\/\/lamphallen.se\/sv_se\/wp-json\/wp\/v2\/product_tag?post=18703"},{"taxonomy":"berocket_brand","embeddable":true,"href":"https:\/\/lamphallen.se\/sv_se\/wp-json\/wp\/v2\/berocket_brand?post=18703"}],"curies":[{"name":"wp","href":"https:\/\/api.w.org\/{rel}","templated":true}]}}