{"id":18748,"date":"2024-07-15T17:59:41","date_gmt":"2024-07-15T21:59:41","guid":{"rendered":"https:\/\/lamphallen.se\/sv_se\/product\/led-spotlight-8w-4200k-500lm-ip20-vit-tokyo\/"},"modified":"2024-07-23T09:14:13","modified_gmt":"2024-07-23T13:14:13","slug":"led-spotlight-8w-4200k-500lm-ip20-vit-tokyo","status":"publish","type":"product","link":"https:\/\/lamphallen.se\/sv_se\/product\/led-spotlight-8w-4200k-500lm-ip20-vit-tokyo\/","title":{"rendered":"LED SPOTLIGHT 8W 4200K 500LM IP20 VIT &#8211; TOKYO"},"content":{"rendered":"<p>LED Typ:\u00a0COB LED<br \/>\nmedellivsl\u00e4ngd: 40.000 tim.<br \/>\nF\u00e4rg: Vit<br \/>\nEffekt: 8W<br \/>\nMotsvarar: 64W<br \/>\nLumen: 500\u00a0lm<br \/>\nLjustemperatur:\u00a04200K<br \/>\nLjus F\u00e4rg: Kalvit<br \/>\nDimbar: Nej<br \/>\nEnergiklass: A till\u00a0A++<br \/>\nRa: >Ra70<br \/>\nSp\u00e4nning: 220-240V<br \/>\nMaterial: Aluminium<\/p>\n<p><strong>F\u00f6rv\u00e4ntas att skickas om 4 dagars om \u00e4r inte tillg\u00e4nglig i lager.<\/strong><\/p>\n<p><strong>Tekniska Dokument:<\/strong><\/p>\n<p><a href=\"http:\/\/www.lamphallen.se\/images\/datasheets\/TOKYO.pdf\">TOKYO DATASHEET<\/a><\/p>\n","protected":false},"excerpt":{"rendered":"<p>LED Typ:\u00a0COB LED medellivsl\u00e4ngd: 40.000 tim. F\u00e4rg: Vit Effekt: 8W Motsvarar: 64W Lumen: 500\u00a0lm Ljustemperatur:\u00a04200K Ljus F\u00e4rg: Kalvit Dimbar: Nej Energiklass: A till\u00a0A++ Ra: >Ra70 Sp\u00e4nning: 220-240V Material: Aluminium F\u00f6rv\u00e4ntas att skickas om 4 dagars om \u00e4r inte tillg\u00e4nglig i lager. Tekniska Dokument: TOKYO DATASHEET<\/p>\n","protected":false},"featured_media":18749,"comment_status":"open","ping_status":"closed","template":"","meta":{"content-type":"","_joinchat":[]},"product_brand":[],"product_cat":[53],"product_tag":[],"berocket_brand":[35],"class_list":{"0":"post-18748","1":"product","2":"type-product","3":"status-publish","4":"has-post-thumbnail","6":"product_cat-led-skensystem","7":"berocket_brand-horoz-elektrik","9":"first","10":"onbackorder","11":"sale","12":"taxable","13":"shipping-taxable","14":"purchasable","15":"product-type-simple"},"_links":{"self":[{"href":"https:\/\/lamphallen.se\/sv_se\/wp-json\/wp\/v2\/product\/18748","targetHints":{"allow":["GET"]}}],"collection":[{"href":"https:\/\/lamphallen.se\/sv_se\/wp-json\/wp\/v2\/product"}],"about":[{"href":"https:\/\/lamphallen.se\/sv_se\/wp-json\/wp\/v2\/types\/product"}],"replies":[{"embeddable":true,"href":"https:\/\/lamphallen.se\/sv_se\/wp-json\/wp\/v2\/comments?post=18748"}],"wp:featuredmedia":[{"embeddable":true,"href":"https:\/\/lamphallen.se\/sv_se\/wp-json\/wp\/v2\/media\/18749"}],"wp:attachment":[{"href":"https:\/\/lamphallen.se\/sv_se\/wp-json\/wp\/v2\/media?parent=18748"}],"wp:term":[{"taxonomy":"product_brand","embeddable":true,"href":"https:\/\/lamphallen.se\/sv_se\/wp-json\/wp\/v2\/product_brand?post=18748"},{"taxonomy":"product_cat","embeddable":true,"href":"https:\/\/lamphallen.se\/sv_se\/wp-json\/wp\/v2\/product_cat?post=18748"},{"taxonomy":"product_tag","embeddable":true,"href":"https:\/\/lamphallen.se\/sv_se\/wp-json\/wp\/v2\/product_tag?post=18748"},{"taxonomy":"berocket_brand","embeddable":true,"href":"https:\/\/lamphallen.se\/sv_se\/wp-json\/wp\/v2\/berocket_brand?post=18748"}],"curies":[{"name":"wp","href":"https:\/\/api.w.org\/{rel}","templated":true}]}}