{"id":18836,"date":"2024-07-15T18:00:17","date_gmt":"2024-07-15T22:00:17","guid":{"rendered":"https:\/\/lamphallen.se\/sv_se\/product\/1-8w-led-inground-inbyggda-lampor-ip67-220-240v-elmas\/"},"modified":"2024-07-15T18:00:17","modified_gmt":"2024-07-15T22:00:17","slug":"1-8w-led-inground-inbyggda-lampor-ip67-220-240v-elmas","status":"publish","type":"product","link":"https:\/\/lamphallen.se\/sv_se\/product\/1-8w-led-inground-inbyggda-lampor-ip67-220-240v-elmas\/","title":{"rendered":"1.8W LED INGROUND &amp; INBYGGDA LAMPOR IP67 220-240V &#8211; ELMAS"},"content":{"rendered":"<p>HL945L\u00a0<\/p>\n<p>Inbyggd LED Utomhusv\u00e4gglampa\u00a0med kvadratisk metallram.<\/p>\n<p>Den f\u00f6rsta tegelstenen som lyser! S\u00f6ml\u00f6st anpassar sig Profi LED v\u00e4gginbyggnadslampan i fasadens utseende och s\u00f6rjer f\u00f6r intressanta ljuseffekter. Den \u00e4r \u00e4ven b\u00e4st l\u00e4mpad till inbyggnad i trappsteg och g\u00f6r snubbelriskerna synliga d\u00e4r.\u00a0<br \/>\nF\u00f6rdelarna med s\u00e4kerheten: Skyddsklass IP54 f\u00f6r drift i alla v\u00e4der och praktiskt underh\u00e5llsfri genom den extremt l\u00e5nga livsl\u00e4ngden p\u00e5 LED-ljusk\u00e4llan (50.000 drifttimmar).\u00a0<\/p>\n<p>Lamp\u00a0Typ:\u00a0V\u00e4ggspotlight.<br \/>\nLED Typ:\u00a0SMD LED<br \/>\nmedellivsl\u00e4ngd: 50.000 tim.<br \/>\nEffekt: 1.8W<br \/>\nLumen: 98\u00a0lm<br \/>\nLjustemperatur:\u00a06400K \u2013 Bl\u00e5<br \/>\nLjus F\u00e4rg: Vit \u2013 Bl\u00e5<br \/>\nDimbar: Nej<br \/>\nEnergiklass: A till\u00a0A++<br \/>\nSp\u00e4nning: 220-240V \/ 50-60Hz<br \/>\nMaterial: Aluminium + Rostfritt st\u00e5l<br \/>\nSkyddsklass: IP67<\/p>\n<p><a href=\"http:\/\/www.lamphallen.se\/images\/datasheets\/elmas%20079-005-0002.pdf\">ELMAS DATASHEET<\/a><\/p>\n","protected":false},"excerpt":{"rendered":"<p>HL945L\u00a0 Inbyggd LED Utomhusv\u00e4gglampa\u00a0med kvadratisk metallram. Den f\u00f6rsta tegelstenen som lyser! S\u00f6ml\u00f6st anpassar sig Profi LED v\u00e4gginbyggnadslampan i fasadens utseende och s\u00f6rjer f\u00f6r intressanta ljuseffekter. Den \u00e4r \u00e4ven b\u00e4st l\u00e4mpad till inbyggnad i trappsteg och g\u00f6r snubbelriskerna synliga d\u00e4r.\u00a0 F\u00f6rdelarna med s\u00e4kerheten: Skyddsklass IP54 f\u00f6r drift i alla v\u00e4der och praktiskt underh\u00e5llsfri genom den extremt l\u00e5nga livsl\u00e4ngden p\u00e5 LED-ljusk\u00e4llan (50.000 [&hellip;]<\/p>\n","protected":false},"featured_media":18837,"comment_status":"closed","ping_status":"closed","template":"","meta":{"content-type":"","_joinchat":[]},"product_brand":[],"product_cat":[66],"product_tag":[],"berocket_brand":[35],"class_list":{"0":"post-18836","1":"product","2":"type-product","3":"status-publish","4":"has-post-thumbnail","6":"product_cat-inground-inbyggda-lampor","7":"berocket_brand-horoz-elektrik","9":"first","10":"instock","11":"sale","12":"taxable","13":"shipping-taxable","14":"purchasable","15":"product-type-simple"},"_links":{"self":[{"href":"https:\/\/lamphallen.se\/sv_se\/wp-json\/wp\/v2\/product\/18836","targetHints":{"allow":["GET"]}}],"collection":[{"href":"https:\/\/lamphallen.se\/sv_se\/wp-json\/wp\/v2\/product"}],"about":[{"href":"https:\/\/lamphallen.se\/sv_se\/wp-json\/wp\/v2\/types\/product"}],"replies":[{"embeddable":true,"href":"https:\/\/lamphallen.se\/sv_se\/wp-json\/wp\/v2\/comments?post=18836"}],"wp:featuredmedia":[{"embeddable":true,"href":"https:\/\/lamphallen.se\/sv_se\/wp-json\/wp\/v2\/media\/18837"}],"wp:attachment":[{"href":"https:\/\/lamphallen.se\/sv_se\/wp-json\/wp\/v2\/media?parent=18836"}],"wp:term":[{"taxonomy":"product_brand","embeddable":true,"href":"https:\/\/lamphallen.se\/sv_se\/wp-json\/wp\/v2\/product_brand?post=18836"},{"taxonomy":"product_cat","embeddable":true,"href":"https:\/\/lamphallen.se\/sv_se\/wp-json\/wp\/v2\/product_cat?post=18836"},{"taxonomy":"product_tag","embeddable":true,"href":"https:\/\/lamphallen.se\/sv_se\/wp-json\/wp\/v2\/product_tag?post=18836"},{"taxonomy":"berocket_brand","embeddable":true,"href":"https:\/\/lamphallen.se\/sv_se\/wp-json\/wp\/v2\/berocket_brand?post=18836"}],"curies":[{"name":"wp","href":"https:\/\/api.w.org\/{rel}","templated":true}]}}