{"id":18940,"date":"2024-07-15T18:00:25","date_gmt":"2024-07-15T22:00:25","guid":{"rendered":"https:\/\/lamphallen.se\/sv_se\/product\/led-kapsul-g4-3w-varmvit-220-240v-2700k-827-micro-3\/"},"modified":"2025-10-26T11:52:52","modified_gmt":"2025-10-26T10:52:52","slug":"led-kapsul-g4-3w-varmvit-220-240v-2700k-827-micro-3","status":"publish","type":"product","link":"https:\/\/lamphallen.se\/sv_se\/product\/led-kapsul-g4-3w-varmvit-220-240v-2700k-827-micro-3\/","title":{"rendered":"LED Kapsul G4 3W VARMVIT 220-240V 2700K 827 MICRO-3"},"content":{"rendered":"<p>HL456L<\/p>\n<p>LED Typ:&nbsp;SMD LED<br \/>\nmedellivsl\u00e4ngd: 20.000 tim.<br \/>\nEffekt: 3W<br \/>\nMotsvarar: 24W<br \/>\nLumen: 150&nbsp;lm<br \/>\nSockel: G4<br \/>\nF\u00e4rg: Kisel<br \/>\nLjustemperatur: 2700K<br \/>\nLjus F\u00e4rg: VARMVIT<br \/>\nDimbar: Nej<br \/>\nEnergiklass: A+<br \/>\nRa: &gt;Ra70<br \/>\nSp\u00e4nning: 220-240V<br \/>\nMaterial:&nbsp;Kisel<\/p>\n<p><strong>Tekniska Dokument:<\/strong><\/p>\n<p><a href=\"http:\/\/www.lamphallen.se\/images\/datasheets\/MICRO-3%20001-010-0003.pdf\">MICRO-3 DATASHEET<\/a><\/p>\n","protected":false},"excerpt":{"rendered":"<p>HL456L LED Typ:&nbsp;SMD LED medellivsl\u00e4ngd: 20.000 tim. Effekt: 3W Motsvarar: 24W Lumen: 150&nbsp;lm Sockel: G4 F\u00e4rg: Kisel Ljustemperatur: 2700K Ljus F\u00e4rg: VARMVIT Dimbar: Nej Energiklass: A+ Ra: &gt;Ra70 Sp\u00e4nning: 220-240V Material:&nbsp;Kisel Tekniska Dokument: MICRO-3 DATASHEET<\/p>\n","protected":false},"featured_media":18941,"comment_status":"closed","ping_status":"closed","template":"","meta":{"content-type":"","_joinchat":[]},"product_brand":[],"product_cat":[42],"product_tag":[],"berocket_brand":[35],"class_list":{"0":"post-18940","1":"product","2":"type-product","3":"status-publish","4":"has-post-thumbnail","6":"product_cat-led-kapsules","7":"berocket_brand-horoz-elektrik","9":"first","10":"instock","11":"sale","12":"taxable","13":"shipping-taxable","14":"purchasable","15":"product-type-simple"},"_links":{"self":[{"href":"https:\/\/lamphallen.se\/sv_se\/wp-json\/wp\/v2\/product\/18940","targetHints":{"allow":["GET"]}}],"collection":[{"href":"https:\/\/lamphallen.se\/sv_se\/wp-json\/wp\/v2\/product"}],"about":[{"href":"https:\/\/lamphallen.se\/sv_se\/wp-json\/wp\/v2\/types\/product"}],"replies":[{"embeddable":true,"href":"https:\/\/lamphallen.se\/sv_se\/wp-json\/wp\/v2\/comments?post=18940"}],"wp:featuredmedia":[{"embeddable":true,"href":"https:\/\/lamphallen.se\/sv_se\/wp-json\/wp\/v2\/media\/18941"}],"wp:attachment":[{"href":"https:\/\/lamphallen.se\/sv_se\/wp-json\/wp\/v2\/media?parent=18940"}],"wp:term":[{"taxonomy":"product_brand","embeddable":true,"href":"https:\/\/lamphallen.se\/sv_se\/wp-json\/wp\/v2\/product_brand?post=18940"},{"taxonomy":"product_cat","embeddable":true,"href":"https:\/\/lamphallen.se\/sv_se\/wp-json\/wp\/v2\/product_cat?post=18940"},{"taxonomy":"product_tag","embeddable":true,"href":"https:\/\/lamphallen.se\/sv_se\/wp-json\/wp\/v2\/product_tag?post=18940"},{"taxonomy":"berocket_brand","embeddable":true,"href":"https:\/\/lamphallen.se\/sv_se\/wp-json\/wp\/v2\/berocket_brand?post=18940"}],"curies":[{"name":"wp","href":"https:\/\/api.w.org\/{rel}","templated":true}]}}