{"id":18948,"date":"2024-07-15T18:00:26","date_gmt":"2024-07-15T22:00:26","guid":{"rendered":"https:\/\/lamphallen.se\/sv_se\/product\/g4-3w-220-240v-dimbar-led-kapsul-vit-6400k-piko-3\/"},"modified":"2025-04-13T18:56:27","modified_gmt":"2025-04-13T16:56:27","slug":"g4-3w-220-240v-dimbar-led-kapsul-vit-6400k-piko-3","status":"publish","type":"product","link":"https:\/\/lamphallen.se\/sv_se\/product\/g4-3w-220-240v-dimbar-led-kapsul-vit-6400k-piko-3\/","title":{"rendered":"G4 3W 220-240V DIMBAR LED KAPSUL VIT 6400K PIKO-3"},"content":{"rendered":"<p>HL451L<\/p>\n<p>LED Typ:&nbsp;POWER LED<br \/>\nmedellivsl\u00e4ngd: 25.000 tim.<br \/>\nEffekt: 3W<br \/>\nMotsvarar: 24W<br \/>\nLumen: 210 lm<br \/>\nSockel: G4<br \/>\nLjustemperatur: 6400K<br \/>\nLjus F\u00e4rg: Dagsljus<br \/>\n<strong>Dimbar<\/strong>: JA<br \/>\nEnergiklass: A+<br \/>\nRa: &gt;Ra70<br \/>\nSp\u00e4nning: 220-240V<br \/>\nMaterial:&nbsp;Plastic<\/p>\n<p><strong>Tekniska Dokument:<\/strong><\/p>\n<p><a href=\"http:\/\/www.lamphallen.se\/images\/datasheets\/PIKO-3%20001-007-0003.pdf\">PIKO-3 DATASHEET<\/a><\/p>\n","protected":false},"excerpt":{"rendered":"<p>HL451L LED Typ:&nbsp;POWER LED medellivsl\u00e4ngd: 25.000 tim. Effekt: 3W Motsvarar: 24W Lumen: 210 lm Sockel: G4 Ljustemperatur: 6400K Ljus F\u00e4rg: Dagsljus Dimbar: JA Energiklass: A+ Ra: &gt;Ra70 Sp\u00e4nning: 220-240V Material:&nbsp;Plastic Tekniska Dokument: PIKO-3 DATASHEET<\/p>\n","protected":false},"featured_media":18949,"comment_status":"open","ping_status":"closed","template":"","meta":{"content-type":"","_joinchat":[]},"product_brand":[],"product_cat":[42],"product_tag":[],"berocket_brand":[35],"class_list":{"0":"post-18948","1":"product","2":"type-product","3":"status-publish","4":"has-post-thumbnail","6":"product_cat-led-kapsules","7":"berocket_brand-horoz-elektrik","9":"first","10":"instock","11":"sale","12":"taxable","13":"shipping-taxable","14":"purchasable","15":"product-type-simple"},"_links":{"self":[{"href":"https:\/\/lamphallen.se\/sv_se\/wp-json\/wp\/v2\/product\/18948","targetHints":{"allow":["GET"]}}],"collection":[{"href":"https:\/\/lamphallen.se\/sv_se\/wp-json\/wp\/v2\/product"}],"about":[{"href":"https:\/\/lamphallen.se\/sv_se\/wp-json\/wp\/v2\/types\/product"}],"replies":[{"embeddable":true,"href":"https:\/\/lamphallen.se\/sv_se\/wp-json\/wp\/v2\/comments?post=18948"}],"wp:featuredmedia":[{"embeddable":true,"href":"https:\/\/lamphallen.se\/sv_se\/wp-json\/wp\/v2\/media\/18949"}],"wp:attachment":[{"href":"https:\/\/lamphallen.se\/sv_se\/wp-json\/wp\/v2\/media?parent=18948"}],"wp:term":[{"taxonomy":"product_brand","embeddable":true,"href":"https:\/\/lamphallen.se\/sv_se\/wp-json\/wp\/v2\/product_brand?post=18948"},{"taxonomy":"product_cat","embeddable":true,"href":"https:\/\/lamphallen.se\/sv_se\/wp-json\/wp\/v2\/product_cat?post=18948"},{"taxonomy":"product_tag","embeddable":true,"href":"https:\/\/lamphallen.se\/sv_se\/wp-json\/wp\/v2\/product_tag?post=18948"},{"taxonomy":"berocket_brand","embeddable":true,"href":"https:\/\/lamphallen.se\/sv_se\/wp-json\/wp\/v2\/berocket_brand?post=18948"}],"curies":[{"name":"wp","href":"https:\/\/api.w.org\/{rel}","templated":true}]}}