{"id":19031,"date":"2024-07-15T18:00:32","date_gmt":"2024-07-15T22:00:32","guid":{"rendered":"https:\/\/lamphallen.se\/sv_se\/product\/led-spotlight-3w-cob-downlight-white-2700k-sara\/"},"modified":"2025-12-31T12:33:42","modified_gmt":"2025-12-31T11:33:42","slug":"led-spotlight-3w-cob-downlight-white-2700k-sara","status":"publish","type":"product","link":"https:\/\/lamphallen.se\/sv_se\/product\/led-spotlight-3w-cob-downlight-white-2700k-sara\/","title":{"rendered":"LED-SPOTLIGHT 3W COB DOWNLIGHT WHITE 2700K &#8211; SARA"},"content":{"rendered":"<p>HL6731<\/p>\n<p>LED Typ: COB&nbsp;LED<br \/>\nmedellivsl\u00e4ngd: 40.000 tim.<br \/>\nEffekt: 3W<br \/>\nMotsvarar: 24W<br \/>\nLumen: 200&nbsp;lm<br \/>\nLjustemperatur: 2700K<br \/>\nLjus F\u00e4rg: Varmvit<br \/>\nDimbar: Nej<br \/>\nEnergiklass: A till&nbsp;A++<br \/>\nRa: &gt;Ra80<br \/>\nSp\u00e4nning: 220-240V<br \/>\nMaterial: Aluminium<\/p>\n<p><strong>Tekniska Dokument:<\/strong><\/p>\n<p><a href=\"http:\/\/www.lamphallen.se\/images\/datasheets\/SARA.pdf\">SARA DATASHEET<\/a><\/p>\n","protected":false},"excerpt":{"rendered":"<p>HL6731 LED Typ: COB&nbsp;LED medellivsl\u00e4ngd: 40.000 tim. Effekt: 3W Motsvarar: 24W Lumen: 200&nbsp;lm Ljustemperatur: 2700K Ljus F\u00e4rg: Varmvit Dimbar: Nej Energiklass: A till&nbsp;A++ Ra: &gt;Ra80 Sp\u00e4nning: 220-240V Material: Aluminium Tekniska Dokument: SARA DATASHEET<\/p>\n","protected":false},"featured_media":19032,"comment_status":"open","ping_status":"closed","template":"","meta":{"content-type":"","_joinchat":[]},"product_brand":[],"product_cat":[89],"product_tag":[],"berocket_brand":[35],"class_list":{"0":"post-19031","1":"product","2":"type-product","3":"status-publish","4":"has-post-thumbnail","6":"product_cat-led-spotlight","7":"berocket_brand-horoz-elektrik","9":"first","10":"instock","11":"sale","12":"taxable","13":"shipping-taxable","14":"purchasable","15":"product-type-simple"},"_links":{"self":[{"href":"https:\/\/lamphallen.se\/sv_se\/wp-json\/wp\/v2\/product\/19031","targetHints":{"allow":["GET"]}}],"collection":[{"href":"https:\/\/lamphallen.se\/sv_se\/wp-json\/wp\/v2\/product"}],"about":[{"href":"https:\/\/lamphallen.se\/sv_se\/wp-json\/wp\/v2\/types\/product"}],"replies":[{"embeddable":true,"href":"https:\/\/lamphallen.se\/sv_se\/wp-json\/wp\/v2\/comments?post=19031"}],"wp:featuredmedia":[{"embeddable":true,"href":"https:\/\/lamphallen.se\/sv_se\/wp-json\/wp\/v2\/media\/19032"}],"wp:attachment":[{"href":"https:\/\/lamphallen.se\/sv_se\/wp-json\/wp\/v2\/media?parent=19031"}],"wp:term":[{"taxonomy":"product_brand","embeddable":true,"href":"https:\/\/lamphallen.se\/sv_se\/wp-json\/wp\/v2\/product_brand?post=19031"},{"taxonomy":"product_cat","embeddable":true,"href":"https:\/\/lamphallen.se\/sv_se\/wp-json\/wp\/v2\/product_cat?post=19031"},{"taxonomy":"product_tag","embeddable":true,"href":"https:\/\/lamphallen.se\/sv_se\/wp-json\/wp\/v2\/product_tag?post=19031"},{"taxonomy":"berocket_brand","embeddable":true,"href":"https:\/\/lamphallen.se\/sv_se\/wp-json\/wp\/v2\/berocket_brand?post=19031"}],"curies":[{"name":"wp","href":"https:\/\/api.w.org\/{rel}","templated":true}]}}