{"id":19042,"date":"2024-07-15T18:00:33","date_gmt":"2024-07-15T22:00:33","guid":{"rendered":"https:\/\/lamphallen.se\/sv_se\/product\/lamphallare-e27-vit-sockel-med-kabel\/"},"modified":"2025-10-26T21:42:32","modified_gmt":"2025-10-26T20:42:32","slug":"lamphallare-e27-vit-sockel-med-kabel","status":"publish","type":"product","link":"https:\/\/lamphallen.se\/sv_se\/product\/lamphallare-e27-vit-sockel-med-kabel\/","title":{"rendered":"LAMPH\u00c5LLARE E27 VIT SOCKEL MED KABEL"},"content":{"rendered":"<p>Ojordat sladdst\u00e4ll med lamppropp och skalad \u00e4nde.<\/p>\n<p>Sp\u00e4nning: 230\u00a0V<\/p>\n<p>F\u00e4rg: Vit<\/p>\n<p>Kabell\u00e4ngd: 12 cm<\/p>\n","protected":false},"excerpt":{"rendered":"<p>Ojordat sladdst\u00e4ll med lamppropp och skalad \u00e4nde. Sp\u00e4nning: 230\u00a0V F\u00e4rg: Vit Kabell\u00e4ngd: 12 cm<\/p>\n","protected":false},"featured_media":19043,"comment_status":"open","ping_status":"closed","template":"","meta":{"content-type":"","_joinchat":[]},"product_brand":[],"product_cat":[81],"product_tag":[],"berocket_brand":[35],"class_list":{"0":"post-19042","1":"product","2":"type-product","3":"status-publish","4":"has-post-thumbnail","6":"product_cat-tillbehor","7":"berocket_brand-horoz-elektrik","9":"first","10":"instock","11":"sale","12":"taxable","13":"shipping-taxable","14":"purchasable","15":"product-type-simple"},"_links":{"self":[{"href":"https:\/\/lamphallen.se\/sv_se\/wp-json\/wp\/v2\/product\/19042","targetHints":{"allow":["GET"]}}],"collection":[{"href":"https:\/\/lamphallen.se\/sv_se\/wp-json\/wp\/v2\/product"}],"about":[{"href":"https:\/\/lamphallen.se\/sv_se\/wp-json\/wp\/v2\/types\/product"}],"replies":[{"embeddable":true,"href":"https:\/\/lamphallen.se\/sv_se\/wp-json\/wp\/v2\/comments?post=19042"}],"wp:featuredmedia":[{"embeddable":true,"href":"https:\/\/lamphallen.se\/sv_se\/wp-json\/wp\/v2\/media\/19043"}],"wp:attachment":[{"href":"https:\/\/lamphallen.se\/sv_se\/wp-json\/wp\/v2\/media?parent=19042"}],"wp:term":[{"taxonomy":"product_brand","embeddable":true,"href":"https:\/\/lamphallen.se\/sv_se\/wp-json\/wp\/v2\/product_brand?post=19042"},{"taxonomy":"product_cat","embeddable":true,"href":"https:\/\/lamphallen.se\/sv_se\/wp-json\/wp\/v2\/product_cat?post=19042"},{"taxonomy":"product_tag","embeddable":true,"href":"https:\/\/lamphallen.se\/sv_se\/wp-json\/wp\/v2\/product_tag?post=19042"},{"taxonomy":"berocket_brand","embeddable":true,"href":"https:\/\/lamphallen.se\/sv_se\/wp-json\/wp\/v2\/berocket_brand?post=19042"}],"curies":[{"name":"wp","href":"https:\/\/api.w.org\/{rel}","templated":true}]}}