{"id":19108,"date":"2024-07-15T18:00:38","date_gmt":"2024-07-15T22:00:38","guid":{"rendered":"https:\/\/lamphallen.se\/sv_se\/product\/2w-led-inground-inbyggda-lamp-vattentat-ip65-220-240v-incir\/"},"modified":"2024-07-23T08:47:56","modified_gmt":"2024-07-23T12:47:56","slug":"2w-led-inground-inbyggda-lamp-vattentat-ip65-220-240v-incir","status":"publish","type":"product","link":"https:\/\/lamphallen.se\/sv_se\/product\/2w-led-inground-inbyggda-lamp-vattentat-ip65-220-240v-incir\/","title":{"rendered":"2W LED INGROUND &amp; INBYGGDA LAMP VATTENT\u00c4T IP65 220-240V &#8211; INCIR"},"content":{"rendered":"<p>Inbyggd LED Utomhusv\u00e4gglampa\u00a0med kvadratisk ram.<\/p>\n<p>Den f\u00f6rsta tegelstenen som lyser! S\u00f6ml\u00f6st anpassar sig Profi LED v\u00e4gginbyggnadslampan i fasadens utseende och s\u00f6rjer f\u00f6r intressanta ljuseffekter. Den \u00e4r \u00e4ven b\u00e4st l\u00e4mpad till inbyggnad i trappsteg och g\u00f6r snubbelriskerna synliga d\u00e4r.\u00a0<br \/>\nF\u00f6rdelarna med s\u00e4kerheten: Skyddsklass IP65\u00a0f\u00f6r drift i alla v\u00e4der och praktiskt underh\u00e5llsfri genom den extremt l\u00e5nga livsl\u00e4ngden p\u00e5 LED-ljusk\u00e4llan (30.000 drifttimmar).\u00a0<\/p>\n<p>Lamp\u00a0Typ:\u00a0V\u00e4ggspotlight.<br \/>\nLED Typ:\u00a0SMD LED<br \/>\nmedellivsl\u00e4ngd: 30.000 tim.<br \/>\nEffekt: 2W<br \/>\nLumen: 110\u00a0lm<br \/>\nLjustemperatur:\u00a04200K<br \/>\nLjus F\u00e4rg: KALLVit<br \/>\nDimbar: Nej<br \/>\nEnergiklass: A till\u00a0A++<br \/>\nSp\u00e4nning: 100-240V \/ 50-60Hz<br \/>\nMaterial: ABS<br \/>\nSkyddsklass: IP65<\/p>\n<p><a href=\"http:\/\/www.horozelektrik.com\/content\/doc\/076-015-0002pdf-7-292-636468659472923254-.pdf\">\u0130NC\u0130R DATASHEET<\/a><\/p>\n","protected":false},"excerpt":{"rendered":"<p>Inbyggd LED Utomhusv\u00e4gglampa\u00a0med kvadratisk ram. Den f\u00f6rsta tegelstenen som lyser! S\u00f6ml\u00f6st anpassar sig Profi LED v\u00e4gginbyggnadslampan i fasadens utseende och s\u00f6rjer f\u00f6r intressanta ljuseffekter. Den \u00e4r \u00e4ven b\u00e4st l\u00e4mpad till inbyggnad i trappsteg och g\u00f6r snubbelriskerna synliga d\u00e4r.\u00a0 F\u00f6rdelarna med s\u00e4kerheten: Skyddsklass IP65\u00a0f\u00f6r drift i alla v\u00e4der och praktiskt underh\u00e5llsfri genom den extremt l\u00e5nga livsl\u00e4ngden p\u00e5 LED-ljusk\u00e4llan (30.000 drifttimmar).\u00a0 Lamp\u00a0Typ:\u00a0V\u00e4ggspotlight. [&hellip;]<\/p>\n","protected":false},"featured_media":19109,"comment_status":"open","ping_status":"closed","template":"","meta":{"content-type":"","_joinchat":[]},"product_brand":[],"product_cat":[71],"product_tag":[],"berocket_brand":[35],"class_list":{"0":"post-19108","1":"product","2":"type-product","3":"status-publish","4":"has-post-thumbnail","6":"product_cat-tradgardslampor","7":"berocket_brand-horoz-elektrik","9":"first","10":"onbackorder","11":"sale","12":"taxable","13":"shipping-taxable","14":"purchasable","15":"product-type-simple"},"_links":{"self":[{"href":"https:\/\/lamphallen.se\/sv_se\/wp-json\/wp\/v2\/product\/19108","targetHints":{"allow":["GET"]}}],"collection":[{"href":"https:\/\/lamphallen.se\/sv_se\/wp-json\/wp\/v2\/product"}],"about":[{"href":"https:\/\/lamphallen.se\/sv_se\/wp-json\/wp\/v2\/types\/product"}],"replies":[{"embeddable":true,"href":"https:\/\/lamphallen.se\/sv_se\/wp-json\/wp\/v2\/comments?post=19108"}],"wp:featuredmedia":[{"embeddable":true,"href":"https:\/\/lamphallen.se\/sv_se\/wp-json\/wp\/v2\/media\/19109"}],"wp:attachment":[{"href":"https:\/\/lamphallen.se\/sv_se\/wp-json\/wp\/v2\/media?parent=19108"}],"wp:term":[{"taxonomy":"product_brand","embeddable":true,"href":"https:\/\/lamphallen.se\/sv_se\/wp-json\/wp\/v2\/product_brand?post=19108"},{"taxonomy":"product_cat","embeddable":true,"href":"https:\/\/lamphallen.se\/sv_se\/wp-json\/wp\/v2\/product_cat?post=19108"},{"taxonomy":"product_tag","embeddable":true,"href":"https:\/\/lamphallen.se\/sv_se\/wp-json\/wp\/v2\/product_tag?post=19108"},{"taxonomy":"berocket_brand","embeddable":true,"href":"https:\/\/lamphallen.se\/sv_se\/wp-json\/wp\/v2\/berocket_brand?post=19108"}],"curies":[{"name":"wp","href":"https:\/\/api.w.org\/{rel}","templated":true}]}}