{"id":19117,"date":"2024-07-15T18:00:39","date_gmt":"2024-07-15T22:00:39","guid":{"rendered":"https:\/\/lamphallen.se\/sv_se\/product\/tradgards-lampa-vattentat-ip44-palmiye-4\/"},"modified":"2025-05-13T19:56:39","modified_gmt":"2025-05-13T17:56:39","slug":"tradgards-lampa-vattentat-ip44-palmiye-4","status":"publish","type":"product","link":"https:\/\/lamphallen.se\/sv_se\/product\/tradgards-lampa-vattentat-ip44-palmiye-4\/","title":{"rendered":"TR\u00c4DG\u00c5RDS LAMPA VATTENT\u00c4T IP44 &#8211; PALMIYE-4"},"content":{"rendered":"<p>HL298<\/p>\n<p>F\u00e4rg: svart<br \/>\nEffekt: MAX 100W<br \/>\nDiffuser: PC<br \/>\nSKYDDSKLASS: IP44<br \/>\nLamp Holder: E27<br \/>\nSp\u00e4nning: 220-240V<br \/>\nMaterial: Stainless Steel & Galvanized Steel<\/p>\n<p>Tekniska Dokument:<\/p>\n<p><a href=\"http:\/\/www.horozelektrik.com\/content\/doc\/075-001-000420hl298pdf-40-287-636468637602874530-.pdf\">PALM\u0130YE-4 DATASHEET<\/a><\/p>\n","protected":false},"excerpt":{"rendered":"<p>HL298 F\u00e4rg: svart Effekt: MAX 100W Diffuser: PC SKYDDSKLASS: IP44 Lamp Holder: E27 Sp\u00e4nning: 220-240V Material: Stainless Steel &#038; Galvanized Steel Tekniska Dokument: PALM\u0130YE-4 DATASHEET<\/p>\n","protected":false},"featured_media":19118,"comment_status":"open","ping_status":"closed","template":"","meta":{"content-type":"","_joinchat":[]},"product_brand":[],"product_cat":[71],"product_tag":[],"berocket_brand":[35],"class_list":{"0":"post-19117","1":"product","2":"type-product","3":"status-publish","4":"has-post-thumbnail","6":"product_cat-tradgardslampor","7":"berocket_brand-horoz-elektrik","9":"first","10":"onbackorder","11":"sale","12":"taxable","13":"shipping-taxable","14":"purchasable","15":"product-type-simple"},"_links":{"self":[{"href":"https:\/\/lamphallen.se\/sv_se\/wp-json\/wp\/v2\/product\/19117","targetHints":{"allow":["GET"]}}],"collection":[{"href":"https:\/\/lamphallen.se\/sv_se\/wp-json\/wp\/v2\/product"}],"about":[{"href":"https:\/\/lamphallen.se\/sv_se\/wp-json\/wp\/v2\/types\/product"}],"replies":[{"embeddable":true,"href":"https:\/\/lamphallen.se\/sv_se\/wp-json\/wp\/v2\/comments?post=19117"}],"wp:featuredmedia":[{"embeddable":true,"href":"https:\/\/lamphallen.se\/sv_se\/wp-json\/wp\/v2\/media\/19118"}],"wp:attachment":[{"href":"https:\/\/lamphallen.se\/sv_se\/wp-json\/wp\/v2\/media?parent=19117"}],"wp:term":[{"taxonomy":"product_brand","embeddable":true,"href":"https:\/\/lamphallen.se\/sv_se\/wp-json\/wp\/v2\/product_brand?post=19117"},{"taxonomy":"product_cat","embeddable":true,"href":"https:\/\/lamphallen.se\/sv_se\/wp-json\/wp\/v2\/product_cat?post=19117"},{"taxonomy":"product_tag","embeddable":true,"href":"https:\/\/lamphallen.se\/sv_se\/wp-json\/wp\/v2\/product_tag?post=19117"},{"taxonomy":"berocket_brand","embeddable":true,"href":"https:\/\/lamphallen.se\/sv_se\/wp-json\/wp\/v2\/berocket_brand?post=19117"}],"curies":[{"name":"wp","href":"https:\/\/api.w.org\/{rel}","templated":true}]}}