{"id":19136,"date":"2024-07-15T18:09:05","date_gmt":"2024-07-15T22:09:05","guid":{"rendered":"https:\/\/lamphallen.se\/sv_se\/product\/12w-led-tradgard-vagglampor-ip65-220-240v-ilgin\/"},"modified":"2024-07-23T08:46:01","modified_gmt":"2024-07-23T12:46:01","slug":"12w-led-tradgard-vagglampor-ip65-220-240v-ilgin","status":"publish","type":"product","link":"https:\/\/lamphallen.se\/sv_se\/product\/12w-led-tradgard-vagglampor-ip65-220-240v-ilgin\/","title":{"rendered":"12W LED TR\u00c4DG\u00c5RD V\u00c4GGLAMPOR IP65 220-240V &#8211; ILGIN"},"content":{"rendered":"<p>Inbyggd LED Utomhusv\u00e4gglampa&nbsp;med REKTANGUL\u00c4R ram.<\/p>\n<p>Den f\u00f6rsta tegelstenen som lyser! S\u00f6ml\u00f6st anpassar sig Profi LED v\u00e4gginbyggnadslampan i fasadens utseende och s\u00f6rjer f\u00f6r intressanta ljuseffekter. Den \u00e4r \u00e4ven b\u00e4st l\u00e4mpad till inbyggnad i trappsteg och g\u00f6r snubbelriskerna synliga d\u00e4r.&nbsp;<br \/>\nF\u00f6rdelarna med s\u00e4kerheten: Skyddsklass IP65&nbsp;f\u00f6r drift i alla v\u00e4der och praktiskt underh\u00e5llsfri genom den extremt l\u00e5nga livsl\u00e4ngden p\u00e5 LED-ljusk\u00e4llan (30.000 drifttimmar).&nbsp;<\/p>\n<p>Lamp&nbsp;Typ:&nbsp;V\u00e4ggspotlight.<br \/>\nLED Typ:&nbsp;SMD LED<br \/>\nmedellivsl\u00e4ngd: 30.000 tim.<br \/>\nEffekt: 12W<br \/>\nLumen: 480&nbsp;lm<br \/>\nLjustemperatur:&nbsp;4200K<br \/>\nLjus F\u00e4rg: KALLVit<br \/>\nDimbar: Nej<br \/>\nEnergiklass: A till&nbsp;A++<br \/>\nSp\u00e4nning: 100-240V \/ 50-60Hz<br \/>\nMaterial: ABS<br \/>\nSkyddsklass: IP65<\/p>\n<p><a href=\"http:\/\/www.horozelektrik.com\/content\/doc\/076-029-0012pdf-4-931-636601620649318177-.pdf\">ILGIN&nbsp;DATASHEET<\/a><\/p>\n","protected":false},"excerpt":{"rendered":"<p>Inbyggd LED Utomhusv\u00e4gglampa&nbsp;med REKTANGUL\u00c4R ram. Den f\u00f6rsta tegelstenen som lyser! S\u00f6ml\u00f6st anpassar sig Profi LED v\u00e4gginbyggnadslampan i fasadens utseende och s\u00f6rjer f\u00f6r intressanta ljuseffekter. Den \u00e4r \u00e4ven b\u00e4st l\u00e4mpad till inbyggnad i trappsteg och g\u00f6r snubbelriskerna synliga d\u00e4r.&nbsp; F\u00f6rdelarna med s\u00e4kerheten: Skyddsklass IP65&nbsp;f\u00f6r drift i alla v\u00e4der och praktiskt underh\u00e5llsfri genom den extremt l\u00e5nga livsl\u00e4ngden p\u00e5 LED-ljusk\u00e4llan (30.000 drifttimmar).&nbsp; Lamp&nbsp;Typ:&nbsp;V\u00e4ggspotlight. [&hellip;]<\/p>\n","protected":false},"featured_media":19137,"comment_status":"open","ping_status":"closed","template":"","meta":{"content-type":"","_joinchat":[]},"product_brand":[],"product_cat":[71],"product_tag":[],"berocket_brand":[35],"class_list":{"0":"post-19136","1":"product","2":"type-product","3":"status-publish","4":"has-post-thumbnail","6":"product_cat-tradgardslampor","7":"berocket_brand-horoz-elektrik","9":"first","10":"instock","11":"sale","12":"taxable","13":"shipping-taxable","14":"purchasable","15":"product-type-simple"},"_links":{"self":[{"href":"https:\/\/lamphallen.se\/sv_se\/wp-json\/wp\/v2\/product\/19136","targetHints":{"allow":["GET"]}}],"collection":[{"href":"https:\/\/lamphallen.se\/sv_se\/wp-json\/wp\/v2\/product"}],"about":[{"href":"https:\/\/lamphallen.se\/sv_se\/wp-json\/wp\/v2\/types\/product"}],"replies":[{"embeddable":true,"href":"https:\/\/lamphallen.se\/sv_se\/wp-json\/wp\/v2\/comments?post=19136"}],"wp:featuredmedia":[{"embeddable":true,"href":"https:\/\/lamphallen.se\/sv_se\/wp-json\/wp\/v2\/media\/19137"}],"wp:attachment":[{"href":"https:\/\/lamphallen.se\/sv_se\/wp-json\/wp\/v2\/media?parent=19136"}],"wp:term":[{"taxonomy":"product_brand","embeddable":true,"href":"https:\/\/lamphallen.se\/sv_se\/wp-json\/wp\/v2\/product_brand?post=19136"},{"taxonomy":"product_cat","embeddable":true,"href":"https:\/\/lamphallen.se\/sv_se\/wp-json\/wp\/v2\/product_cat?post=19136"},{"taxonomy":"product_tag","embeddable":true,"href":"https:\/\/lamphallen.se\/sv_se\/wp-json\/wp\/v2\/product_tag?post=19136"},{"taxonomy":"berocket_brand","embeddable":true,"href":"https:\/\/lamphallen.se\/sv_se\/wp-json\/wp\/v2\/berocket_brand?post=19136"}],"curies":[{"name":"wp","href":"https:\/\/api.w.org\/{rel}","templated":true}]}}