{"id":19141,"date":"2024-07-15T18:09:06","date_gmt":"2024-07-15T22:09:06","guid":{"rendered":"https:\/\/lamphallen.se\/sv_se\/product\/12w-led-tradgard-vagglampor-ip65-220-240v-susam\/"},"modified":"2024-07-23T06:06:41","modified_gmt":"2024-07-23T10:06:41","slug":"12w-led-tradgard-vagglampor-ip65-220-240v-susam","status":"publish","type":"product","link":"https:\/\/lamphallen.se\/sv_se\/product\/12w-led-tradgard-vagglampor-ip65-220-240v-susam\/","title":{"rendered":"12W LED TR\u00c4DG\u00c5RD V\u00c4GGLAMPOR IP65 220-240V &#8211; SUSAM"},"content":{"rendered":"<p>Inbyggd LED Utomhusv\u00e4gglampa\u00a0med REKTANGUL\u00c4R ram.<\/p>\n<p>Den f\u00f6rsta tegelstenen som lyser! S\u00f6ml\u00f6st anpassar sig Profi LED v\u00e4gginbyggnadslampan i fasadens utseende och s\u00f6rjer f\u00f6r intressanta ljuseffekter. Den \u00e4r \u00e4ven b\u00e4st l\u00e4mpad till inbyggnad i trappsteg och g\u00f6r snubbelriskerna synliga d\u00e4r.\u00a0<br \/>\nF\u00f6rdelarna med s\u00e4kerheten: Skyddsklass IP65\u00a0f\u00f6r drift i alla v\u00e4der och praktiskt underh\u00e5llsfri genom den extremt l\u00e5nga livsl\u00e4ngden p\u00e5 LED-ljusk\u00e4llan (30.000 drifttimmar).\u00a0<\/p>\n<p>Lamp\u00a0Typ:\u00a0V\u00e4ggspotlight.<br \/>\nLED Typ:\u00a0SMD LED<br \/>\nmedellivsl\u00e4ngd: 30.000 tim.<br \/>\nEffekt: 12W<br \/>\nLumen: 480\u00a0lm<br \/>\nLjustemperatur:\u00a04200K<br \/>\nLjus F\u00e4rg: KALLVit<br \/>\nDimbar: Nej<br \/>\nEnergiklass: A till\u00a0A++<br \/>\nSp\u00e4nning: 100-240V \/ 50-60Hz<br \/>\nMaterial: ABS<br \/>\nSkyddsklass: IP65<\/p>\n<p><a href=\"http:\/\/www.horozelektrik.com\/content\/doc\/076-030-0012pdf-32-571-636601623325711301-.pdf\">SUSAM<\/a><a href=\"http:\/\/www.horozelektrik.com\/content\/doc\/076-028-0012pdf-30-886-636601617908862691-.pdf\">\u00a0DATASHEET<\/a><\/p>\n","protected":false},"excerpt":{"rendered":"<p>Inbyggd LED Utomhusv\u00e4gglampa\u00a0med REKTANGUL\u00c4R ram. Den f\u00f6rsta tegelstenen som lyser! S\u00f6ml\u00f6st anpassar sig Profi LED v\u00e4gginbyggnadslampan i fasadens utseende och s\u00f6rjer f\u00f6r intressanta ljuseffekter. Den \u00e4r \u00e4ven b\u00e4st l\u00e4mpad till inbyggnad i trappsteg och g\u00f6r snubbelriskerna synliga d\u00e4r.\u00a0 F\u00f6rdelarna med s\u00e4kerheten: Skyddsklass IP65\u00a0f\u00f6r drift i alla v\u00e4der och praktiskt underh\u00e5llsfri genom den extremt l\u00e5nga livsl\u00e4ngden p\u00e5 LED-ljusk\u00e4llan (30.000 drifttimmar).\u00a0 Lamp\u00a0Typ:\u00a0V\u00e4ggspotlight. [&hellip;]<\/p>\n","protected":false},"featured_media":19142,"comment_status":"open","ping_status":"closed","template":"","meta":{"content-type":"","_joinchat":[]},"product_brand":[],"product_cat":[71],"product_tag":[],"berocket_brand":[35],"class_list":{"0":"post-19141","1":"product","2":"type-product","3":"status-publish","4":"has-post-thumbnail","6":"product_cat-tradgardslampor","7":"berocket_brand-horoz-elektrik","9":"first","10":"onbackorder","11":"sale","12":"taxable","13":"shipping-taxable","14":"purchasable","15":"product-type-simple"},"_links":{"self":[{"href":"https:\/\/lamphallen.se\/sv_se\/wp-json\/wp\/v2\/product\/19141","targetHints":{"allow":["GET"]}}],"collection":[{"href":"https:\/\/lamphallen.se\/sv_se\/wp-json\/wp\/v2\/product"}],"about":[{"href":"https:\/\/lamphallen.se\/sv_se\/wp-json\/wp\/v2\/types\/product"}],"replies":[{"embeddable":true,"href":"https:\/\/lamphallen.se\/sv_se\/wp-json\/wp\/v2\/comments?post=19141"}],"wp:featuredmedia":[{"embeddable":true,"href":"https:\/\/lamphallen.se\/sv_se\/wp-json\/wp\/v2\/media\/19142"}],"wp:attachment":[{"href":"https:\/\/lamphallen.se\/sv_se\/wp-json\/wp\/v2\/media?parent=19141"}],"wp:term":[{"taxonomy":"product_brand","embeddable":true,"href":"https:\/\/lamphallen.se\/sv_se\/wp-json\/wp\/v2\/product_brand?post=19141"},{"taxonomy":"product_cat","embeddable":true,"href":"https:\/\/lamphallen.se\/sv_se\/wp-json\/wp\/v2\/product_cat?post=19141"},{"taxonomy":"product_tag","embeddable":true,"href":"https:\/\/lamphallen.se\/sv_se\/wp-json\/wp\/v2\/product_tag?post=19141"},{"taxonomy":"berocket_brand","embeddable":true,"href":"https:\/\/lamphallen.se\/sv_se\/wp-json\/wp\/v2\/berocket_brand?post=19141"}],"curies":[{"name":"wp","href":"https:\/\/api.w.org\/{rel}","templated":true}]}}