{"id":19149,"date":"2024-07-15T18:09:06","date_gmt":"2024-07-15T22:09:06","guid":{"rendered":"https:\/\/lamphallen.se\/sv_se\/product\/led-bild-spegel-lamp-9w-4200k-vattentat-ip45-sumru-9\/"},"modified":"2024-07-23T08:42:27","modified_gmt":"2024-07-23T12:42:27","slug":"led-bild-spegel-lamp-9w-4200k-vattentat-ip45-sumru-9","status":"publish","type":"product","link":"https:\/\/lamphallen.se\/sv_se\/product\/led-bild-spegel-lamp-9w-4200k-vattentat-ip45-sumru-9\/","title":{"rendered":"LED BILD &amp; SPEGEL LAMP 9W 4200K VATTENT\u00c4T IP45 SUMRU-9"},"content":{"rendered":"<p>LED Typ:&nbsp;SMD LED<br \/>\nmedellivsl\u00e4ngd: 30.000 tim.<br \/>\nF\u00e4rg: krom<br \/>\nEffekt: 9W<br \/>\nMotsvarar: 85W<br \/>\nLumen: 850&nbsp;lm<br \/>\nLjustemperatur:&nbsp;4200K<br \/>\nLjus F\u00e4rg: Kalvit<br \/>\nDimbar: Nej<br \/>\nEnergiklass: A till&nbsp;A++<br \/>\nRa: &gt;Ra70<br \/>\nSp\u00e4nning: 85-265V<br \/>\nMaterial: krombel\u00e4ggning + PC<\/p>\n<p><strong>Tekniska Dokument:<\/strong><\/p>\n<p>&nbsp;<\/p>\n","protected":false},"excerpt":{"rendered":"<p>LED Typ:&nbsp;SMD LED medellivsl\u00e4ngd: 30.000 tim. F\u00e4rg: krom Effekt: 9W Motsvarar: 85W Lumen: 850&nbsp;lm Ljustemperatur:&nbsp;4200K Ljus F\u00e4rg: Kalvit Dimbar: Nej Energiklass: A till&nbsp;A++ Ra: &gt;Ra70 Sp\u00e4nning: 85-265V Material: krombel\u00e4ggning + PC Tekniska Dokument: &nbsp;<\/p>\n","protected":false},"featured_media":19150,"comment_status":"open","ping_status":"closed","template":"","meta":{"content-type":"","_joinchat":[]},"product_brand":[],"product_cat":[56],"product_tag":[],"berocket_brand":[35],"class_list":{"0":"post-19149","1":"product","2":"type-product","3":"status-publish","4":"has-post-thumbnail","6":"product_cat-bild-spegel-lampor","7":"berocket_brand-horoz-elektrik","9":"first","10":"instock","11":"sale","12":"taxable","13":"shipping-taxable","14":"purchasable","15":"product-type-simple"},"_links":{"self":[{"href":"https:\/\/lamphallen.se\/sv_se\/wp-json\/wp\/v2\/product\/19149","targetHints":{"allow":["GET"]}}],"collection":[{"href":"https:\/\/lamphallen.se\/sv_se\/wp-json\/wp\/v2\/product"}],"about":[{"href":"https:\/\/lamphallen.se\/sv_se\/wp-json\/wp\/v2\/types\/product"}],"replies":[{"embeddable":true,"href":"https:\/\/lamphallen.se\/sv_se\/wp-json\/wp\/v2\/comments?post=19149"}],"wp:featuredmedia":[{"embeddable":true,"href":"https:\/\/lamphallen.se\/sv_se\/wp-json\/wp\/v2\/media\/19150"}],"wp:attachment":[{"href":"https:\/\/lamphallen.se\/sv_se\/wp-json\/wp\/v2\/media?parent=19149"}],"wp:term":[{"taxonomy":"product_brand","embeddable":true,"href":"https:\/\/lamphallen.se\/sv_se\/wp-json\/wp\/v2\/product_brand?post=19149"},{"taxonomy":"product_cat","embeddable":true,"href":"https:\/\/lamphallen.se\/sv_se\/wp-json\/wp\/v2\/product_cat?post=19149"},{"taxonomy":"product_tag","embeddable":true,"href":"https:\/\/lamphallen.se\/sv_se\/wp-json\/wp\/v2\/product_tag?post=19149"},{"taxonomy":"berocket_brand","embeddable":true,"href":"https:\/\/lamphallen.se\/sv_se\/wp-json\/wp\/v2\/berocket_brand?post=19149"}],"curies":[{"name":"wp","href":"https:\/\/api.w.org\/{rel}","templated":true}]}}