{"id":19185,"date":"2024-07-15T18:09:09","date_gmt":"2024-07-15T22:09:09","guid":{"rendered":"https:\/\/lamphallen.se\/sv_se\/product\/led-bild-spegel-lamp-6w-4000k-ip20-florya-6\/"},"modified":"2024-07-23T08:35:19","modified_gmt":"2024-07-23T12:35:19","slug":"led-bild-spegel-lamp-6w-4000k-ip20-florya-6","status":"publish","type":"product","link":"https:\/\/lamphallen.se\/sv_se\/product\/led-bild-spegel-lamp-6w-4000k-ip20-florya-6\/","title":{"rendered":"LED BILD &amp; SPEGEL LAMP 6W 4000K IP20 FLORYA-6"},"content":{"rendered":"<p>LED Typ:&nbsp;COB LED<br \/>\nmedellivsl\u00e4ngd: 30.000 tim.<br \/>\nF\u00e4rg: krom<br \/>\nON OFF KNAPP<br \/>\nEffekt: 6W<br \/>\nMotsvarar: 48W<br \/>\nLumen: 428 lm<br \/>\nLjustemperatur:&nbsp;4000K<br \/>\nLjus F\u00e4rg: Kalvit<br \/>\nDimbar: Nej<br \/>\nEnergiklass: A till&nbsp;A++<br \/>\nRa: &gt;Ra70<br \/>\nSp\u00e4nning: 100-265V<br \/>\nMaterial: krombel\u00e4ggning<\/p>\n<p><strong>Tekniska Dokument:<\/strong><\/p>\n<p><a href=\"http:\/\/www.lamphallen.se\/images\/datasheets\/FLORYA-6%20%20040-009-0006.pdf\">FLORYA-6&nbsp;DATASHEET<\/a><\/p>\n","protected":false},"excerpt":{"rendered":"<p>LED Typ:&nbsp;COB LED medellivsl\u00e4ngd: 30.000 tim. F\u00e4rg: krom ON OFF KNAPP Effekt: 6W Motsvarar: 48W Lumen: 428 lm Ljustemperatur:&nbsp;4000K Ljus F\u00e4rg: Kalvit Dimbar: Nej Energiklass: A till&nbsp;A++ Ra: &gt;Ra70 Sp\u00e4nning: 100-265V Material: krombel\u00e4ggning Tekniska Dokument: FLORYA-6&nbsp;DATASHEET<\/p>\n","protected":false},"featured_media":19186,"comment_status":"open","ping_status":"closed","template":"","meta":{"content-type":"","_joinchat":[]},"product_brand":[],"product_cat":[56],"product_tag":[],"berocket_brand":[35],"class_list":{"0":"post-19185","1":"product","2":"type-product","3":"status-publish","4":"has-post-thumbnail","6":"product_cat-bild-spegel-lampor","7":"berocket_brand-horoz-elektrik","9":"first","10":"instock","11":"sale","12":"taxable","13":"shipping-taxable","14":"purchasable","15":"product-type-simple"},"_links":{"self":[{"href":"https:\/\/lamphallen.se\/sv_se\/wp-json\/wp\/v2\/product\/19185","targetHints":{"allow":["GET"]}}],"collection":[{"href":"https:\/\/lamphallen.se\/sv_se\/wp-json\/wp\/v2\/product"}],"about":[{"href":"https:\/\/lamphallen.se\/sv_se\/wp-json\/wp\/v2\/types\/product"}],"replies":[{"embeddable":true,"href":"https:\/\/lamphallen.se\/sv_se\/wp-json\/wp\/v2\/comments?post=19185"}],"wp:featuredmedia":[{"embeddable":true,"href":"https:\/\/lamphallen.se\/sv_se\/wp-json\/wp\/v2\/media\/19186"}],"wp:attachment":[{"href":"https:\/\/lamphallen.se\/sv_se\/wp-json\/wp\/v2\/media?parent=19185"}],"wp:term":[{"taxonomy":"product_brand","embeddable":true,"href":"https:\/\/lamphallen.se\/sv_se\/wp-json\/wp\/v2\/product_brand?post=19185"},{"taxonomy":"product_cat","embeddable":true,"href":"https:\/\/lamphallen.se\/sv_se\/wp-json\/wp\/v2\/product_cat?post=19185"},{"taxonomy":"product_tag","embeddable":true,"href":"https:\/\/lamphallen.se\/sv_se\/wp-json\/wp\/v2\/product_tag?post=19185"},{"taxonomy":"berocket_brand","embeddable":true,"href":"https:\/\/lamphallen.se\/sv_se\/wp-json\/wp\/v2\/berocket_brand?post=19185"}],"curies":[{"name":"wp","href":"https:\/\/api.w.org\/{rel}","templated":true}]}}