{"id":19418,"date":"2024-07-15T18:09:26","date_gmt":"2024-07-15T22:09:26","guid":{"rendered":"https:\/\/lamphallen.se\/sv_se\/product\/skarvsladd-petskyddad-forlangningskabel-vattentat-ip44\/"},"modified":"2024-08-03T09:32:27","modified_gmt":"2024-08-03T13:32:27","slug":"skarvsladd-petskyddad-forlangningskabel-vattentat-ip44","status":"publish","type":"product","link":"https:\/\/lamphallen.se\/sv_se\/product\/skarvsladd-petskyddad-forlangningskabel-vattentat-ip44\/","title":{"rendered":"SKARVSLADD PETSKYDDAD F\u00d6RL\u00c4NGNINGSKABEL VATTENT\u00c4T IP44"},"content":{"rendered":"<p>Jordad f\u00f6rl\u00e4ngningskabel f\u00f6r utomuhusbruk\u00a0med petskydd.<\/p>\n<p>Sp\u00e4nning: 250 V AC<br \/>\nStr\u00f6mstyrka: 16A<br \/>\nL\u00e4ngd: 10 meter<br \/>\nKabelarea:3\u00d71,5 mm\u00b2<br \/>\nKapslingsklass: IP20<br \/>\nF\u00e4rg: Orange<br \/>\nKvantitet per kartong: 26st<\/p>\n<p>frakt f\u00f6r denna produkt tar cirka 5-7\u00a0arbetsdagar<\/p>\n","protected":false},"excerpt":{"rendered":"<p>Jordad f\u00f6rl\u00e4ngningskabel f\u00f6r utomuhusbruk\u00a0med petskydd. Sp\u00e4nning: 250 V AC Str\u00f6mstyrka: 16A L\u00e4ngd: 10 meter Kabelarea:3\u00d71,5 mm\u00b2 Kapslingsklass: IP20 F\u00e4rg: Orange Kvantitet per kartong: 26st frakt f\u00f6r denna produkt tar cirka 5-7\u00a0arbetsdagar<\/p>\n","protected":false},"featured_media":19423,"comment_status":"closed","ping_status":"closed","template":"","meta":{"content-type":"","_joinchat":[]},"product_brand":[],"product_cat":[82],"product_tag":[],"berocket_brand":[35],"class_list":{"0":"post-19418","1":"product","2":"type-product","3":"status-publish","4":"has-post-thumbnail","6":"product_cat-installation","7":"berocket_brand-horoz-elektrik","9":"first","10":"onbackorder","11":"sale","12":"taxable","13":"shipping-taxable","14":"purchasable","15":"product-type-variable","16":"has-default-attributes"},"_links":{"self":[{"href":"https:\/\/lamphallen.se\/sv_se\/wp-json\/wp\/v2\/product\/19418","targetHints":{"allow":["GET"]}}],"collection":[{"href":"https:\/\/lamphallen.se\/sv_se\/wp-json\/wp\/v2\/product"}],"about":[{"href":"https:\/\/lamphallen.se\/sv_se\/wp-json\/wp\/v2\/types\/product"}],"replies":[{"embeddable":true,"href":"https:\/\/lamphallen.se\/sv_se\/wp-json\/wp\/v2\/comments?post=19418"}],"wp:featuredmedia":[{"embeddable":true,"href":"https:\/\/lamphallen.se\/sv_se\/wp-json\/wp\/v2\/media\/19423"}],"wp:attachment":[{"href":"https:\/\/lamphallen.se\/sv_se\/wp-json\/wp\/v2\/media?parent=19418"}],"wp:term":[{"taxonomy":"product_brand","embeddable":true,"href":"https:\/\/lamphallen.se\/sv_se\/wp-json\/wp\/v2\/product_brand?post=19418"},{"taxonomy":"product_cat","embeddable":true,"href":"https:\/\/lamphallen.se\/sv_se\/wp-json\/wp\/v2\/product_cat?post=19418"},{"taxonomy":"product_tag","embeddable":true,"href":"https:\/\/lamphallen.se\/sv_se\/wp-json\/wp\/v2\/product_tag?post=19418"},{"taxonomy":"berocket_brand","embeddable":true,"href":"https:\/\/lamphallen.se\/sv_se\/wp-json\/wp\/v2\/berocket_brand?post=19418"}],"curies":[{"name":"wp","href":"https:\/\/api.w.org\/{rel}","templated":true}]}}