{"id":19434,"date":"2024-07-15T18:09:27","date_gmt":"2024-07-15T22:09:27","guid":{"rendered":"https:\/\/lamphallen.se\/sv_se\/product\/1-meter-vattentat-led-list-ip65-220v-enkel-farg-gul-neoled\/"},"modified":"2024-12-23T16:07:24","modified_gmt":"2024-12-23T15:07:24","slug":"1-meter-vattentat-led-list-ip65-220v-enkel-farg-gul-neoled","status":"publish","type":"product","link":"https:\/\/lamphallen.se\/sv_se\/product\/1-meter-vattentat-led-list-ip65-220v-enkel-farg-gul-neoled\/","title":{"rendered":"1 METER VATTENT\u00c4T LED LIST IP65 220V ENKEL F\u00c4RG GUL &#8211; NEOLED"},"content":{"rendered":"<p>LED Typ:&nbsp;SMD LED&nbsp;28&#215;35<br \/>\nRulle: 100 meter.<br \/>\nmedellivsl\u00e4ngd: 30.000 tim.<br \/>\nEffekt: 5.5W&nbsp;\/ meter<br \/>\nDetaljer: 72 LED \/ meter, vattent\u00e4tt&nbsp;kan klippas varje&nbsp;1 meter<br \/>\nLumen: 80.000 lm<br \/>\nskyddsklass: IP65<br \/>\nF\u00e4rg: Kisel<br \/>\nLjustemperatur: Gul<br \/>\nLjus F\u00e4rg: Gul<br \/>\nDimbar: Nej<br \/>\nEnergiklass: A&nbsp;to A++<br \/>\nRa: &gt;Ra75<br \/>\nSp\u00e4nning: 220-240V<br \/>\nMaterial: Kisel<\/p>\n<p><strong>Tekniska Dokument:<\/strong><\/p>\n<p><a href=\"http:\/\/www.lamphallen.se\/images\/datasheets\/NEOLED%20SINGLE%20081-010-0001.pdf\">NEOLED&nbsp;DATASHEET<\/a><\/p>\n","protected":false},"excerpt":{"rendered":"<p>LED Typ:&nbsp;SMD LED&nbsp;28&#215;35 Rulle: 100 meter. medellivsl\u00e4ngd: 30.000 tim. Effekt: 5.5W&nbsp;\/ meter Detaljer: 72 LED \/ meter, vattent\u00e4tt&nbsp;kan klippas varje&nbsp;1 meter Lumen: 80.000 lm skyddsklass: IP65 F\u00e4rg: Kisel Ljustemperatur: Gul Ljus F\u00e4rg: Gul Dimbar: Nej Energiklass: A&nbsp;to A++ Ra: &gt;Ra75 Sp\u00e4nning: 220-240V Material: Kisel Tekniska Dokument: NEOLED&nbsp;DATASHEET<\/p>\n","protected":false},"featured_media":19435,"comment_status":"open","ping_status":"closed","template":"","meta":{"content-type":"","_joinchat":[]},"product_brand":[],"product_cat":[68],"product_tag":[],"berocket_brand":[35],"class_list":{"0":"post-19434","1":"product","2":"type-product","3":"status-publish","4":"has-post-thumbnail","6":"product_cat-led-vattentat-lister","7":"berocket_brand-horoz-elektrik","9":"first","10":"instock","11":"sale","12":"taxable","13":"shipping-taxable","14":"purchasable","15":"product-type-simple"},"_links":{"self":[{"href":"https:\/\/lamphallen.se\/sv_se\/wp-json\/wp\/v2\/product\/19434","targetHints":{"allow":["GET"]}}],"collection":[{"href":"https:\/\/lamphallen.se\/sv_se\/wp-json\/wp\/v2\/product"}],"about":[{"href":"https:\/\/lamphallen.se\/sv_se\/wp-json\/wp\/v2\/types\/product"}],"replies":[{"embeddable":true,"href":"https:\/\/lamphallen.se\/sv_se\/wp-json\/wp\/v2\/comments?post=19434"}],"wp:featuredmedia":[{"embeddable":true,"href":"https:\/\/lamphallen.se\/sv_se\/wp-json\/wp\/v2\/media\/19435"}],"wp:attachment":[{"href":"https:\/\/lamphallen.se\/sv_se\/wp-json\/wp\/v2\/media?parent=19434"}],"wp:term":[{"taxonomy":"product_brand","embeddable":true,"href":"https:\/\/lamphallen.se\/sv_se\/wp-json\/wp\/v2\/product_brand?post=19434"},{"taxonomy":"product_cat","embeddable":true,"href":"https:\/\/lamphallen.se\/sv_se\/wp-json\/wp\/v2\/product_cat?post=19434"},{"taxonomy":"product_tag","embeddable":true,"href":"https:\/\/lamphallen.se\/sv_se\/wp-json\/wp\/v2\/product_tag?post=19434"},{"taxonomy":"berocket_brand","embeddable":true,"href":"https:\/\/lamphallen.se\/sv_se\/wp-json\/wp\/v2\/berocket_brand?post=19434"}],"curies":[{"name":"wp","href":"https:\/\/api.w.org\/{rel}","templated":true}]}}