{"id":19465,"date":"2024-07-15T18:09:29","date_gmt":"2024-07-15T22:09:29","guid":{"rendered":"https:\/\/lamphallen.se\/sv_se\/product\/led-spotlight-6w-cob-vit-vattentat-ip65-4200k-100-240v-jessica\/"},"modified":"2024-07-23T08:21:55","modified_gmt":"2024-07-23T12:21:55","slug":"led-spotlight-6w-cob-vit-vattentat-ip65-4200k-100-240v-jessica","status":"publish","type":"product","link":"https:\/\/lamphallen.se\/sv_se\/product\/led-spotlight-6w-cob-vit-vattentat-ip65-4200k-100-240v-jessica\/","title":{"rendered":"LED-SPOTLIGHT 6W COB VIT VATTENT\u00c4T IP65 4200K 100-240V &#8211; JESSICA"},"content":{"rendered":"<p>LED Typ: COB&nbsp;LED<br \/>\nmedellivsl\u00e4ngd: 30.000 tim.<br \/>\nEffekt: 6W<br \/>\nMotsvarar: 48W<br \/>\nLumen: 410&nbsp;lm<br \/>\nLjustemperatur:&nbsp;4200K<br \/>\nLjus F\u00e4rg: Vit<br \/>\nDimbar: Nej<br \/>\nSkyddsklass: IP65<br \/>\nEnergiklass: A till&nbsp;A++<br \/>\nRa: &gt;Ra80<br \/>\nSp\u00e4nning: 100-240V<br \/>\nMaterial: Aluminium Die Casting Body<\/p>\n<p><strong>Tekniska Dokument:<\/strong><\/p>\n<p><a href=\"http:\/\/www.lamphallen.se\/images\/datasheets\/JESSICA.pdf\">JESSICA DATASHEET<\/a><\/p>\n","protected":false},"excerpt":{"rendered":"<p>LED Typ: COB&nbsp;LED medellivsl\u00e4ngd: 30.000 tim. Effekt: 6W Motsvarar: 48W Lumen: 410&nbsp;lm Ljustemperatur:&nbsp;4200K Ljus F\u00e4rg: Vit Dimbar: Nej Skyddsklass: IP65 Energiklass: A till&nbsp;A++ Ra: &gt;Ra80 Sp\u00e4nning: 100-240V Material: Aluminium Die Casting Body Tekniska Dokument: JESSICA DATASHEET<\/p>\n","protected":false},"featured_media":19466,"comment_status":"open","ping_status":"closed","template":"","meta":{"content-type":"","_joinchat":[]},"product_brand":[],"product_cat":[89],"product_tag":[],"berocket_brand":[35],"class_list":{"0":"post-19465","1":"product","2":"type-product","3":"status-publish","4":"has-post-thumbnail","6":"product_cat-led-spotlight","7":"berocket_brand-horoz-elektrik","9":"first","10":"onbackorder","11":"sale","12":"taxable","13":"shipping-taxable","14":"purchasable","15":"product-type-simple"},"_links":{"self":[{"href":"https:\/\/lamphallen.se\/sv_se\/wp-json\/wp\/v2\/product\/19465","targetHints":{"allow":["GET"]}}],"collection":[{"href":"https:\/\/lamphallen.se\/sv_se\/wp-json\/wp\/v2\/product"}],"about":[{"href":"https:\/\/lamphallen.se\/sv_se\/wp-json\/wp\/v2\/types\/product"}],"replies":[{"embeddable":true,"href":"https:\/\/lamphallen.se\/sv_se\/wp-json\/wp\/v2\/comments?post=19465"}],"wp:featuredmedia":[{"embeddable":true,"href":"https:\/\/lamphallen.se\/sv_se\/wp-json\/wp\/v2\/media\/19466"}],"wp:attachment":[{"href":"https:\/\/lamphallen.se\/sv_se\/wp-json\/wp\/v2\/media?parent=19465"}],"wp:term":[{"taxonomy":"product_brand","embeddable":true,"href":"https:\/\/lamphallen.se\/sv_se\/wp-json\/wp\/v2\/product_brand?post=19465"},{"taxonomy":"product_cat","embeddable":true,"href":"https:\/\/lamphallen.se\/sv_se\/wp-json\/wp\/v2\/product_cat?post=19465"},{"taxonomy":"product_tag","embeddable":true,"href":"https:\/\/lamphallen.se\/sv_se\/wp-json\/wp\/v2\/product_tag?post=19465"},{"taxonomy":"berocket_brand","embeddable":true,"href":"https:\/\/lamphallen.se\/sv_se\/wp-json\/wp\/v2\/berocket_brand?post=19465"}],"curies":[{"name":"wp","href":"https:\/\/api.w.org\/{rel}","templated":true}]}}