{"id":19656,"date":"2024-07-15T18:10:10","date_gmt":"2024-07-15T22:10:10","guid":{"rendered":"https:\/\/lamphallen.se\/sv_se\/product\/12w-gron-ljus-vattentat-tradgardslampa-vt-857\/"},"modified":"2025-01-28T10:57:14","modified_gmt":"2025-01-28T09:57:14","slug":"12w-gron-ljus-vattentat-tradgardslampa-vt-857","status":"publish","type":"product","link":"https:\/\/lamphallen.se\/sv_se\/product\/12w-gron-ljus-vattentat-tradgardslampa-vt-857\/","title":{"rendered":"12W GR\u00d6N LJUS VATTENT\u00c4T TR\u00c4DG\u00c5RDSLAMPA VT-857"},"content":{"rendered":"<p>VT-857 12W GR\u00d6N LJUS TR\u00c4DG\u00c5RDSLAMPA \u2013 GR\u00c5<\/p>\n<p>Effekt: 12W<br \/>\nInstant Start: 0-100% in <1s<br \/>\nF\u00e4rg: Gr\u00e5<br \/>\nLED Typ:\u00a0SMD LED<br \/>\nmedellivsl\u00e4ngd: 20.000 tim.<br \/>\nOn\/Off Cycles >15000<br \/>\nLumen: 720\u00a0lm<br \/>\nLjustemperatur: Gr\u00f6n<br \/>\nLjus F\u00e4rg: Gr\u00f6n<br \/>\nDimbar: Nej<br \/>\nEnergiklass: A+<br \/>\nRa: >Ra80<br \/>\nPF:\u00a0>0.6<br \/>\nSkyddsklass: IP65<br \/>\nSp\u00e4nning:\u00a0AC:100-240V,50\/60Hz<br \/>\nMaterial:\u00a0Aluminium<br \/>\nStr\u00e5lvinkel: 30\u00b0<br \/>\nM\u00e5tt: 73x255mm<br \/>\nDriftstemperatur: -20\u00b0C till + 45 \u00b0C<br \/>\nGaranti: 2\u00a0\u00e5rs<\/p>\n<p><strong>Funktioner:<\/strong><\/p>\n<ul>\n<li>Perfectly designed IP65 rated garden spike with LED<\/li>\n<li>Works perfectly in extreme temperatures from -20\u00ba to +45\u00ba without any adverse etc<\/li>\n<li>Sturdily built with an Aluminium body<\/li>\n<li>Easy to Install and low maintenance<\/li>\n<li>Applications \u2013 Suitable for Gardens, Landscapes, Tree uplighting etc<\/li>\n<\/ul>\n<p>Note: Suitable & Recommended for maximum daily use of 10-12 hours, usage beyond this would void the warranty<\/p>\n<p><strong>F\u00f6rpackning:<\/strong><\/p>\n<p><strong>Unit Details:<\/strong><\/p>\n<p>Gross Weight(GW) Kgs: 0..46<\/p>\n<p>Unit CBM: 0.001224<\/p>\n<p><strong>Master Box Packaging:<\/strong><\/p>\n<p>Master Box Qty (Pcs Per Carton): 50<\/p>\n<p>Qty Per Pallet: 1000<\/p>\n<p><strong>Listing Details<\/strong><\/p>\n<p>EAN Code: 3800157633529<\/p>\n<p>Commodity Code: 9405403990<\/p>\n","protected":false},"excerpt":{"rendered":"<p>VT-857 12W GR\u00d6N LJUS TR\u00c4DG\u00c5RDSLAMPA \u2013 GR\u00c5 Effekt: 12W Instant Start: 0-100% in 15000 Lumen: 720\u00a0lm Ljustemperatur: Gr\u00f6n Ljus F\u00e4rg: Gr\u00f6n Dimbar: Nej Energiklass: A+ Ra: >Ra80 PF:\u00a0>0.6 Skyddsklass: IP65 Sp\u00e4nning:\u00a0AC:100-240V,50\/60Hz Material:\u00a0Aluminium Str\u00e5lvinkel: 30\u00b0 M\u00e5tt: 73x255mm Driftstemperatur: -20\u00b0C till + 45 \u00b0C Garanti: 2\u00a0\u00e5rs Funktioner: Perfectly designed IP65 rated garden spike with LED Works perfectly in extreme temperatures from -20\u00ba [&hellip;]<\/p>\n","protected":false},"featured_media":19657,"comment_status":"open","ping_status":"closed","template":"","meta":{"content-type":"","_joinchat":[]},"product_brand":[],"product_cat":[71],"product_tag":[],"berocket_brand":[39],"class_list":{"0":"post-19656","1":"product","2":"type-product","3":"status-publish","4":"has-post-thumbnail","6":"product_cat-tradgardslampor","7":"berocket_brand-v-tac","9":"first","10":"instock","11":"sale","12":"taxable","13":"shipping-taxable","14":"purchasable","15":"product-type-simple"},"_links":{"self":[{"href":"https:\/\/lamphallen.se\/sv_se\/wp-json\/wp\/v2\/product\/19656","targetHints":{"allow":["GET"]}}],"collection":[{"href":"https:\/\/lamphallen.se\/sv_se\/wp-json\/wp\/v2\/product"}],"about":[{"href":"https:\/\/lamphallen.se\/sv_se\/wp-json\/wp\/v2\/types\/product"}],"replies":[{"embeddable":true,"href":"https:\/\/lamphallen.se\/sv_se\/wp-json\/wp\/v2\/comments?post=19656"}],"wp:featuredmedia":[{"embeddable":true,"href":"https:\/\/lamphallen.se\/sv_se\/wp-json\/wp\/v2\/media\/19657"}],"wp:attachment":[{"href":"https:\/\/lamphallen.se\/sv_se\/wp-json\/wp\/v2\/media?parent=19656"}],"wp:term":[{"taxonomy":"product_brand","embeddable":true,"href":"https:\/\/lamphallen.se\/sv_se\/wp-json\/wp\/v2\/product_brand?post=19656"},{"taxonomy":"product_cat","embeddable":true,"href":"https:\/\/lamphallen.se\/sv_se\/wp-json\/wp\/v2\/product_cat?post=19656"},{"taxonomy":"product_tag","embeddable":true,"href":"https:\/\/lamphallen.se\/sv_se\/wp-json\/wp\/v2\/product_tag?post=19656"},{"taxonomy":"berocket_brand","embeddable":true,"href":"https:\/\/lamphallen.se\/sv_se\/wp-json\/wp\/v2\/berocket_brand?post=19656"}],"curies":[{"name":"wp","href":"https:\/\/api.w.org\/{rel}","templated":true}]}}