{"id":19668,"date":"2024-07-15T18:10:11","date_gmt":"2024-07-15T22:10:11","guid":{"rendered":"https:\/\/lamphallen.se\/sv_se\/product\/12w-sensor-ljus-med-samsung-chip-vt-12ss\/"},"modified":"2024-07-15T18:10:12","modified_gmt":"2024-07-15T22:10:12","slug":"12w-sensor-ljus-med-samsung-chip-vt-12ss","status":"publish","type":"product","link":"https:\/\/lamphallen.se\/sv_se\/product\/12w-sensor-ljus-med-samsung-chip-vt-12ss\/","title":{"rendered":"12W SENSOR LJUS MED SAMSUNG CHIP VT-12SS"},"content":{"rendered":"<p>VT-12SS 12W LED SLIM DOME LJUS MED SENSOR&nbsp;MED SAMSUNG CHIP DAGSLJUS 6400K<\/p>\n<p>Effekt: 12W<br \/>\nF\u00e4rg: Vit<br \/>\nLED Typ:&nbsp;SMD LED<br \/>\nmedellivsl\u00e4ngd: 30.000 tim.<br \/>\nLumen: 1440&nbsp;lm<br \/>\nLjustemperatur: 6400k<br \/>\nLjus F\u00e4rg: Dagsljus<br \/>\nDimbar: Nej<br \/>\nEnergiklass: A+<br \/>\nRa: &gt;Ra80<br \/>\nSkyddsklass: IP65<br \/>\nSp\u00e4nning:&nbsp;AC:220-240V,50\/60Hz<br \/>\nMaterial:&nbsp;PC<br \/>\nH\u00e5ll Tid: 5s, 90s, 5min, 10min customized<br \/>\nDetection Distans: 3-6m, 6-10m och optional<br \/>\nUppt\u00e4ckt R\u00f6relseshastighet:&nbsp;0.5-3m\/s<br \/>\nDetektionsvinkel:&nbsp;360\u00b0Ceiling\/120\u00b0Wall Mounted<br \/>\nDetekteringsomr\u00e5de:&nbsp;MaxD10mx6m<br \/>\nSensor Typ:&nbsp;Microwave<br \/>\nStr\u00e5lvinkel: 110\u00b0<br \/>\nM\u00e5tt: 270x75mm<br \/>\nDriftstemperatur: -20\u00b0C till + 45 \u00b0C<br \/>\nGaranti: 5&nbsp;\u00e5rs<\/p>\n<p><strong>Funktioner:<\/strong><\/p>\n<ul>\n<li>Premium quality LEDs with reliable lifetime.<\/li>\n<li>Efficient thermal management technology.<\/li>\n<li>100% PC for Endurance\/Durability.<\/li>\n<li>Maintained operation-suitable for long working hours.<\/li>\n<li>Corrosion free mounting clamps.<\/li>\n<li>Range of Dome Lights for Elegance,Ambience,Utility,Security,Weatherproof.<\/li>\n<li>Constant current LED Driver for instant_start and consistent operation.<\/li>\n<li>Applications &#8211; Office, Art Gallery, Display Case, Accent Lighting etc<\/li>\n<\/ul>\n<p>Note: Suitable &amp; Recommended for maximum daily use of 10-12 hours, usage beyond this would void the warranty<\/p>\n<p><strong>F\u00f6rpackning:<\/strong><\/p>\n<p><strong>Unit Details:<\/strong><\/p>\n<p>Gross Weight(GW) Kgs:&nbsp;<\/p>\n<p>Unit CBM: 0.006875<\/p>\n<p><strong>Master Box Packaging:<\/strong><\/p>\n<p>Master Box Qty (Pcs Per Carton): 10<\/p>\n<p>Qty Per Pallet: 1000<\/p>\n<p><strong>Listing Details<\/strong><\/p>\n<p>EAN Code: 3800157648158<\/p>\n<p>Commodity Code: 9405403990<\/p>\n","protected":false},"excerpt":{"rendered":"<p>VT-12SS 12W LED SLIM DOME LJUS MED SENSOR&nbsp;MED SAMSUNG CHIP DAGSLJUS 6400K Effekt: 12W F\u00e4rg: Vit LED Typ:&nbsp;SMD LED medellivsl\u00e4ngd: 30.000 tim. Lumen: 1440&nbsp;lm Ljustemperatur: 6400k Ljus F\u00e4rg: Dagsljus Dimbar: Nej Energiklass: A+ Ra: &gt;Ra80 Skyddsklass: IP65 Sp\u00e4nning:&nbsp;AC:220-240V,50\/60Hz Material:&nbsp;PC H\u00e5ll Tid: 5s, 90s, 5min, 10min customized Detection Distans: 3-6m, 6-10m och optional Uppt\u00e4ckt R\u00f6relseshastighet:&nbsp;0.5-3m\/s Detektionsvinkel:&nbsp;360\u00b0Ceiling\/120\u00b0Wall Mounted Detekteringsomr\u00e5de:&nbsp;MaxD10mx6m Sensor Typ:&nbsp;Microwave Str\u00e5lvinkel: [&hellip;]<\/p>\n","protected":false},"featured_media":19669,"comment_status":"closed","ping_status":"closed","template":"","meta":{"content-type":"","_joinchat":[]},"product_brand":[],"product_cat":[77],"product_tag":[],"berocket_brand":[38],"class_list":{"0":"post-19668","1":"product","2":"type-product","3":"status-publish","4":"has-post-thumbnail","6":"product_cat-plafonder-utomhus","7":"berocket_brand-samsung-led","9":"first","10":"instock","11":"sale","12":"taxable","13":"shipping-taxable","14":"purchasable","15":"product-type-simple"},"_links":{"self":[{"href":"https:\/\/lamphallen.se\/sv_se\/wp-json\/wp\/v2\/product\/19668","targetHints":{"allow":["GET"]}}],"collection":[{"href":"https:\/\/lamphallen.se\/sv_se\/wp-json\/wp\/v2\/product"}],"about":[{"href":"https:\/\/lamphallen.se\/sv_se\/wp-json\/wp\/v2\/types\/product"}],"replies":[{"embeddable":true,"href":"https:\/\/lamphallen.se\/sv_se\/wp-json\/wp\/v2\/comments?post=19668"}],"wp:featuredmedia":[{"embeddable":true,"href":"https:\/\/lamphallen.se\/sv_se\/wp-json\/wp\/v2\/media\/19669"}],"wp:attachment":[{"href":"https:\/\/lamphallen.se\/sv_se\/wp-json\/wp\/v2\/media?parent=19668"}],"wp:term":[{"taxonomy":"product_brand","embeddable":true,"href":"https:\/\/lamphallen.se\/sv_se\/wp-json\/wp\/v2\/product_brand?post=19668"},{"taxonomy":"product_cat","embeddable":true,"href":"https:\/\/lamphallen.se\/sv_se\/wp-json\/wp\/v2\/product_cat?post=19668"},{"taxonomy":"product_tag","embeddable":true,"href":"https:\/\/lamphallen.se\/sv_se\/wp-json\/wp\/v2\/product_tag?post=19668"},{"taxonomy":"berocket_brand","embeddable":true,"href":"https:\/\/lamphallen.se\/sv_se\/wp-json\/wp\/v2\/berocket_brand?post=19668"}],"curies":[{"name":"wp","href":"https:\/\/api.w.org\/{rel}","templated":true}]}}