{"id":19720,"date":"2024-07-15T18:10:15","date_gmt":"2024-07-15T22:10:15","guid":{"rendered":"https:\/\/lamphallen.se\/sv_se\/product\/vattentat-rod-led-bulb-15w-ip65-e27-vt-1125\/"},"modified":"2024-08-03T12:36:55","modified_gmt":"2024-08-03T16:36:55","slug":"vattentat-rod-led-bulb-15w-ip65-e27-vt-1125","status":"publish","type":"product","link":"https:\/\/lamphallen.se\/sv_se\/product\/vattentat-rod-led-bulb-15w-ip65-e27-vt-1125\/","title":{"rendered":"VATTENT\u00c4T R\u00d6D LED BULB 15W IP65 E27 VT-1125"},"content":{"rendered":"<ul>\n<li>LED Typ: SMD LED<\/li>\n<li>Instant Start: 0.001 sec (instant on)<\/li>\n<li>Medellivsl\u00e4ngd: 20.000 tim.<\/li>\n<li>Effekt: 15W<\/li>\n<li>Motsvarar: 100W<\/li>\n<li>Lumen: 1200&nbsp;lm<\/li>\n<li>Sockel: E27<\/li>\n<li>Beam Angle: 30\u00b0<\/li>\n<li>Body Type: PAR38<\/li>\n<li>Ljustemperatur: R\u00d6D<\/li>\n<li>Ljus F\u00e4rg: R\u00d6D<\/li>\n<li>Dimbar: Nej<\/li>\n<li>Energiklass: A++<\/li>\n<li>Ra: &gt;Ra80<\/li>\n<li>PF: 0.5<\/li>\n<li>Arbetstemperatur: -20\u00b0 +45\u00b0<\/li>\n<li>F\u00e4rgstabilitet:&nbsp;&lt;6<\/li>\n<li>Luminous intensity, Cd: 5605 Cd Max.<\/li>\n<li>On\/Off cycles:&nbsp;15000<\/li>\n<li>Lumenunderh\u00e5llsfaktor vid slutet av den nominella livsl\u00e4ngden:&nbsp;70%<\/li>\n<li>Sp\u00e4nning: AC:180-240V, 50\/60Hz<\/li>\n<li>Material:Plastic Coated Aluminum<\/li>\n<li>Garanti (\u00c5rs): 2<\/li>\n<li>CRI:&nbsp;&gt;80<\/li>\n<li>St\u00e5rlek: 132x120mm<\/li>\n<\/ul>\n<p><strong>Features:<\/strong><\/p>\n<ul>\n<li>Energy consumption \u2013 80% less than standard bulbs<\/li>\n<li>Extremely long life<\/li>\n<li>No UV and near-IR radiation<\/li>\n<li>Instant ON 100 % light, no warm-up time<\/li>\n<li>Lower thermal output<\/li>\n<li>Direct replacement for conventional incandescent lamps<\/li>\n<\/ul>\n<p><strong>Applications:<\/strong><\/p>\n<ul>\n<li>Commercial &amp; Residential areas<\/li>\n<li>Hotels, Bars<\/li>\n<li>Exhibition Stands<\/li>\n<li>Chandeliers<\/li>\n<li>Outdoor applications only in suitable luminaires<\/li>\n<\/ul>\n<p><strong>Packaging:<\/strong><\/p>\n<p><strong>Unit Details:<\/strong><\/p>\n<p>Gross Weight(GW) Kgs: 0.21<br \/>\nUnit CBM:&nbsp;0,00024<\/p>\n<p><strong>Master Box Packaging:<\/strong><\/p>\n<p>Master Box Qty (Pcs Per Carton): 40<\/p>\n<p><strong>Listing Details:<\/strong><\/p>\n<p>EAN Code: 3800157606318<\/p>\n","protected":false},"excerpt":{"rendered":"<p>LED Typ: SMD LED Instant Start: 0.001 sec (instant on) Medellivsl\u00e4ngd: 20.000 tim. Effekt: 15W Motsvarar: 100W Lumen: 1200&nbsp;lm Sockel: E27 Beam Angle: 30\u00b0 Body Type: PAR38 Ljustemperatur: R\u00d6D Ljus F\u00e4rg: R\u00d6D Dimbar: Nej Energiklass: A++ Ra: &gt;Ra80 PF: 0.5 Arbetstemperatur: -20\u00b0 +45\u00b0 F\u00e4rgstabilitet:&nbsp;&lt;6 Luminous intensity, Cd: 5605 Cd Max. On\/Off cycles:&nbsp;15000 Lumenunderh\u00e5llsfaktor vid slutet av den nominella livsl\u00e4ngden:&nbsp;70% Sp\u00e4nning: [&hellip;]<\/p>\n","protected":false},"featured_media":19723,"comment_status":"closed","ping_status":"closed","template":"","meta":{"content-type":"","_joinchat":[]},"product_brand":[],"product_cat":[41],"product_tag":[],"berocket_brand":[39],"class_list":{"0":"post-19720","1":"product","2":"type-product","3":"status-publish","4":"has-post-thumbnail","6":"product_cat-led-lampor","7":"berocket_brand-v-tac","9":"first","10":"instock","11":"sale","12":"taxable","13":"shipping-taxable","14":"purchasable","15":"product-type-variable","16":"has-default-attributes"},"_links":{"self":[{"href":"https:\/\/lamphallen.se\/sv_se\/wp-json\/wp\/v2\/product\/19720","targetHints":{"allow":["GET"]}}],"collection":[{"href":"https:\/\/lamphallen.se\/sv_se\/wp-json\/wp\/v2\/product"}],"about":[{"href":"https:\/\/lamphallen.se\/sv_se\/wp-json\/wp\/v2\/types\/product"}],"replies":[{"embeddable":true,"href":"https:\/\/lamphallen.se\/sv_se\/wp-json\/wp\/v2\/comments?post=19720"}],"wp:featuredmedia":[{"embeddable":true,"href":"https:\/\/lamphallen.se\/sv_se\/wp-json\/wp\/v2\/media\/19723"}],"wp:attachment":[{"href":"https:\/\/lamphallen.se\/sv_se\/wp-json\/wp\/v2\/media?parent=19720"}],"wp:term":[{"taxonomy":"product_brand","embeddable":true,"href":"https:\/\/lamphallen.se\/sv_se\/wp-json\/wp\/v2\/product_brand?post=19720"},{"taxonomy":"product_cat","embeddable":true,"href":"https:\/\/lamphallen.se\/sv_se\/wp-json\/wp\/v2\/product_cat?post=19720"},{"taxonomy":"product_tag","embeddable":true,"href":"https:\/\/lamphallen.se\/sv_se\/wp-json\/wp\/v2\/product_tag?post=19720"},{"taxonomy":"berocket_brand","embeddable":true,"href":"https:\/\/lamphallen.se\/sv_se\/wp-json\/wp\/v2\/berocket_brand?post=19720"}],"curies":[{"name":"wp","href":"https:\/\/api.w.org\/{rel}","templated":true}]}}