{"id":19757,"date":"2024-07-15T18:10:18","date_gmt":"2024-07-15T22:10:18","guid":{"rendered":"https:\/\/lamphallen.se\/sv_se\/product\/stralkastare-led-20w-vattentat-ip65-remix-20\/"},"modified":"2025-09-14T18:14:27","modified_gmt":"2025-09-14T16:14:27","slug":"stralkastare-led-20w-vattentat-ip65-remix-20","status":"publish","type":"product","link":"https:\/\/lamphallen.se\/sv_se\/product\/stralkastare-led-20w-vattentat-ip65-remix-20\/","title":{"rendered":"STR\u00c5LKASTARE LED 20W VATTENT\u00c4T IP65 REMIX-20"},"content":{"rendered":"<p>Perfekt utomhus belysning f\u00f6r garageuppfarten, tomt belysning, tr\u00e4dg\u00e5rdsbelysning, bevaknings belysning, industribelysning med mera.<\/p>\n<p>Har du halogenlampor som utomhusbelysning? Dessa LED str\u00e5lkastare \u00e4r mycket energibesparande utomhusbelysning i j\u00e4mf\u00f6relse med energislukande halogenlampor d\u00e4r LED str\u00e5lkastarna mycket snabbt sparar in hela kostnaden f\u00f6r ink\u00f6pet p\u00e5 elr\u00e4kningen!<\/p>\n<p>Chassi i aluminium med h\u00e4rdat frontglas f\u00f6r utomhusbruk (IP65-klass).<br \/>\nEndast 5% degenerering eller f\u00f6rs\u00e4mring av LED dioden efter 10000 timmar, dvs. industriell kvalitet.<\/p>\n<p>LED Typ:&nbsp;MD LED<br \/>\nmedellivsl\u00e4ngd: 25.000 tim.<br \/>\nEffekt: 20W<br \/>\nMotsvarar: 160W<br \/>\nLumen: <strong>1600 lm<\/strong><br \/>\nLjustemperatur: <strong>RGB+6400K<\/strong><br \/>\nLjus F\u00e4rg:<strong> RGB + Dagsljus<\/strong><br \/>\nDimbar: Nej<br \/>\nEnergiklass: A till&nbsp;A++<br \/>\nRa: &gt;Ra80<br \/>\nSp\u00e4nning: 100-265V<br \/>\nL\u00e5da Kvantitet: 40<br \/>\nMaterial: Aluminium Die Casting Body<\/p>\n<p><strong>Tekniska Information:<\/strong><\/p>\n<p><a href=\"http:\/\/lamphallen.se\/images\/remix-20%20068-020-0020.pdf\">Remix-20 Datasheet<\/a><\/p>\n","protected":false},"excerpt":{"rendered":"<p>Perfekt utomhus belysning f\u00f6r garageuppfarten, tomt belysning, tr\u00e4dg\u00e5rdsbelysning, bevaknings belysning, industribelysning med mera. Har du halogenlampor som utomhusbelysning? Dessa LED str\u00e5lkastare \u00e4r mycket energibesparande utomhusbelysning i j\u00e4mf\u00f6relse med energislukande halogenlampor d\u00e4r LED str\u00e5lkastarna mycket snabbt sparar in hela kostnaden f\u00f6r ink\u00f6pet p\u00e5 elr\u00e4kningen! Chassi i aluminium med h\u00e4rdat frontglas f\u00f6r utomhusbruk (IP65-klass). Endast 5% degenerering eller f\u00f6rs\u00e4mring av LED dioden [&hellip;]<\/p>\n","protected":false},"featured_media":19758,"comment_status":"open","ping_status":"closed","template":"","meta":{"content-type":"","_joinchat":[]},"product_brand":[],"product_cat":[74],"product_tag":[],"berocket_brand":[35],"class_list":{"0":"post-19757","1":"product","2":"type-product","3":"status-publish","4":"has-post-thumbnail","6":"product_cat-stralkastare","7":"berocket_brand-horoz-elektrik","9":"first","10":"instock","11":"sale","12":"taxable","13":"shipping-taxable","14":"purchasable","15":"product-type-simple"},"_links":{"self":[{"href":"https:\/\/lamphallen.se\/sv_se\/wp-json\/wp\/v2\/product\/19757","targetHints":{"allow":["GET"]}}],"collection":[{"href":"https:\/\/lamphallen.se\/sv_se\/wp-json\/wp\/v2\/product"}],"about":[{"href":"https:\/\/lamphallen.se\/sv_se\/wp-json\/wp\/v2\/types\/product"}],"replies":[{"embeddable":true,"href":"https:\/\/lamphallen.se\/sv_se\/wp-json\/wp\/v2\/comments?post=19757"}],"wp:featuredmedia":[{"embeddable":true,"href":"https:\/\/lamphallen.se\/sv_se\/wp-json\/wp\/v2\/media\/19758"}],"wp:attachment":[{"href":"https:\/\/lamphallen.se\/sv_se\/wp-json\/wp\/v2\/media?parent=19757"}],"wp:term":[{"taxonomy":"product_brand","embeddable":true,"href":"https:\/\/lamphallen.se\/sv_se\/wp-json\/wp\/v2\/product_brand?post=19757"},{"taxonomy":"product_cat","embeddable":true,"href":"https:\/\/lamphallen.se\/sv_se\/wp-json\/wp\/v2\/product_cat?post=19757"},{"taxonomy":"product_tag","embeddable":true,"href":"https:\/\/lamphallen.se\/sv_se\/wp-json\/wp\/v2\/product_tag?post=19757"},{"taxonomy":"berocket_brand","embeddable":true,"href":"https:\/\/lamphallen.se\/sv_se\/wp-json\/wp\/v2\/berocket_brand?post=19757"}],"curies":[{"name":"wp","href":"https:\/\/api.w.org\/{rel}","templated":true}]}}