{"id":19850,"date":"2024-07-15T18:10:23","date_gmt":"2024-07-15T22:10:23","guid":{"rendered":"https:\/\/lamphallen.se\/sv_se\/product\/led-spotlight-dimbar-7w-4000k-vit-o-58mm-lena\/"},"modified":"2024-07-23T08:17:21","modified_gmt":"2024-07-23T12:17:21","slug":"led-spotlight-dimbar-7w-4000k-vit-o-58mm-lena","status":"publish","type":"product","link":"https:\/\/lamphallen.se\/sv_se\/product\/led-spotlight-dimbar-7w-4000k-vit-o-58mm-lena\/","title":{"rendered":"LED-SPOTLIGHT DIMBAR 7W 4000K VIT \u00a0\u00d8 58mm\u00a0&#8211; LENA"},"content":{"rendered":"<p>LED Typ: <strong>COB&nbsp;LED<\/strong><br \/>\n<strong>medellivsl\u00e4ngd: 40.000 tim.<\/strong><br \/>\nEffekt: <strong>7W<\/strong><br \/>\nMotsvarar: 56W<br \/>\nLumen: <strong>700&nbsp;lm<\/strong><br \/>\nLjustemperatur: <strong>4000K<\/strong><br \/>\nLjus F\u00e4rg: VIT<br \/>\n<strong>Dimbar: <span style=\"color:#ff0000\">Ja<\/span><\/strong><br \/>\nEnergiklass: A till&nbsp;A++<br \/>\nRa: &gt;Ra70<br \/>\nSp\u00e4nning: 220-240V<br \/>\nMaterial: Aluminium<\/p>\n<p><strong>M\u00e5tt:<\/strong><br \/>\n<strong>&nbsp;<\/strong>\u00d8 58mm&nbsp;<br \/>\n&nbsp;H\u00f6jd&nbsp;50mm<\/p>\n<p><strong>Tekniska Dokument:<\/strong><\/p>\n<p>Str\u00e5levinkel: <strong>36\u00b0<\/strong><\/p>\n","protected":false},"excerpt":{"rendered":"<p>LED Typ: COB&nbsp;LED medellivsl\u00e4ngd: 40.000 tim. Effekt: 7W Motsvarar: 56W Lumen: 700&nbsp;lm Ljustemperatur: 4000K Ljus F\u00e4rg: VIT Dimbar: Ja Energiklass: A till&nbsp;A++ Ra: &gt;Ra70 Sp\u00e4nning: 220-240V Material: Aluminium M\u00e5tt: &nbsp;\u00d8 58mm&nbsp; &nbsp;H\u00f6jd&nbsp;50mm Tekniska Dokument: Str\u00e5levinkel: 36\u00b0<\/p>\n","protected":false},"featured_media":19851,"comment_status":"open","ping_status":"closed","template":"","meta":{"content-type":"","_joinchat":[]},"product_brand":[],"product_cat":[89],"product_tag":[],"berocket_brand":[35],"class_list":{"0":"post-19850","1":"product","2":"type-product","3":"status-publish","4":"has-post-thumbnail","6":"product_cat-led-spotlight","7":"berocket_brand-horoz-elektrik","9":"first","10":"onbackorder","11":"sale","12":"taxable","13":"shipping-taxable","14":"purchasable","15":"product-type-simple"},"_links":{"self":[{"href":"https:\/\/lamphallen.se\/sv_se\/wp-json\/wp\/v2\/product\/19850","targetHints":{"allow":["GET"]}}],"collection":[{"href":"https:\/\/lamphallen.se\/sv_se\/wp-json\/wp\/v2\/product"}],"about":[{"href":"https:\/\/lamphallen.se\/sv_se\/wp-json\/wp\/v2\/types\/product"}],"replies":[{"embeddable":true,"href":"https:\/\/lamphallen.se\/sv_se\/wp-json\/wp\/v2\/comments?post=19850"}],"wp:featuredmedia":[{"embeddable":true,"href":"https:\/\/lamphallen.se\/sv_se\/wp-json\/wp\/v2\/media\/19851"}],"wp:attachment":[{"href":"https:\/\/lamphallen.se\/sv_se\/wp-json\/wp\/v2\/media?parent=19850"}],"wp:term":[{"taxonomy":"product_brand","embeddable":true,"href":"https:\/\/lamphallen.se\/sv_se\/wp-json\/wp\/v2\/product_brand?post=19850"},{"taxonomy":"product_cat","embeddable":true,"href":"https:\/\/lamphallen.se\/sv_se\/wp-json\/wp\/v2\/product_cat?post=19850"},{"taxonomy":"product_tag","embeddable":true,"href":"https:\/\/lamphallen.se\/sv_se\/wp-json\/wp\/v2\/product_tag?post=19850"},{"taxonomy":"berocket_brand","embeddable":true,"href":"https:\/\/lamphallen.se\/sv_se\/wp-json\/wp\/v2\/berocket_brand?post=19850"}],"curies":[{"name":"wp","href":"https:\/\/api.w.org\/{rel}","templated":true}]}}