{"id":19856,"date":"2024-07-15T18:10:23","date_gmt":"2024-07-15T22:10:23","guid":{"rendered":"https:\/\/lamphallen.se\/sv_se\/product\/led-spotlight-5w-downlight-vit-6400k-85-265v-o75-mm-vanessa-5\/"},"modified":"2026-03-30T13:48:31","modified_gmt":"2026-03-30T11:48:31","slug":"led-spotlight-5w-downlight-vit-6400k-85-265v-o75-mm-vanessa-5","status":"publish","type":"product","link":"https:\/\/lamphallen.se\/sv_se\/product\/led-spotlight-5w-downlight-vit-6400k-85-265v-o75-mm-vanessa-5\/","title":{"rendered":"LED-SPOTLIGHT 5W DOWNLIGHT VIT 6400K 85-265V \u00d875 mm VANESSA-5"},"content":{"rendered":"<p>LED Typ: COB\u00a0LED<br \/>\nmedellivsl\u00e4ngd: 30.000 tim.<br \/>\nEffekt: 5W<br \/>\nBeam Angle: 27.4\u00b0<br \/>\nMotsvarar: 40W<br \/>\nLumen: 341 lm<br \/>\nLjustemperatur:\u00a06400K<br \/>\nLjus F\u00e4rg: Dagsljus<br \/>\nDimbar: Nej<br \/>\nEnergiklass: A till\u00a0A++<br \/>\nRa: >Ra80<br \/>\nSp\u00e4nning: 85-265V<br \/>\nMaterial: Aluminium + GLASS<\/p>\n<p>Dimensioner:<br \/>\nDiameter: \u00d890 mm<br \/>\nInbyggnadsm\u00e5tt: \u00d875 mm<br \/>\nH\u00f6jd: 43 mm<\/p>\n<p><strong>Tekniska Dokument:<\/strong><\/p>\n<p><a href=\"http:\/\/www.lamphallen.se\/images\/datasheets\/vanessa-5   016-044-0005.pdf\">VANESSA-5 DATASHEET<\/a><\/p>\n","protected":false},"excerpt":{"rendered":"<p>LED Typ: COB\u00a0LED medellivsl\u00e4ngd: 30.000 tim. Effekt: 5W Beam Angle: 27.4\u00b0 Motsvarar: 40W Lumen: 341 lm Ljustemperatur:\u00a06400K Ljus F\u00e4rg: Dagsljus Dimbar: Nej Energiklass: A till\u00a0A++ Ra: >Ra80 Sp\u00e4nning: 85-265V Material: Aluminium + GLASS Dimensioner: Diameter: \u00d890 mm Inbyggnadsm\u00e5tt: \u00d875 mm H\u00f6jd: 43 mm Tekniska Dokument: VANESSA-5 DATASHEET<\/p>\n","protected":false},"featured_media":19857,"comment_status":"open","ping_status":"closed","template":"","meta":{"content-type":"","_joinchat":[]},"product_brand":[],"product_cat":[89],"product_tag":[],"berocket_brand":[35],"class_list":{"0":"post-19856","1":"product","2":"type-product","3":"status-publish","4":"has-post-thumbnail","6":"product_cat-led-spotlight","7":"berocket_brand-horoz-elektrik","9":"first","10":"instock","11":"sale","12":"taxable","13":"shipping-taxable","14":"purchasable","15":"product-type-simple"},"_links":{"self":[{"href":"https:\/\/lamphallen.se\/sv_se\/wp-json\/wp\/v2\/product\/19856","targetHints":{"allow":["GET"]}}],"collection":[{"href":"https:\/\/lamphallen.se\/sv_se\/wp-json\/wp\/v2\/product"}],"about":[{"href":"https:\/\/lamphallen.se\/sv_se\/wp-json\/wp\/v2\/types\/product"}],"replies":[{"embeddable":true,"href":"https:\/\/lamphallen.se\/sv_se\/wp-json\/wp\/v2\/comments?post=19856"}],"wp:featuredmedia":[{"embeddable":true,"href":"https:\/\/lamphallen.se\/sv_se\/wp-json\/wp\/v2\/media\/19857"}],"wp:attachment":[{"href":"https:\/\/lamphallen.se\/sv_se\/wp-json\/wp\/v2\/media?parent=19856"}],"wp:term":[{"taxonomy":"product_brand","embeddable":true,"href":"https:\/\/lamphallen.se\/sv_se\/wp-json\/wp\/v2\/product_brand?post=19856"},{"taxonomy":"product_cat","embeddable":true,"href":"https:\/\/lamphallen.se\/sv_se\/wp-json\/wp\/v2\/product_cat?post=19856"},{"taxonomy":"product_tag","embeddable":true,"href":"https:\/\/lamphallen.se\/sv_se\/wp-json\/wp\/v2\/product_tag?post=19856"},{"taxonomy":"berocket_brand","embeddable":true,"href":"https:\/\/lamphallen.se\/sv_se\/wp-json\/wp\/v2\/berocket_brand?post=19856"}],"curies":[{"name":"wp","href":"https:\/\/api.w.org\/{rel}","templated":true}]}}