{"id":20305,"date":"2024-07-15T18:11:30","date_gmt":"2024-07-15T22:11:30","guid":{"rendered":"https:\/\/lamphallen.se\/sv_se\/product\/rgbvit-ledlist-5-meter-9w-m-ip20-vt-5050-60\/"},"modified":"2024-07-15T18:11:31","modified_gmt":"2024-07-15T22:11:31","slug":"rgbvit-ledlist-5-meter-9w-m-ip20-vt-5050-60","status":"publish","type":"product","link":"https:\/\/lamphallen.se\/sv_se\/product\/rgbvit-ledlist-5-meter-9w-m-ip20-vt-5050-60\/","title":{"rendered":"RGB+VIT LEDLIST 5 METER 9W\/M IP20 VT-5050-60"},"content":{"rendered":"<p><strong>9W VT-5050-60 LED STRIP COLORCODE:RGB+VIT IP20<\/strong><\/p>\n<p><strong>Tekniska&nbsp;Information:<\/strong><\/p>\n<ul>\n<li>Instant Start: 0-100% in &lt; 1s<\/li>\n<li>Watts Per Meter: 9W<\/li>\n<li>Str\u00e5levinkel: 120\u00b0<\/li>\n<li>Livsl\u00e4ngd: 20,000 Tim<\/li>\n<li>IP Rating: IP20<\/li>\n<li>Dimbar: Nej<\/li>\n<li>Garanti (\u00c5rs): 2<\/li>\n<li>Driftstemperatur: -25 to +50\u00b0c<\/li>\n<li>Ing\u00e5ngseffekt: DC:12V<\/li>\n<li>Sensorkompatibilitet: Yes<\/li>\n<li>M\u00e5tt: 10mm<\/li>\n<li>Lumens per meter: 1000 lm<\/li>\n<li>Str\u00f6m per meter: 0.75A<\/li>\n<li>beh\u00f6ver <a href=\"https:\/\/lamphallen.se\/led-driver-8-5a-100w-ip20-vega-100\/product_details.php\/products_id\/154\">VEGA-100<\/a> f\u00f6r att styra den med <a href=\"https:\/\/lamphallen.se\/rgb-led-slinga-fjarrkontroll-2a-72w\/product_details.php\/products_id\/159\">RGB-controller<\/a><\/li>\n<\/ul>\n<p><strong>FUNKTIONER:<\/strong><\/p>\n<ul>\n<li>LED strip is a low Voltage flexible Ribbon available in DC:12V<\/li>\n<li>Standard copper Strip for excellent conductivity and heat dissipation<\/li>\n<li>High quality resistors for extremely lower voltage drops and efficient current control<\/li>\n<li>Extremely flexible with installation, cutting and reconnection to get bemolded to your application<\/li>\n<li>Cutting distance on every 6&nbsp;LED &amp; Connectors &#8211; Supports multiple profile installations<\/li>\n<li>Available in multiple color range from Warm White, White, Red, Blue,Green to RGB<\/li>\n<li>Easy Installation &amp; Maintenance<\/li>\n<li>Applications -Ideal for illuminating Borders, Edges, Cabinets, Bars and any area with limited space for installation.<\/li>\n<\/ul>\n<p>Note:&nbsp;Suitable &amp; Recommended for maximum daily use of 10-12 hours, usage beyond this would void the warranty<\/p>\n<p><strong>Packaging:<\/strong><\/p>\n<p><strong>Unit Details:<\/strong><\/p>\n<ul>\n<li>Gross Weight(GW) Kgs:&nbsp;0.023<\/li>\n<li>Length(Box)mm: 10<\/li>\n<li>Width(Box)mm: 210<\/li>\n<li>Height(Box)mm: 260<\/li>\n<li>Unit CBM: 0.0000735<\/li>\n<\/ul>\n<p><strong>Master Box Packaging:<\/strong><\/p>\n<ul>\n<li>Master Box Qty (Pcs Per Carton): 400<\/li>\n<li>Qty Per Pallet: 9600<\/li>\n<\/ul>\n<p><strong>Listing Details:<\/strong><\/p>\n<ul>\n<li>EAN Code: 3800230621535<\/li>\n<li>Commodity Code:9405403990<\/li>\n<\/ul>\n<p><a href=\"https:\/\/files.plytix.com\/api\/v1.1\/file\/public_files\/pim\/assets\/df\/a1\/f4\/59\/59f4a1dff03580228491e87b\/texts\/f5\/43\/8a\/5e\/5e8a43f5897ad20e71d2a2d8\/LED%20STRIP%20LIGHT%20-%2024%20Languages.pdf\"><strong>Instruction Manual<\/strong><\/a><\/p>\n<p>&nbsp;<\/p>\n","protected":false},"excerpt":{"rendered":"<p>9W VT-5050-60 LED STRIP COLORCODE:RGB+VIT IP20 Tekniska&nbsp;Information: Instant Start: 0-100% in &lt; 1s Watts Per Meter: 9W Str\u00e5levinkel: 120\u00b0 Livsl\u00e4ngd: 20,000 Tim IP Rating: IP20 Dimbar: Nej Garanti (\u00c5rs): 2 Driftstemperatur: -25 to +50\u00b0c Ing\u00e5ngseffekt: DC:12V Sensorkompatibilitet: Yes M\u00e5tt: 10mm Lumens per meter: 1000 lm Str\u00f6m per meter: 0.75A beh\u00f6ver VEGA-100 f\u00f6r att styra den med RGB-controller FUNKTIONER: LED strip [&hellip;]<\/p>\n","protected":false},"featured_media":20306,"comment_status":"closed","ping_status":"closed","template":"","meta":{"content-type":"","_joinchat":[]},"product_brand":[],"product_cat":[48],"product_tag":[],"berocket_brand":[39],"class_list":{"0":"post-20305","1":"product","2":"type-product","3":"status-publish","4":"has-post-thumbnail","6":"product_cat-led-lister","7":"berocket_brand-v-tac","9":"first","10":"instock","11":"sale","12":"taxable","13":"shipping-taxable","14":"purchasable","15":"product-type-simple"},"_links":{"self":[{"href":"https:\/\/lamphallen.se\/sv_se\/wp-json\/wp\/v2\/product\/20305","targetHints":{"allow":["GET"]}}],"collection":[{"href":"https:\/\/lamphallen.se\/sv_se\/wp-json\/wp\/v2\/product"}],"about":[{"href":"https:\/\/lamphallen.se\/sv_se\/wp-json\/wp\/v2\/types\/product"}],"replies":[{"embeddable":true,"href":"https:\/\/lamphallen.se\/sv_se\/wp-json\/wp\/v2\/comments?post=20305"}],"wp:featuredmedia":[{"embeddable":true,"href":"https:\/\/lamphallen.se\/sv_se\/wp-json\/wp\/v2\/media\/20306"}],"wp:attachment":[{"href":"https:\/\/lamphallen.se\/sv_se\/wp-json\/wp\/v2\/media?parent=20305"}],"wp:term":[{"taxonomy":"product_brand","embeddable":true,"href":"https:\/\/lamphallen.se\/sv_se\/wp-json\/wp\/v2\/product_brand?post=20305"},{"taxonomy":"product_cat","embeddable":true,"href":"https:\/\/lamphallen.se\/sv_se\/wp-json\/wp\/v2\/product_cat?post=20305"},{"taxonomy":"product_tag","embeddable":true,"href":"https:\/\/lamphallen.se\/sv_se\/wp-json\/wp\/v2\/product_tag?post=20305"},{"taxonomy":"berocket_brand","embeddable":true,"href":"https:\/\/lamphallen.se\/sv_se\/wp-json\/wp\/v2\/berocket_brand?post=20305"}],"curies":[{"name":"wp","href":"https:\/\/api.w.org\/{rel}","templated":true}]}}