{"id":20376,"date":"2024-07-15T18:11:35","date_gmt":"2024-07-15T22:11:35","guid":{"rendered":"https:\/\/lamphallen.se\/sv_se\/product\/tradgards-lampa-svart-vattentat-60w-ip44-nar-3\/"},"modified":"2025-01-28T10:57:13","modified_gmt":"2025-01-28T09:57:13","slug":"tradgards-lampa-svart-vattentat-60w-ip44-nar-3","status":"publish","type":"product","link":"https:\/\/lamphallen.se\/sv_se\/product\/tradgards-lampa-svart-vattentat-60w-ip44-nar-3\/","title":{"rendered":"TR\u00c4DG\u00c5RDS LAMPA SVART VATTENT\u00c4T 60W IP44 &#8211; NAR-3"},"content":{"rendered":"<p>\u00a0<\/p>\n<p>Lamp\u00a0Typ: Tr\u00e4dg\u00e5rdsbelysning\u00a0<\/p>\n<p>Effekt: Max 60W<br \/>\nDiffuser: PC<br \/>\nDimbar: Nej<br \/>\nLamp Sokel: E27<br \/>\nSp\u00e4nning: 220-240V<br \/>\nskyddsklass: IP44<\/p>\n","protected":false},"excerpt":{"rendered":"<p>\u00a0 Lamp\u00a0Typ: Tr\u00e4dg\u00e5rdsbelysning\u00a0 Effekt: Max 60W Diffuser: PC Dimbar: Nej Lamp Sokel: E27 Sp\u00e4nning: 220-240V skyddsklass: IP44<\/p>\n","protected":false},"featured_media":20377,"comment_status":"open","ping_status":"closed","template":"","meta":{"content-type":"","_joinchat":[]},"product_brand":[],"product_cat":[71],"product_tag":[],"berocket_brand":[35],"class_list":{"0":"post-20376","1":"product","2":"type-product","3":"status-publish","4":"has-post-thumbnail","6":"product_cat-tradgardslampor","7":"berocket_brand-horoz-elektrik","9":"first","10":"instock","11":"sale","12":"taxable","13":"shipping-taxable","14":"purchasable","15":"product-type-simple"},"_links":{"self":[{"href":"https:\/\/lamphallen.se\/sv_se\/wp-json\/wp\/v2\/product\/20376","targetHints":{"allow":["GET"]}}],"collection":[{"href":"https:\/\/lamphallen.se\/sv_se\/wp-json\/wp\/v2\/product"}],"about":[{"href":"https:\/\/lamphallen.se\/sv_se\/wp-json\/wp\/v2\/types\/product"}],"replies":[{"embeddable":true,"href":"https:\/\/lamphallen.se\/sv_se\/wp-json\/wp\/v2\/comments?post=20376"}],"wp:featuredmedia":[{"embeddable":true,"href":"https:\/\/lamphallen.se\/sv_se\/wp-json\/wp\/v2\/media\/20377"}],"wp:attachment":[{"href":"https:\/\/lamphallen.se\/sv_se\/wp-json\/wp\/v2\/media?parent=20376"}],"wp:term":[{"taxonomy":"product_brand","embeddable":true,"href":"https:\/\/lamphallen.se\/sv_se\/wp-json\/wp\/v2\/product_brand?post=20376"},{"taxonomy":"product_cat","embeddable":true,"href":"https:\/\/lamphallen.se\/sv_se\/wp-json\/wp\/v2\/product_cat?post=20376"},{"taxonomy":"product_tag","embeddable":true,"href":"https:\/\/lamphallen.se\/sv_se\/wp-json\/wp\/v2\/product_tag?post=20376"},{"taxonomy":"berocket_brand","embeddable":true,"href":"https:\/\/lamphallen.se\/sv_se\/wp-json\/wp\/v2\/berocket_brand?post=20376"}],"curies":[{"name":"wp","href":"https:\/\/api.w.org\/{rel}","templated":true}]}}