{"id":20384,"date":"2024-07-15T18:11:36","date_gmt":"2024-07-15T22:11:36","guid":{"rendered":"https:\/\/lamphallen.se\/sv_se\/product\/led-stralkastare-30w-ip65-samsung-chip-vt-30\/"},"modified":"2024-10-29T13:55:40","modified_gmt":"2024-10-29T12:55:40","slug":"led-stralkastare-30w-ip65-samsung-chip-vt-30","status":"publish","type":"product","link":"https:\/\/lamphallen.se\/sv_se\/product\/led-stralkastare-30w-ip65-samsung-chip-vt-30\/","title":{"rendered":"LED STR\u00c5LKASTARE 30W IP65 SAMSUNG CHIP VT-30"},"content":{"rendered":"<p>Dimensioner: 178x28x152mm<br \/>\nIP65 &#8211; Kan anv\u00e4ndas utomhus, t\u00e5l vattenst\u00e4nk och regn.<br \/>\nMed integrerad LED-ljusk\u00e4lla.<\/p>\n<p>Kom ih\u00e5g att k\u00f6pa:<br \/>\n&nbsp;Svart runda kopplingsdosa &#8211; Till samling av kabel, IP68 vattent\u00e4t<\/p>\n<p>LED Chip Typ: SMD-Samsung Chip<br \/>\nMedellivsl\u00e4ngd: 30.000 Tim.<br \/>\nEffekt: 30W<br \/>\nLuminous Flux: 2400 lm<br \/>\nLjustemperatur: 6400K<br \/>\nLjus F\u00e4rg: Vit<br \/>\nDimbar: Nej<br \/>\nEnergiklass: A to A++<br \/>\nIP Rating: IP65<br \/>\nColour Render Index CRI:&gt; Ra80<br \/>\nPF: &gt;0.9<br \/>\nBreddvinkel: 100\u00b0<br \/>\nSp\u00e4nning: 220-240V, 50HZ<br \/>\nDriftstemperatur: -20 to +45\u00b0c<br \/>\nSensorkompatibilitet: Ja<br \/>\nGaranti (\u00e5r): 5&nbsp;<br \/>\nMaterial: Aluminium Die Cast&nbsp;Aluminium Body<br \/>\nEnhet F\u00e4rg: Svart<br \/>\nM\u00e5tt: 178x28x152mm<\/p>\n<p><strong>Features:<\/strong><\/p>\n<ul>\n<li>Perfect replacement of Metal Hallide Floodlight, High Pressure Sodium Floodlight &amp; Halogen Floodlight<\/li>\n<li>Fascia glass sealed with SILICONE RUBBER ensuring superior waterproof \/airtight performance<\/li>\n<li>High Power LED Samsung Chip<\/li>\n<li>Constant current Integrated IC driver<\/li>\n<li>Premium Quality Die Casting Aluminium Body &#8211; Wire Length 1 Meter<\/li>\n<li>Corrosion Resistant<\/li>\n<li>Excellent coverage for area and fa\u00e7ade lighting<\/li>\n<li>Available in different color options of White , Day White &amp; Warm White<\/li>\n<li>Complies with LM-80<\/li>\n<li>Application &#8211; Building Fa\u00e7ade, Sports Facilities, Industrial, Commercial Bill Boards &amp; Hoardings, Parking Lots etc<\/li>\n<li>Note:&nbsp;&nbsp;Suitable &amp; Recommended for maximum daily use of 10-12 hours, usage beyond this would void the warranty<\/li>\n<\/ul>\n<p><strong>F\u00f6rpackning:<\/strong><\/p>\n<p><strong>Unit Details<\/strong><\/p>\n<p>Bruttovikt&nbsp;(GW) Kgs: 0.62<br \/>\nEnhet CBM: 0.000837<\/p>\n<p><strong>Master Box Packaging:<\/strong><\/p>\n<p>Master Box Qty (Pcs Per Carton): 10<br \/>\nQty Per Pallet: 1000<\/p>\n<p><strong>Noteringsinformation:<\/strong><\/p>\n<p>EAN Code: 3800157629041<br \/>\nCommodity Code: 9405403990<\/p>\n<p><strong>Tekniska Dokument:<\/strong><\/p>\n<p><a href=\"http:\/\/www.lamphallen.se\/images\/datasheets\/DATASHET%20SKU%20402%20VT-30.png\">VT-30 DATASHEET<\/a><\/p>\n","protected":false},"excerpt":{"rendered":"<p>Dimensioner: 178x28x152mm IP65 &#8211; Kan anv\u00e4ndas utomhus, t\u00e5l vattenst\u00e4nk och regn. Med integrerad LED-ljusk\u00e4lla. Kom ih\u00e5g att k\u00f6pa: &nbsp;Svart runda kopplingsdosa &#8211; Till samling av kabel, IP68 vattent\u00e4t LED Chip Typ: SMD-Samsung Chip Medellivsl\u00e4ngd: 30.000 Tim. Effekt: 30W Luminous Flux: 2400 lm Ljustemperatur: 6400K Ljus F\u00e4rg: Vit Dimbar: Nej Energiklass: A to A++ IP Rating: IP65 Colour Render Index CRI:&gt; [&hellip;]<\/p>\n","protected":false},"featured_media":20385,"comment_status":"open","ping_status":"closed","template":"","meta":{"content-type":"","_joinchat":[]},"product_brand":[],"product_cat":[74],"product_tag":[],"berocket_brand":[38],"class_list":{"0":"post-20384","1":"product","2":"type-product","3":"status-publish","4":"has-post-thumbnail","6":"product_cat-stralkastare","7":"berocket_brand-samsung-led","9":"first","10":"instock","11":"sale","12":"taxable","13":"shipping-taxable","14":"purchasable","15":"product-type-simple"},"_links":{"self":[{"href":"https:\/\/lamphallen.se\/sv_se\/wp-json\/wp\/v2\/product\/20384","targetHints":{"allow":["GET"]}}],"collection":[{"href":"https:\/\/lamphallen.se\/sv_se\/wp-json\/wp\/v2\/product"}],"about":[{"href":"https:\/\/lamphallen.se\/sv_se\/wp-json\/wp\/v2\/types\/product"}],"replies":[{"embeddable":true,"href":"https:\/\/lamphallen.se\/sv_se\/wp-json\/wp\/v2\/comments?post=20384"}],"wp:featuredmedia":[{"embeddable":true,"href":"https:\/\/lamphallen.se\/sv_se\/wp-json\/wp\/v2\/media\/20385"}],"wp:attachment":[{"href":"https:\/\/lamphallen.se\/sv_se\/wp-json\/wp\/v2\/media?parent=20384"}],"wp:term":[{"taxonomy":"product_brand","embeddable":true,"href":"https:\/\/lamphallen.se\/sv_se\/wp-json\/wp\/v2\/product_brand?post=20384"},{"taxonomy":"product_cat","embeddable":true,"href":"https:\/\/lamphallen.se\/sv_se\/wp-json\/wp\/v2\/product_cat?post=20384"},{"taxonomy":"product_tag","embeddable":true,"href":"https:\/\/lamphallen.se\/sv_se\/wp-json\/wp\/v2\/product_tag?post=20384"},{"taxonomy":"berocket_brand","embeddable":true,"href":"https:\/\/lamphallen.se\/sv_se\/wp-json\/wp\/v2\/berocket_brand?post=20384"}],"curies":[{"name":"wp","href":"https:\/\/api.w.org\/{rel}","templated":true}]}}