{"id":20484,"date":"2024-07-15T18:11:41","date_gmt":"2024-07-15T22:11:41","guid":{"rendered":"https:\/\/lamphallen.se\/sv_se\/product\/runda-led-spotlight-5w-o75cm-3-cct-nora-pro-5\/"},"modified":"2025-12-11T14:35:29","modified_gmt":"2025-12-11T13:35:29","slug":"runda-led-spotlight-5w-o75mm-3-cct-nora-pro-5","status":"publish","type":"product","link":"https:\/\/lamphallen.se\/sv_se\/product\/runda-led-spotlight-5w-o75mm-3-cct-nora-pro-5\/","title":{"rendered":"RUNDA LED-SPOTLIGHT 5W \u00d870mm 3 CCT &#8211; NORA PRO-5"},"content":{"rendered":"<p>LED Typ: COB LED<br \/>\nMedellivsl\u00e4ngd: 20.000 Hrs.<br \/>\nEffekt: 5W<br \/>\nMotsvarar: 50W<br \/>\nLumen: 450 lm<br \/>\nSockel: Isolerad Sockel<br \/>\nLjustemperatur: 3 cct : 6500k-4000k-3000k<br \/>\nF\u00e4rg: Kallvit &#8211; Vit &#8211; Varmvit<br \/>\n<strong>Dimbar: <span style=\"color: #ff0000;\">NEJ<\/span><\/strong><br \/>\nEnergiklass: A till\u00a0<strong>A++<\/strong><br \/>\nRa: &gt;Ra80<br \/>\nSp\u00e4nning: 170-265V<br \/>\nMaterial: J\u00e4rn<br \/>\nStr\u00e5levinkel: 52\u00b0<\/p>\n<p>Storlek: 85x25x\u00d870 mm<\/p>\n<p><a href=\"https:\/\/www.horozelektrik.com\/Data\/Document\/Product\/3099\/016-053-1005.pdf\">Nora Pro Datasheet<\/a><\/p>\n<p><strong>F\u00f6rv\u00e4ntas att skickas om 4\u00a0dagars om \u00e4r inte tillg\u00e4nglig i lager.<\/strong><\/p>\n<p>&nbsp;<\/p>\n","protected":false},"excerpt":{"rendered":"<p>LED Typ: COB LED Medellivsl\u00e4ngd: 20.000 Hrs. Effekt: 5W Motsvarar: 50W Lumen: 450 lm Sockel: Isolerad Sockel Ljustemperatur: 3 cct : 6500k-4000k-3000k F\u00e4rg: Kallvit &#8211; Vit &#8211; Varmvit Dimbar: NEJ Energiklass: A till\u00a0A++ Ra: &gt;Ra80 Sp\u00e4nning: 170-265V Material: J\u00e4rn Str\u00e5levinkel: 52\u00b0 Storlek: 85x25x\u00d870 mm Nora Pro Datasheet F\u00f6rv\u00e4ntas att skickas om 4\u00a0dagars om \u00e4r inte tillg\u00e4nglig i lager. &nbsp;<\/p>\n","protected":false},"featured_media":20487,"comment_status":"open","ping_status":"closed","template":"","meta":{"content-type":"","_joinchat":[]},"product_brand":[],"product_cat":[89],"product_tag":[],"berocket_brand":[35],"class_list":{"0":"post-20484","1":"product","2":"type-product","3":"status-publish","4":"has-post-thumbnail","6":"product_cat-led-spotlight","7":"berocket_brand-horoz-elektrik","9":"first","10":"instock","11":"taxable","12":"shipping-taxable","13":"purchasable","14":"product-type-variable","15":"has-default-attributes"},"_links":{"self":[{"href":"https:\/\/lamphallen.se\/sv_se\/wp-json\/wp\/v2\/product\/20484","targetHints":{"allow":["GET"]}}],"collection":[{"href":"https:\/\/lamphallen.se\/sv_se\/wp-json\/wp\/v2\/product"}],"about":[{"href":"https:\/\/lamphallen.se\/sv_se\/wp-json\/wp\/v2\/types\/product"}],"replies":[{"embeddable":true,"href":"https:\/\/lamphallen.se\/sv_se\/wp-json\/wp\/v2\/comments?post=20484"}],"wp:featuredmedia":[{"embeddable":true,"href":"https:\/\/lamphallen.se\/sv_se\/wp-json\/wp\/v2\/media\/20487"}],"wp:attachment":[{"href":"https:\/\/lamphallen.se\/sv_se\/wp-json\/wp\/v2\/media?parent=20484"}],"wp:term":[{"taxonomy":"product_brand","embeddable":true,"href":"https:\/\/lamphallen.se\/sv_se\/wp-json\/wp\/v2\/product_brand?post=20484"},{"taxonomy":"product_cat","embeddable":true,"href":"https:\/\/lamphallen.se\/sv_se\/wp-json\/wp\/v2\/product_cat?post=20484"},{"taxonomy":"product_tag","embeddable":true,"href":"https:\/\/lamphallen.se\/sv_se\/wp-json\/wp\/v2\/product_tag?post=20484"},{"taxonomy":"berocket_brand","embeddable":true,"href":"https:\/\/lamphallen.se\/sv_se\/wp-json\/wp\/v2\/berocket_brand?post=20484"}],"curies":[{"name":"wp","href":"https:\/\/api.w.org\/{rel}","templated":true}]}}