{"id":20602,"date":"2024-07-15T18:11:50","date_gmt":"2024-07-15T22:11:50","guid":{"rendered":"https:\/\/lamphallen.se\/sv_se\/product\/musiktaklampa-lumiere-48w-rgb-fargskiftande-moon-rgb-48\/"},"modified":"2025-10-08T14:09:24","modified_gmt":"2025-10-08T12:09:24","slug":"musiktaklampa-lumiere-48w-rgb-fargskiftande-moon-rgb-48","status":"publish","type":"product","link":"https:\/\/lamphallen.se\/sv_se\/product\/musiktaklampa-lumiere-48w-rgb-fargskiftande-moon-rgb-48\/","title":{"rendered":"Musiktaklampa Lumi\u00e8re 48W RGB f\u00e4rgskiftande MOON RGB-48"},"content":{"rendered":"<p><strong>Musiktaklampa Lumi\u00e8re 48W RGB F\u00e4rgskiftande med Bluetooth-H\u00f6gtalare App och Fj\u00e4rrkontroll Dimbar 3000K \u2013 6500K MOON RGB-48<\/strong><\/p>\n<p>LED Typ:\u00a0SMD LED<br \/>\nmedellivsl\u00e4ngd: 20.000 tim.<br \/>\nEffekt: 48W<br \/>\nOn\/Off Cycles >15000<br \/>\nLumen: <strong>3840\u00a0lm<\/strong><br \/>\nF\u00e4rg: Vit<br \/>\nLjustemperatur: <strong>3000K \u2014>\u00a06500K \u2013 RGB<\/strong><br \/>\nLjus F\u00e4rg: Varmvit \u2013 Kallvit \u2013 Dagsljus \u2013 RGB<br \/>\nDimbar: Ja<br \/>\nEnergiklass: A+<br \/>\nRa: >Ra80<br \/>\nPF:\u00a0>0.6<br \/>\nSkyddsklass: IP20<br \/>\nSp\u00e4nning:\u00a0AC:175-240V,50\/60Hz<br \/>\nMaterial: PC<br \/>\nStr\u00e5lvinkel: 180\u00b0<br \/>\nM\u00e5tt: <strong>380<\/strong>x85mm<br \/>\nDriftstemperatur: -20\u00b0C till + 45\u00b0C<br \/>\nGaranti: 2\u00a0\u00e5rs<\/p>\n<p><strong>Funktioner:<\/strong><\/p>\n<ul>\n<li>Ny smart Domelight designad f\u00f6r att v\u00e4xla mellan f\u00e4rger med fj\u00e4rrkontroll<\/li>\n<li>Anv\u00e4nder h\u00f6gkvalitativ drivrutin och LED-chip<\/li>\n<li>Utm\u00e4rkt v\u00e4rmeavledning<\/li>\n<li>Icke-flimrande och ingen UV-str\u00e5lning<\/li>\n<li>Enkel installation \u2013 L\u00e5gt underh\u00e5ll<\/li>\n<li>Applikationer \u2013 Vardagsrum, sovrum, verktyg, passage etc.<\/li>\n<\/ul>\n<p>Obs: L\u00e4mplig och rekommenderad f\u00f6r maximal daglig anv\u00e4ndning p\u00e5 10-12 timmar, anv\u00e4ndning ut\u00f6ver detta upph\u00e4ver garantin<\/p>\n<p><strong>F\u00f6rpackning:<\/strong><\/p>\n<p>Bruttovikt(GW) Kgs:<\/p>\n<p><strong>Master Box-f\u00f6rpackning:<\/strong><\/p>\n<p>Master Box Qty (Pcs Per Carton): 10<\/p>\n<p><strong>Tekniska Dokument:<\/strong><br \/>\n<a href=\"http:\/\/www.lamphallen.se\/images\/datasheets\/DATASHEETS-moon-48.png\">MOON RGB-48 DATASHEET<\/a><\/p>\n","protected":false},"excerpt":{"rendered":"<p>Musiktaklampa Lumi\u00e8re 48W RGB F\u00e4rgskiftande med Bluetooth-H\u00f6gtalare App och Fj\u00e4rrkontroll Dimbar 3000K \u2013 6500K MOON RGB-48 LED Typ:\u00a0SMD LED medellivsl\u00e4ngd: 20.000 tim. Effekt: 48W On\/Off Cycles >15000 Lumen: 3840\u00a0lm F\u00e4rg: Vit Ljustemperatur: 3000K \u2014>\u00a06500K \u2013 RGB Ljus F\u00e4rg: Varmvit \u2013 Kallvit \u2013 Dagsljus \u2013 RGB Dimbar: Ja Energiklass: A+ Ra: >Ra80 PF:\u00a0>0.6 Skyddsklass: IP20 Sp\u00e4nning:\u00a0AC:175-240V,50\/60Hz Material: PC Str\u00e5lvinkel: 180\u00b0 M\u00e5tt: [&hellip;]<\/p>\n","protected":false},"featured_media":20603,"comment_status":"open","ping_status":"closed","template":"","meta":{"content-type":"","_joinchat":[]},"product_brand":[],"product_cat":[47],"product_tag":[],"berocket_brand":[37],"class_list":{"0":"post-20602","1":"product","2":"type-product","3":"status-publish","4":"has-post-thumbnail","6":"product_cat-plafonder-taklampa-inomhus","7":"berocket_brand-lumiere","9":"first","10":"instock","11":"sale","12":"taxable","13":"shipping-taxable","14":"purchasable","15":"product-type-simple"},"_links":{"self":[{"href":"https:\/\/lamphallen.se\/sv_se\/wp-json\/wp\/v2\/product\/20602","targetHints":{"allow":["GET"]}}],"collection":[{"href":"https:\/\/lamphallen.se\/sv_se\/wp-json\/wp\/v2\/product"}],"about":[{"href":"https:\/\/lamphallen.se\/sv_se\/wp-json\/wp\/v2\/types\/product"}],"replies":[{"embeddable":true,"href":"https:\/\/lamphallen.se\/sv_se\/wp-json\/wp\/v2\/comments?post=20602"}],"wp:featuredmedia":[{"embeddable":true,"href":"https:\/\/lamphallen.se\/sv_se\/wp-json\/wp\/v2\/media\/20603"}],"wp:attachment":[{"href":"https:\/\/lamphallen.se\/sv_se\/wp-json\/wp\/v2\/media?parent=20602"}],"wp:term":[{"taxonomy":"product_brand","embeddable":true,"href":"https:\/\/lamphallen.se\/sv_se\/wp-json\/wp\/v2\/product_brand?post=20602"},{"taxonomy":"product_cat","embeddable":true,"href":"https:\/\/lamphallen.se\/sv_se\/wp-json\/wp\/v2\/product_cat?post=20602"},{"taxonomy":"product_tag","embeddable":true,"href":"https:\/\/lamphallen.se\/sv_se\/wp-json\/wp\/v2\/product_tag?post=20602"},{"taxonomy":"berocket_brand","embeddable":true,"href":"https:\/\/lamphallen.se\/sv_se\/wp-json\/wp\/v2\/berocket_brand?post=20602"}],"curies":[{"name":"wp","href":"https:\/\/api.w.org\/{rel}","templated":true}]}}