{"id":20667,"date":"2024-07-15T18:11:53","date_gmt":"2024-07-15T22:11:53","guid":{"rendered":"https:\/\/lamphallen.se\/sv_se\/product\/led-stralkastare-400w-85-265v-vattentat-34000-lumen-lion-400\/"},"modified":"2024-07-23T08:01:58","modified_gmt":"2024-07-23T12:01:58","slug":"led-stralkastare-400w-85-265v-vattentat-34000-lumen-lion-400","status":"publish","type":"product","link":"https:\/\/lamphallen.se\/sv_se\/product\/led-stralkastare-400w-85-265v-vattentat-34000-lumen-lion-400\/","title":{"rendered":"LED Str\u00e5lkastare 400W 85-265V Vattent\u00e4t 34000 Lumen LION-400"},"content":{"rendered":"<p>LED Typ:&nbsp;COB LED<br \/>\nmedellivsl\u00e4ngd: 50.000 tim.<br \/>\nEffekt: 400W<br \/>\nMotsvarar: 3200W<br \/>\nLumen: 34.000 lm<br \/>\nLjustemperatur:&nbsp;6400K<br \/>\nLjus F\u00e4rg: KALLVit<br \/>\nDimbar: Nej<br \/>\nEnergiklass: A till&nbsp;A++<br \/>\nRa: &gt;Ra70<br \/>\nSp\u00e4nning: 85-265V<br \/>\nMaterial: Aluminium Die Casting Body<\/p>\n<p>Tekniska Dokument:<\/p>\n<p><a href=\"http:\/\/www.lamphallen.se\/images\/files\/068-013-0400.pdf\">LION-400 Datasheet<\/a><\/p>\n","protected":false},"excerpt":{"rendered":"<p>LED Typ:&nbsp;COB LED medellivsl\u00e4ngd: 50.000 tim. Effekt: 400W Motsvarar: 3200W Lumen: 34.000 lm Ljustemperatur:&nbsp;6400K Ljus F\u00e4rg: KALLVit Dimbar: Nej Energiklass: A till&nbsp;A++ Ra: &gt;Ra70 Sp\u00e4nning: 85-265V Material: Aluminium Die Casting Body Tekniska Dokument: LION-400 Datasheet<\/p>\n","protected":false},"featured_media":20668,"comment_status":"open","ping_status":"closed","template":"","meta":{"content-type":"","_joinchat":[]},"product_brand":[],"product_cat":[74],"product_tag":[],"berocket_brand":[35],"class_list":{"0":"post-20667","1":"product","2":"type-product","3":"status-publish","4":"has-post-thumbnail","6":"product_cat-stralkastare","7":"berocket_brand-horoz-elektrik","9":"first","10":"onbackorder","11":"sale","12":"taxable","13":"shipping-taxable","14":"purchasable","15":"product-type-simple"},"_links":{"self":[{"href":"https:\/\/lamphallen.se\/sv_se\/wp-json\/wp\/v2\/product\/20667","targetHints":{"allow":["GET"]}}],"collection":[{"href":"https:\/\/lamphallen.se\/sv_se\/wp-json\/wp\/v2\/product"}],"about":[{"href":"https:\/\/lamphallen.se\/sv_se\/wp-json\/wp\/v2\/types\/product"}],"replies":[{"embeddable":true,"href":"https:\/\/lamphallen.se\/sv_se\/wp-json\/wp\/v2\/comments?post=20667"}],"wp:featuredmedia":[{"embeddable":true,"href":"https:\/\/lamphallen.se\/sv_se\/wp-json\/wp\/v2\/media\/20668"}],"wp:attachment":[{"href":"https:\/\/lamphallen.se\/sv_se\/wp-json\/wp\/v2\/media?parent=20667"}],"wp:term":[{"taxonomy":"product_brand","embeddable":true,"href":"https:\/\/lamphallen.se\/sv_se\/wp-json\/wp\/v2\/product_brand?post=20667"},{"taxonomy":"product_cat","embeddable":true,"href":"https:\/\/lamphallen.se\/sv_se\/wp-json\/wp\/v2\/product_cat?post=20667"},{"taxonomy":"product_tag","embeddable":true,"href":"https:\/\/lamphallen.se\/sv_se\/wp-json\/wp\/v2\/product_tag?post=20667"},{"taxonomy":"berocket_brand","embeddable":true,"href":"https:\/\/lamphallen.se\/sv_se\/wp-json\/wp\/v2\/berocket_brand?post=20667"}],"curies":[{"name":"wp","href":"https:\/\/api.w.org\/{rel}","templated":true}]}}