{"id":20760,"date":"2024-07-15T18:15:40","date_gmt":"2024-07-15T22:15:40","guid":{"rendered":"https:\/\/lamphallen.se\/sv_se\/product\/8w-filament-led-lampa-2200k-rustic-tube-8\/"},"modified":"2024-08-01T09:03:43","modified_gmt":"2024-08-01T13:03:43","slug":"8w-filament-led-lampa-2200k-rustic-tube-8","status":"publish","type":"product","link":"https:\/\/lamphallen.se\/sv_se\/product\/8w-filament-led-lampa-2200k-rustic-tube-8\/","title":{"rendered":"8W FILAMENT LED LAMPA 2200K RUSTIC TUBE-8"},"content":{"rendered":"<p>LED Typ:&nbsp;FIlament LED<br \/>\nmedellivsl\u00e4ngd: 20,000 tim.<br \/>\nEffekt: 8W<br \/>\nMotsvarar: 8W<br \/>\nLumen: 720 lm<br \/>\nSockel: E27<br \/>\nLjustemperatur:&nbsp;2200K (Amber)<br \/>\nLjus F\u00e4rg: Varmvit<br \/>\nDimbar: Nej<br \/>\nEnergiklass: A+<br \/>\nRa: &gt;Ra80<br \/>\nSp\u00e4nning: 220-240V \/ 50-60Hz<br \/>\nMaterial: Glas<br \/>\nStorlek: 235x30mm<\/p>\n","protected":false},"excerpt":{"rendered":"<p>LED Typ:&nbsp;FIlament LED medellivsl\u00e4ngd: 20,000 tim. Effekt: 8W Motsvarar: 8W Lumen: 720 lm Sockel: E27 Ljustemperatur:&nbsp;2200K (Amber) Ljus F\u00e4rg: Varmvit Dimbar: Nej Energiklass: A+ Ra: &gt;Ra80 Sp\u00e4nning: 220-240V \/ 50-60Hz Material: Glas Storlek: 235x30mm<\/p>\n","protected":false},"featured_media":20761,"comment_status":"open","ping_status":"closed","template":"","meta":{"content-type":"","_joinchat":[]},"product_brand":[],"product_cat":[41],"product_tag":[],"berocket_brand":[35],"class_list":{"0":"post-20760","1":"product","2":"type-product","3":"status-publish","4":"has-post-thumbnail","6":"product_cat-led-lampor","7":"berocket_brand-horoz-elektrik","9":"first","10":"onbackorder","11":"sale","12":"taxable","13":"shipping-taxable","14":"purchasable","15":"product-type-simple"},"_links":{"self":[{"href":"https:\/\/lamphallen.se\/sv_se\/wp-json\/wp\/v2\/product\/20760","targetHints":{"allow":["GET"]}}],"collection":[{"href":"https:\/\/lamphallen.se\/sv_se\/wp-json\/wp\/v2\/product"}],"about":[{"href":"https:\/\/lamphallen.se\/sv_se\/wp-json\/wp\/v2\/types\/product"}],"replies":[{"embeddable":true,"href":"https:\/\/lamphallen.se\/sv_se\/wp-json\/wp\/v2\/comments?post=20760"}],"wp:featuredmedia":[{"embeddable":true,"href":"https:\/\/lamphallen.se\/sv_se\/wp-json\/wp\/v2\/media\/20761"}],"wp:attachment":[{"href":"https:\/\/lamphallen.se\/sv_se\/wp-json\/wp\/v2\/media?parent=20760"}],"wp:term":[{"taxonomy":"product_brand","embeddable":true,"href":"https:\/\/lamphallen.se\/sv_se\/wp-json\/wp\/v2\/product_brand?post=20760"},{"taxonomy":"product_cat","embeddable":true,"href":"https:\/\/lamphallen.se\/sv_se\/wp-json\/wp\/v2\/product_cat?post=20760"},{"taxonomy":"product_tag","embeddable":true,"href":"https:\/\/lamphallen.se\/sv_se\/wp-json\/wp\/v2\/product_tag?post=20760"},{"taxonomy":"berocket_brand","embeddable":true,"href":"https:\/\/lamphallen.se\/sv_se\/wp-json\/wp\/v2\/berocket_brand?post=20760"}],"curies":[{"name":"wp","href":"https:\/\/api.w.org\/{rel}","templated":true}]}}