{"id":20762,"date":"2024-07-15T18:15:40","date_gmt":"2024-07-15T22:15:40","guid":{"rendered":"https:\/\/lamphallen.se\/sv_se\/product\/kronljuslampa-filament-led-4w-e14-filament-flame-4\/"},"modified":"2024-12-19T19:31:36","modified_gmt":"2024-12-19T18:31:36","slug":"kronljuslampa-filament-led-4w-e14-filament-flame-4","status":"publish","type":"product","link":"https:\/\/lamphallen.se\/sv_se\/product\/kronljuslampa-filament-led-4w-e14-filament-flame-4\/","title":{"rendered":"Kronljuslampa Filament LED 4W E14 FILAMENT FLAME-4"},"content":{"rendered":"<p><span style=\"vertical-align: inherit;\"><span style=\"vertical-align: inherit;\">LED Lampa Filament \u00e4r en LED-teknologi som efterliknar gl\u00f6dtr\u00e5den hos en gl\u00f6dlampa n\u00e4stan exakt och ger en rundstr\u00e5lande ljusk\u00e4lla.<\/span><\/span><\/p>\n<p><span style=\"vertical-align: inherit;\"><span style=\"vertical-align: inherit;\">LED Typ: FILAMENT LED <\/span><\/span><br \/>\n<span style=\"vertical-align: inherit;\"><span style=\"vertical-align: inherit;\">medellivsl\u00e4ngd: 20,000 h. <\/span><\/span><br \/>\n<span style=\"vertical-align: inherit;\"><span style=\"vertical-align: inherit;\">Effekt: 4W <\/span><\/span><br \/>\n<span style=\"vertical-align: inherit;\"><span style=\"vertical-align: inherit;\">Motsvarar: 32W <\/span><\/span><br \/>\n<span style=\"vertical-align: inherit;\"><span style=\"vertical-align: inherit;\">Lumen: <\/span><\/span>450<span style=\"vertical-align: inherit;\"><span style=\"vertical-align: inherit;\"> lm <\/span><\/span><br \/>\n<span style=\"vertical-align: inherit;\"><span style=\"vertical-align: inherit;\">Socket: E14 <\/span><\/span><br \/>\n<span style=\"vertical-align: inherit;\"><span style=\"vertical-align: inherit;\">Ljustemperatur: <\/span><\/span>2700K \/ 4200K<br \/>\n<span style=\"vertical-align: inherit;\"><span style=\"vertical-align: inherit;\">Ljus F\u00e4rg: Warm White \u2013 VIT<\/span><\/span><br \/>\n<span style=\"vertical-align: inherit;\"><span style=\"vertical-align: inherit;\">Dimbar: No <\/span><\/span><br \/>\n<span style=\"vertical-align: inherit;\"><span style=\"vertical-align: inherit;\">Energiklass: A + <\/span><\/span><br \/>\n<span style=\"vertical-align: inherit;\"><span style=\"vertical-align: inherit;\">Ra:> Ra80 <\/span><\/span><br \/>\n<span style=\"vertical-align: inherit;\"><span style=\"vertical-align: inherit;\">Sp\u00e4nning: <\/span><\/span>220-240V \/ 50-60Hz<br \/>\n<span style=\"vertical-align: inherit;\"><span style=\"vertical-align: inherit;\">Material: GLASS<\/span><\/span><\/p>\n<p><span style=\"vertical-align: inherit;\"><span style=\"vertical-align: inherit;\">Technical Documents:<\/span><\/span><\/p>\n<p><a href=\"http:\/\/www.lamphallen.se\/images\/datasheets\/FILAMENT FLAME-4 001-014-0004.pdf\"><span style=\"vertical-align: inherit;\"><span style=\"vertical-align: inherit;\">FILAMENT FLAME-4 DATA SHEET<\/span><\/span><\/a><\/p>\n","protected":false},"excerpt":{"rendered":"<p>LED Lampa Filament \u00e4r en LED-teknologi som efterliknar gl\u00f6dtr\u00e5den hos en gl\u00f6dlampa n\u00e4stan exakt och ger en rundstr\u00e5lande ljusk\u00e4lla. LED Typ: FILAMENT LED medellivsl\u00e4ngd: 20,000 h. Effekt: 4W Motsvarar: 32W Lumen: 450 lm Socket: E14 Ljustemperatur: 2700K \/ 4200K Ljus F\u00e4rg: Warm White \u2013 VIT Dimbar: No Energiklass: A + Ra:> Ra80 Sp\u00e4nning: 220-240V \/ 50-60Hz Material: GLASS Technical Documents: [&hellip;]<\/p>\n","protected":false},"featured_media":20765,"comment_status":"closed","ping_status":"closed","template":"","meta":{"content-type":"","_joinchat":[]},"product_brand":[],"product_cat":[41],"product_tag":[],"berocket_brand":[35],"class_list":{"0":"post-20762","1":"product","2":"type-product","3":"status-publish","4":"has-post-thumbnail","6":"product_cat-led-lampor","7":"berocket_brand-horoz-elektrik","9":"first","10":"instock","11":"sale","12":"taxable","13":"shipping-taxable","14":"purchasable","15":"product-type-variable"},"_links":{"self":[{"href":"https:\/\/lamphallen.se\/sv_se\/wp-json\/wp\/v2\/product\/20762","targetHints":{"allow":["GET"]}}],"collection":[{"href":"https:\/\/lamphallen.se\/sv_se\/wp-json\/wp\/v2\/product"}],"about":[{"href":"https:\/\/lamphallen.se\/sv_se\/wp-json\/wp\/v2\/types\/product"}],"replies":[{"embeddable":true,"href":"https:\/\/lamphallen.se\/sv_se\/wp-json\/wp\/v2\/comments?post=20762"}],"wp:featuredmedia":[{"embeddable":true,"href":"https:\/\/lamphallen.se\/sv_se\/wp-json\/wp\/v2\/media\/20765"}],"wp:attachment":[{"href":"https:\/\/lamphallen.se\/sv_se\/wp-json\/wp\/v2\/media?parent=20762"}],"wp:term":[{"taxonomy":"product_brand","embeddable":true,"href":"https:\/\/lamphallen.se\/sv_se\/wp-json\/wp\/v2\/product_brand?post=20762"},{"taxonomy":"product_cat","embeddable":true,"href":"https:\/\/lamphallen.se\/sv_se\/wp-json\/wp\/v2\/product_cat?post=20762"},{"taxonomy":"product_tag","embeddable":true,"href":"https:\/\/lamphallen.se\/sv_se\/wp-json\/wp\/v2\/product_tag?post=20762"},{"taxonomy":"berocket_brand","embeddable":true,"href":"https:\/\/lamphallen.se\/sv_se\/wp-json\/wp\/v2\/berocket_brand?post=20762"}],"curies":[{"name":"wp","href":"https:\/\/api.w.org\/{rel}","templated":true}]}}