{"id":20767,"date":"2024-07-15T18:15:40","date_gmt":"2024-07-15T22:15:40","guid":{"rendered":"https:\/\/lamphallen.se\/sv_se\/product\/led-stralkastare-50w-vattentat-ip65-aslan-50\/"},"modified":"2026-04-09T12:19:07","modified_gmt":"2026-04-09T10:19:07","slug":"led-stralkastare-50w-vattentat-ip65-aslan-50","status":"publish","type":"product","link":"https:\/\/lamphallen.se\/sv_se\/product\/led-stralkastare-50w-vattentat-ip65-aslan-50\/","title":{"rendered":"LED-STR\u00c5LKASTARE 50W VATTENT\u00c4T IP65 ASLAN-50"},"content":{"rendered":"<p>Perfekt utomhus belysning f\u00f6r garageuppfarten, tomt belysning, tr\u00e4dg\u00e5rdsbelysning, bevaknings belysning, industribelysning med mera.<\/p>\n<p>Har du halogenlampor som utomhusbelysning? Dessa LED str\u00e5lkastare \u00e4r mycket energibesparande utomhusbelysning i j\u00e4mf\u00f6relse med energislukande halogenlampor d\u00e4r LED str\u00e5lkastarna mycket snabbt sparar in hela kostnaden f\u00f6r ink\u00f6pet p\u00e5 elr\u00e4kningen!<\/p>\n<p>Chassi i aluminium med h\u00e4rdat frontglas f\u00f6r utomhusbruk (IP65-klass).<br \/>\nEndast 5% degenerering eller f\u00f6rs\u00e4mring av LED dioden efter 10000 timmar, dvs. industriell kvalitet.<\/p>\n<p>LED Typ:\u00a0SMD LED<br \/>\nmedellivsl\u00e4ngd: 30.000 tim.<br \/>\nEffekt: 50W<br \/>\nMotsvarar: 550W<br \/>\nLumen: 5500 lm<br \/>\nLjustemperatur: 6400K<br \/>\nLjus F\u00e4rg: Dagsljus<br \/>\nDimbar: Nej<br \/>\nEnergiklass: A till\u00a0A++<br \/>\nRa: >Ra80<br \/>\nSp\u00e4nning: 220-240V<br \/>\nMaterial: Aluminium Die Casting Body<\/p>\n<p>Vikt: 775g<\/p>\n<p>Tekniska Dokument:<\/p>\n<p><a href=\"http:\/\/www.lamphallen.se\/images\/datasheets\/ASLAN-50 068-010-0050.pdf\">ASLAN-50 DATASHEET<\/a><\/p>\n","protected":false},"excerpt":{"rendered":"<p>Perfekt utomhus belysning f\u00f6r garageuppfarten, tomt belysning, tr\u00e4dg\u00e5rdsbelysning, bevaknings belysning, industribelysning med mera. Har du halogenlampor som utomhusbelysning? Dessa LED str\u00e5lkastare \u00e4r mycket energibesparande utomhusbelysning i j\u00e4mf\u00f6relse med energislukande halogenlampor d\u00e4r LED str\u00e5lkastarna mycket snabbt sparar in hela kostnaden f\u00f6r ink\u00f6pet p\u00e5 elr\u00e4kningen! Chassi i aluminium med h\u00e4rdat frontglas f\u00f6r utomhusbruk (IP65-klass). Endast 5% degenerering eller f\u00f6rs\u00e4mring av LED dioden [&hellip;]<\/p>\n","protected":false},"featured_media":20768,"comment_status":"open","ping_status":"closed","template":"","meta":{"content-type":"","_joinchat":[]},"product_brand":[],"product_cat":[74],"product_tag":[],"berocket_brand":[35],"class_list":{"0":"post-20767","1":"product","2":"type-product","3":"status-publish","4":"has-post-thumbnail","6":"product_cat-stralkastare","7":"berocket_brand-horoz-elektrik","9":"first","10":"instock","11":"sale","12":"taxable","13":"shipping-taxable","14":"purchasable","15":"product-type-simple"},"_links":{"self":[{"href":"https:\/\/lamphallen.se\/sv_se\/wp-json\/wp\/v2\/product\/20767","targetHints":{"allow":["GET"]}}],"collection":[{"href":"https:\/\/lamphallen.se\/sv_se\/wp-json\/wp\/v2\/product"}],"about":[{"href":"https:\/\/lamphallen.se\/sv_se\/wp-json\/wp\/v2\/types\/product"}],"replies":[{"embeddable":true,"href":"https:\/\/lamphallen.se\/sv_se\/wp-json\/wp\/v2\/comments?post=20767"}],"wp:featuredmedia":[{"embeddable":true,"href":"https:\/\/lamphallen.se\/sv_se\/wp-json\/wp\/v2\/media\/20768"}],"wp:attachment":[{"href":"https:\/\/lamphallen.se\/sv_se\/wp-json\/wp\/v2\/media?parent=20767"}],"wp:term":[{"taxonomy":"product_brand","embeddable":true,"href":"https:\/\/lamphallen.se\/sv_se\/wp-json\/wp\/v2\/product_brand?post=20767"},{"taxonomy":"product_cat","embeddable":true,"href":"https:\/\/lamphallen.se\/sv_se\/wp-json\/wp\/v2\/product_cat?post=20767"},{"taxonomy":"product_tag","embeddable":true,"href":"https:\/\/lamphallen.se\/sv_se\/wp-json\/wp\/v2\/product_tag?post=20767"},{"taxonomy":"berocket_brand","embeddable":true,"href":"https:\/\/lamphallen.se\/sv_se\/wp-json\/wp\/v2\/berocket_brand?post=20767"}],"curies":[{"name":"wp","href":"https:\/\/api.w.org\/{rel}","templated":true}]}}