{"id":20812,"date":"2024-07-15T18:15:44","date_gmt":"2024-07-15T22:15:44","guid":{"rendered":"https:\/\/lamphallen.se\/sv_se\/product\/ramlos-infalld-led-downlight-30wdagsljus-6400k-o215-mm-stella-30\/"},"modified":"2024-07-23T07:52:56","modified_gmt":"2024-07-23T11:52:56","slug":"ramlos-infalld-led-downlight-30wdagsljus-6400k-o215-mm-stella-30","status":"publish","type":"product","link":"https:\/\/lamphallen.se\/sv_se\/product\/ramlos-infalld-led-downlight-30wdagsljus-6400k-o215-mm-stella-30\/","title":{"rendered":"RAML\u00d6S INF\u00c4LLD LED DOWNLIGHT 30WDAGSLJUS 6400K \u00d8215 mm STELLA-30"},"content":{"rendered":"<p>LED Typ:\u00a0SMD LED<br \/>\nMedellivsl\u00e4ngd: 25,000 tim.<br \/>\nEffekt: 30W<br \/>\nMotsvarar: 240W<br \/>\nLumen: 2260 lm<br \/>\nLjustemperatur:\u00a0<strong>6400K<\/strong><br \/>\nLjus F\u00e4rg: <strong>DAGSLJUS<\/strong><br \/>\nDimbar: Nej<br \/>\nEnergiklass: A till\u00a0A++<br \/>\nRa: >Ra80<br \/>\nSp\u00e4nning: 165-260V \/ 50-60Hz<br \/>\nMaterial: PC + Aluminium<br \/>\nStorlek:\u00a0223\u00d719 mm<br \/>\n<strong>Sk\u00e4rstorlek:\u00a0\u00d8215 mm<\/strong><\/p>\n<p><strong>Tekniska Dokument:<\/strong><\/p>\n<p><a href=\"http:\/\/www.lamphallen.se\/images\/016-052-0030.pdf\">STELLA-30\u00a0DATASHEET<\/a><\/p>\n","protected":false},"excerpt":{"rendered":"<p>LED Typ:\u00a0SMD LED Medellivsl\u00e4ngd: 25,000 tim. Effekt: 30W Motsvarar: 240W Lumen: 2260 lm Ljustemperatur:\u00a06400K Ljus F\u00e4rg: DAGSLJUS Dimbar: Nej Energiklass: A till\u00a0A++ Ra: >Ra80 Sp\u00e4nning: 165-260V \/ 50-60Hz Material: PC + Aluminium Storlek:\u00a0223\u00d719 mm Sk\u00e4rstorlek:\u00a0\u00d8215 mm Tekniska Dokument: STELLA-30\u00a0DATASHEET<\/p>\n","protected":false},"featured_media":20813,"comment_status":"open","ping_status":"closed","template":"","meta":{"content-type":"","_joinchat":[]},"product_brand":[],"product_cat":[46],"product_tag":[],"berocket_brand":[35],"class_list":{"0":"post-20812","1":"product","2":"type-product","3":"status-publish","4":"has-post-thumbnail","6":"product_cat-led-downlights","7":"berocket_brand-horoz-elektrik","9":"first","10":"onbackorder","11":"sale","12":"taxable","13":"shipping-taxable","14":"purchasable","15":"product-type-simple"},"_links":{"self":[{"href":"https:\/\/lamphallen.se\/sv_se\/wp-json\/wp\/v2\/product\/20812","targetHints":{"allow":["GET"]}}],"collection":[{"href":"https:\/\/lamphallen.se\/sv_se\/wp-json\/wp\/v2\/product"}],"about":[{"href":"https:\/\/lamphallen.se\/sv_se\/wp-json\/wp\/v2\/types\/product"}],"replies":[{"embeddable":true,"href":"https:\/\/lamphallen.se\/sv_se\/wp-json\/wp\/v2\/comments?post=20812"}],"wp:featuredmedia":[{"embeddable":true,"href":"https:\/\/lamphallen.se\/sv_se\/wp-json\/wp\/v2\/media\/20813"}],"wp:attachment":[{"href":"https:\/\/lamphallen.se\/sv_se\/wp-json\/wp\/v2\/media?parent=20812"}],"wp:term":[{"taxonomy":"product_brand","embeddable":true,"href":"https:\/\/lamphallen.se\/sv_se\/wp-json\/wp\/v2\/product_brand?post=20812"},{"taxonomy":"product_cat","embeddable":true,"href":"https:\/\/lamphallen.se\/sv_se\/wp-json\/wp\/v2\/product_cat?post=20812"},{"taxonomy":"product_tag","embeddable":true,"href":"https:\/\/lamphallen.se\/sv_se\/wp-json\/wp\/v2\/product_tag?post=20812"},{"taxonomy":"berocket_brand","embeddable":true,"href":"https:\/\/lamphallen.se\/sv_se\/wp-json\/wp\/v2\/berocket_brand?post=20812"}],"curies":[{"name":"wp","href":"https:\/\/api.w.org\/{rel}","templated":true}]}}