{"id":21031,"date":"2024-07-15T18:15:58","date_gmt":"2024-07-15T22:15:58","guid":{"rendered":"https:\/\/lamphallen.se\/sv_se\/product\/led-spotlight-gu10-lamphallare-vit-svart-basel\/"},"modified":"2026-03-28T19:59:27","modified_gmt":"2026-03-28T18:59:27","slug":"led-spotlight-gu10-lamphallare-vit-svart-basel","status":"publish","type":"product","link":"https:\/\/lamphallen.se\/sv_se\/product\/led-spotlight-gu10-lamphallare-vit-svart-basel\/","title":{"rendered":"LED SPOTLIGHT GU10 LAMPH\u00c5LLARE  VIT \/ SVART &#8211; BASEL"},"content":{"rendered":"<p>LED Typ:\u00a0COB LED<br \/>\nF\u00e4rg: Vit \/\u00a0svart<br \/>\nEffekt: Max. 50W<br \/>\nLamph\u00e5llare:GU10<br \/>\nDimbar: Nej<br \/>\nEnergiklass: E\u00a0till\u00a0A++<br \/>\nRa: >Ra70<br \/>\nSp\u00e4nning: 220-240V \/ 50-60Hz<br \/>\nMaterial: Aluminium<\/p>\n<p><strong>F\u00f6rv\u00e4ntas att skickas inom 4 dagars om \u00e4r inte tillg\u00e4nglig i lager.<\/strong><\/p>\n<p><strong>Tekniska Dokument:<\/strong><\/p>\n<p><a href=\"http:\/\/www.lamphallen.se\/images\/115-003-0001.pdf\">BASEL DATASHEET<\/a><\/p>\n","protected":false},"excerpt":{"rendered":"<p>LED Typ:\u00a0COB LED F\u00e4rg: Vit \/\u00a0svart Effekt: Max. 50W Lamph\u00e5llare:GU10 Dimbar: Nej Energiklass: E\u00a0till\u00a0A++ Ra: >Ra70 Sp\u00e4nning: 220-240V \/ 50-60Hz Material: Aluminium F\u00f6rv\u00e4ntas att skickas inom 4 dagars om \u00e4r inte tillg\u00e4nglig i lager. Tekniska Dokument: BASEL DATASHEET<\/p>\n","protected":false},"featured_media":21034,"comment_status":"open","ping_status":"closed","template":"","meta":{"content-type":"","_joinchat":[]},"product_brand":[],"product_cat":[53],"product_tag":[],"berocket_brand":[35],"class_list":{"0":"post-21031","1":"product","2":"type-product","3":"status-publish","4":"has-post-thumbnail","6":"product_cat-led-skensystem","7":"berocket_brand-horoz-elektrik","9":"first","10":"instock","11":"sale","12":"taxable","13":"shipping-taxable","14":"purchasable","15":"product-type-variable","16":"has-default-attributes"},"_links":{"self":[{"href":"https:\/\/lamphallen.se\/sv_se\/wp-json\/wp\/v2\/product\/21031","targetHints":{"allow":["GET"]}}],"collection":[{"href":"https:\/\/lamphallen.se\/sv_se\/wp-json\/wp\/v2\/product"}],"about":[{"href":"https:\/\/lamphallen.se\/sv_se\/wp-json\/wp\/v2\/types\/product"}],"replies":[{"embeddable":true,"href":"https:\/\/lamphallen.se\/sv_se\/wp-json\/wp\/v2\/comments?post=21031"}],"wp:featuredmedia":[{"embeddable":true,"href":"https:\/\/lamphallen.se\/sv_se\/wp-json\/wp\/v2\/media\/21034"}],"wp:attachment":[{"href":"https:\/\/lamphallen.se\/sv_se\/wp-json\/wp\/v2\/media?parent=21031"}],"wp:term":[{"taxonomy":"product_brand","embeddable":true,"href":"https:\/\/lamphallen.se\/sv_se\/wp-json\/wp\/v2\/product_brand?post=21031"},{"taxonomy":"product_cat","embeddable":true,"href":"https:\/\/lamphallen.se\/sv_se\/wp-json\/wp\/v2\/product_cat?post=21031"},{"taxonomy":"product_tag","embeddable":true,"href":"https:\/\/lamphallen.se\/sv_se\/wp-json\/wp\/v2\/product_tag?post=21031"},{"taxonomy":"berocket_brand","embeddable":true,"href":"https:\/\/lamphallen.se\/sv_se\/wp-json\/wp\/v2\/berocket_brand?post=21031"}],"curies":[{"name":"wp","href":"https:\/\/api.w.org\/{rel}","templated":true}]}}