{"id":21253,"date":"2024-07-15T18:17:08","date_gmt":"2024-07-15T22:17:08","guid":{"rendered":"https:\/\/lamphallen.se\/sv_se\/product\/10w-led-vagglampa-pir-sensor-vattentat-ip54-hector\/"},"modified":"2024-07-23T07:42:33","modified_gmt":"2024-07-23T11:42:33","slug":"10w-led-vagglampa-pir-sensor-vattentat-ip54-hector","status":"publish","type":"product","link":"https:\/\/lamphallen.se\/sv_se\/product\/10w-led-vagglampa-pir-sensor-vattentat-ip54-hector\/","title":{"rendered":"10W LED V\u00c4GGLAMPA PIR SENSOR VATTENT\u00c4T IP54 &#8211; HECTOR"},"content":{"rendered":"<p><strong>V\u00e4gglampa LED 10W TR\u00c4DG\u00c5RDSLAMPA 4200K VIT Vattent\u00e4t IP54<\/strong><\/p>\n<p>Watts: 10W<br \/>\nLumens:&nbsp;<strong>800lm<\/strong><br \/>\nBeam Angle: <strong>140\u00b0<\/strong><br \/>\nF\u00e4rg: Vit<br \/>\nBody Type: Plastik<br \/>\nLong life: <strong>30,000<\/strong>&nbsp;tim<br \/>\nIP Rating: <strong>IP54<\/strong><br \/>\nDimmbar: Nej<br \/>\n<strong>Garanti (\u00c5rs): 3<\/strong><br \/>\nDetekteringsavst\u00e5nd: Max. 9m &lt;24<strong>\u00b0<\/strong>C<br \/>\nAmbient Light: &lt;3-2000 LUX Justerbar<br \/>\nArbetsf\u00f6rdr\u00f6jning: Min. 10 sek &#8211; 3 sek, Max. 5 min. &#8211; 1 sek<br \/>\nInstallationsh\u00f6jd: 1,8-2,5m<br \/>\nDetektionsr\u00f6relsehastighet: 0,6-1,5m\/s<br \/>\nStr\u00f6m:&nbsp;AC:160-265V,50\/60Hz<br \/>\nStorlek (mm): 212&#215;44,5&#215;119<br \/>\nSensor: Ja<\/p>\n","protected":false},"excerpt":{"rendered":"<p>V\u00e4gglampa LED 10W TR\u00c4DG\u00c5RDSLAMPA 4200K VIT Vattent\u00e4t IP54 Watts: 10W Lumens:&nbsp;800lm Beam Angle: 140\u00b0 F\u00e4rg: Vit Body Type: Plastik Long life: 30,000&nbsp;tim IP Rating: IP54 Dimmbar: Nej Garanti (\u00c5rs): 3 Detekteringsavst\u00e5nd: Max. 9m &lt;24\u00b0C Ambient Light: &lt;3-2000 LUX Justerbar Arbetsf\u00f6rdr\u00f6jning: Min. 10 sek &#8211; 3 sek, Max. 5 min. &#8211; 1 sek Installationsh\u00f6jd: 1,8-2,5m Detektionsr\u00f6relsehastighet: 0,6-1,5m\/s Str\u00f6m:&nbsp;AC:160-265V,50\/60Hz Storlek (mm): 212&#215;44,5&#215;119 [&hellip;]<\/p>\n","protected":false},"featured_media":21254,"comment_status":"open","ping_status":"closed","template":"","meta":{"content-type":"","_joinchat":[]},"product_brand":[],"product_cat":[54],"product_tag":[],"berocket_brand":[35],"class_list":{"0":"post-21253","1":"product","2":"type-product","3":"status-publish","4":"has-post-thumbnail","6":"product_cat-vagglampor","7":"berocket_brand-horoz-elektrik","9":"first","10":"instock","11":"sale","12":"taxable","13":"shipping-taxable","14":"purchasable","15":"product-type-simple"},"_links":{"self":[{"href":"https:\/\/lamphallen.se\/sv_se\/wp-json\/wp\/v2\/product\/21253","targetHints":{"allow":["GET"]}}],"collection":[{"href":"https:\/\/lamphallen.se\/sv_se\/wp-json\/wp\/v2\/product"}],"about":[{"href":"https:\/\/lamphallen.se\/sv_se\/wp-json\/wp\/v2\/types\/product"}],"replies":[{"embeddable":true,"href":"https:\/\/lamphallen.se\/sv_se\/wp-json\/wp\/v2\/comments?post=21253"}],"wp:featuredmedia":[{"embeddable":true,"href":"https:\/\/lamphallen.se\/sv_se\/wp-json\/wp\/v2\/media\/21254"}],"wp:attachment":[{"href":"https:\/\/lamphallen.se\/sv_se\/wp-json\/wp\/v2\/media?parent=21253"}],"wp:term":[{"taxonomy":"product_brand","embeddable":true,"href":"https:\/\/lamphallen.se\/sv_se\/wp-json\/wp\/v2\/product_brand?post=21253"},{"taxonomy":"product_cat","embeddable":true,"href":"https:\/\/lamphallen.se\/sv_se\/wp-json\/wp\/v2\/product_cat?post=21253"},{"taxonomy":"product_tag","embeddable":true,"href":"https:\/\/lamphallen.se\/sv_se\/wp-json\/wp\/v2\/product_tag?post=21253"},{"taxonomy":"berocket_brand","embeddable":true,"href":"https:\/\/lamphallen.se\/sv_se\/wp-json\/wp\/v2\/berocket_brand?post=21253"}],"curies":[{"name":"wp","href":"https:\/\/api.w.org\/{rel}","templated":true}]}}