{"id":21269,"date":"2024-07-15T18:17:10","date_gmt":"2024-07-15T22:17:10","guid":{"rendered":"https:\/\/lamphallen.se\/sv_se\/product\/svart-guld-tradgardslampa-4200k-vattentat-marvel-10\/"},"modified":"2024-08-07T16:48:49","modified_gmt":"2024-08-07T20:48:49","slug":"svart-guld-tradgardslampa-4200k-vattentat-marvel-10","status":"publish","type":"product","link":"https:\/\/lamphallen.se\/sv_se\/product\/svart-guld-tradgardslampa-4200k-vattentat-marvel-10\/","title":{"rendered":"SVART &#8211; GULD TR\u00c4DG\u00c5RDSLAMPA 4200K VATTENT\u00c4T  &#8211; MARVEL-10"},"content":{"rendered":"<p>Led Typ: COB LED<\/p>\n<p>F\u00e4rg: Svart och guld<br \/>\nEffekt: 10W<br \/>\nDimbar: Nej<br \/>\nSp\u00e4nning: 100-240V<br \/>\nLumen: 517LM<br \/>\nGenomsnittligt liv: 30.000 Tim<br \/>\nskyddsklass: IP65<br \/>\nLjus\u00a0Temperatur: 4200K<\/p>\n<p>&nbsp;<\/p>\n","protected":false},"excerpt":{"rendered":"<p>Led Typ: COB LED F\u00e4rg: Svart och guld Effekt: 10W Dimbar: Nej Sp\u00e4nning: 100-240V Lumen: 517LM Genomsnittligt liv: 30.000 Tim skyddsklass: IP65 Ljus\u00a0Temperatur: 4200K &nbsp;<\/p>\n","protected":false},"featured_media":21270,"comment_status":"closed","ping_status":"closed","template":"","meta":{"content-type":"","_joinchat":[]},"product_brand":[],"product_cat":[71],"product_tag":[],"berocket_brand":[35],"class_list":{"0":"post-21269","1":"product","2":"type-product","3":"status-publish","4":"has-post-thumbnail","6":"product_cat-tradgardslampor","7":"berocket_brand-horoz-elektrik","9":"first","10":"onbackorder","11":"sale","12":"taxable","13":"shipping-taxable","14":"purchasable","15":"product-type-simple"},"_links":{"self":[{"href":"https:\/\/lamphallen.se\/sv_se\/wp-json\/wp\/v2\/product\/21269","targetHints":{"allow":["GET"]}}],"collection":[{"href":"https:\/\/lamphallen.se\/sv_se\/wp-json\/wp\/v2\/product"}],"about":[{"href":"https:\/\/lamphallen.se\/sv_se\/wp-json\/wp\/v2\/types\/product"}],"replies":[{"embeddable":true,"href":"https:\/\/lamphallen.se\/sv_se\/wp-json\/wp\/v2\/comments?post=21269"}],"wp:featuredmedia":[{"embeddable":true,"href":"https:\/\/lamphallen.se\/sv_se\/wp-json\/wp\/v2\/media\/21270"}],"wp:attachment":[{"href":"https:\/\/lamphallen.se\/sv_se\/wp-json\/wp\/v2\/media?parent=21269"}],"wp:term":[{"taxonomy":"product_brand","embeddable":true,"href":"https:\/\/lamphallen.se\/sv_se\/wp-json\/wp\/v2\/product_brand?post=21269"},{"taxonomy":"product_cat","embeddable":true,"href":"https:\/\/lamphallen.se\/sv_se\/wp-json\/wp\/v2\/product_cat?post=21269"},{"taxonomy":"product_tag","embeddable":true,"href":"https:\/\/lamphallen.se\/sv_se\/wp-json\/wp\/v2\/product_tag?post=21269"},{"taxonomy":"berocket_brand","embeddable":true,"href":"https:\/\/lamphallen.se\/sv_se\/wp-json\/wp\/v2\/berocket_brand?post=21269"}],"curies":[{"name":"wp","href":"https:\/\/api.w.org\/{rel}","templated":true}]}}