{"id":21293,"date":"2024-07-15T18:17:12","date_gmt":"2024-07-15T22:17:12","guid":{"rendered":"https:\/\/lamphallen.se\/sv_se\/product\/led-lamp-60w-6400k-havza-60\/"},"modified":"2025-09-25T15:24:24","modified_gmt":"2025-09-25T13:24:24","slug":"led-lamp-60w-6400k-havza-60","status":"publish","type":"product","link":"https:\/\/lamphallen.se\/sv_se\/product\/led-lamp-60w-6400k-havza-60\/","title":{"rendered":"LED lamp 60W 6400K Havza-60"},"content":{"rendered":"<p>LED Typ:\u00a0SMD LED<br \/>\nMedellivsl\u00e4ngd: 20.000 tim.<br \/>\nL\u00e4ngd: <strong>117,3 cm<\/strong><br \/>\nEffekt: <strong>60W<\/strong><br \/>\nMotsvarar: 288W<br \/>\nLumen: 4620 lm<br \/>\nSkyddsklass: IP20<br \/>\nF\u00e4rg: Vit<br \/>\nLjustemperatur:\u00a0<strong>6400K<\/strong><br \/>\nLjus F\u00e4rg: Vit<br \/>\nDimbar: Nej<br \/>\nEnergiklass: A\u00a0to A++<br \/>\nRa: &gt;Ra70<br \/>\nSp\u00e4nning: 125-265V<br \/>\nMaterial: PS + METAL<\/p>\n<p><a href=\"http:\/\/www.lamphallen.se\/images\/havza-60.pdf\">HAVZA-60<\/a><\/p>\n","protected":false},"excerpt":{"rendered":"<p>LED Typ:\u00a0SMD LED Medellivsl\u00e4ngd: 20.000 tim. L\u00e4ngd: 117,3 cm Effekt: 60W Motsvarar: 288W Lumen: 4620 lm Skyddsklass: IP20 F\u00e4rg: Vit Ljustemperatur:\u00a06400K Ljus F\u00e4rg: Vit Dimbar: Nej Energiklass: A\u00a0to A++ Ra: &gt;Ra70 Sp\u00e4nning: 125-265V Material: PS + METAL HAVZA-60<\/p>\n","protected":false},"featured_media":21294,"comment_status":"open","ping_status":"closed","template":"","meta":{"content-type":"","_joinchat":[]},"product_brand":[],"product_cat":[50],"product_tag":[],"berocket_brand":[35],"class_list":{"0":"post-21293","1":"product","2":"type-product","3":"status-publish","4":"has-post-thumbnail","6":"product_cat-led-armaturer","7":"berocket_brand-horoz-elektrik","9":"first","10":"onbackorder","11":"sale","12":"taxable","13":"shipping-taxable","14":"purchasable","15":"product-type-simple"},"_links":{"self":[{"href":"https:\/\/lamphallen.se\/sv_se\/wp-json\/wp\/v2\/product\/21293","targetHints":{"allow":["GET"]}}],"collection":[{"href":"https:\/\/lamphallen.se\/sv_se\/wp-json\/wp\/v2\/product"}],"about":[{"href":"https:\/\/lamphallen.se\/sv_se\/wp-json\/wp\/v2\/types\/product"}],"replies":[{"embeddable":true,"href":"https:\/\/lamphallen.se\/sv_se\/wp-json\/wp\/v2\/comments?post=21293"}],"wp:featuredmedia":[{"embeddable":true,"href":"https:\/\/lamphallen.se\/sv_se\/wp-json\/wp\/v2\/media\/21294"}],"wp:attachment":[{"href":"https:\/\/lamphallen.se\/sv_se\/wp-json\/wp\/v2\/media?parent=21293"}],"wp:term":[{"taxonomy":"product_brand","embeddable":true,"href":"https:\/\/lamphallen.se\/sv_se\/wp-json\/wp\/v2\/product_brand?post=21293"},{"taxonomy":"product_cat","embeddable":true,"href":"https:\/\/lamphallen.se\/sv_se\/wp-json\/wp\/v2\/product_cat?post=21293"},{"taxonomy":"product_tag","embeddable":true,"href":"https:\/\/lamphallen.se\/sv_se\/wp-json\/wp\/v2\/product_tag?post=21293"},{"taxonomy":"berocket_brand","embeddable":true,"href":"https:\/\/lamphallen.se\/sv_se\/wp-json\/wp\/v2\/berocket_brand?post=21293"}],"curies":[{"name":"wp","href":"https:\/\/api.w.org\/{rel}","templated":true}]}}