{"id":21313,"date":"2024-07-15T18:17:14","date_gmt":"2024-07-15T22:17:14","guid":{"rendered":"https:\/\/lamphallen.se\/sv_se\/product\/enkelfarg-led-list-vattentant-ip65-220v-3-rad-marshall\/"},"modified":"2026-04-03T16:15:17","modified_gmt":"2026-04-03T14:15:17","slug":"enkelfarg-led-list-vattentant-ip65-220v-3-rad-marshall","status":"publish","type":"product","link":"https:\/\/lamphallen.se\/sv_se\/product\/enkelfarg-led-list-vattentant-ip65-220v-3-rad-marshall\/","title":{"rendered":"ENKELF\u00c4RG LED LIST VATTENT\u00c4NT IP65 220V 3 RAD &#8211; MARSHALL"},"content":{"rendered":"<ul>\n<li>11W\/meter &#8211; 240 LED \/ meter<\/li>\n<li>1130 Lumen \/ meter<\/li>\n<li>Vattent\u00e4t IP65<\/li>\n<li>100 meter \/ rulle<\/li>\n<li>priset \u00e4r f\u00f6r 1 meter<\/li>\n<li>28&#215;35 smd led<\/li>\n<li>30.000 tim<\/li>\n<li>120\u00b0<\/li>\n<li>Full PVC-konstruktion med IP65-klassning och h\u00f6g UV-best\u00e4ndighet vilket g\u00f6r den l\u00e4mplig f\u00f6r inomhus- och utomhusapplikationer<\/li>\n<li>Drivrutinsl\u00f6s design med inbyggd konstantstr\u00f6m IC-drivrutin och likriktare f\u00f6r direkt 220-240V AC-str\u00f6mf\u00f6rs\u00f6rjning &#8211; inget behov av ytterligare drivrutiner<\/li>\n<li>\u00d6versp\u00e4nnings-, \u00f6verstr\u00f6ms- och \u00f6vertemperaturskydd med inbyggd IC-drivrutin<\/li>\n<li>ATLANTIC AC-remsan klarar harmoniska krav f\u00f6r klass C f\u00f6r EMC-certifiering med bandl\u00e4ngder som anv\u00e4nder mer \u00e4n 25W<\/li>\n<li>Maximal l\u00f6pl\u00e4ngd p\u00e5 100m med sk\u00e4rpunkter var 20:e cm<\/li>\n<li>Enkel och snabb montering och montering med hj\u00e4lp av olika tillg\u00e4ngliga tillbeh\u00f6r<\/li>\n<li>Tillg\u00e4nglig via Cut to Length-tj\u00e4nsten som erbjuds av Robus Conversions-teamet<\/li>\n<li>Finns i 3000K och 6400K<\/li>\n<\/ul>\n","protected":false},"excerpt":{"rendered":"<p>11W\/meter &#8211; 240 LED \/ meter 1130 Lumen \/ meter Vattent\u00e4t IP65 100 meter \/ rulle priset \u00e4r f\u00f6r 1 meter 28&#215;35 smd led 30.000 tim 120\u00b0 Full PVC-konstruktion med IP65-klassning och h\u00f6g UV-best\u00e4ndighet vilket g\u00f6r den l\u00e4mplig f\u00f6r inomhus- och utomhusapplikationer Drivrutinsl\u00f6s design med inbyggd konstantstr\u00f6m IC-drivrutin och likriktare f\u00f6r direkt 220-240V AC-str\u00f6mf\u00f6rs\u00f6rjning &#8211; inget behov av ytterligare drivrutiner [&hellip;]<\/p>\n","protected":false},"featured_media":21315,"comment_status":"open","ping_status":"closed","template":"","meta":{"content-type":"","_joinchat":[]},"product_brand":[],"product_cat":[68],"product_tag":[],"berocket_brand":[35],"class_list":{"0":"post-21313","1":"product","2":"type-product","3":"status-publish","4":"has-post-thumbnail","6":"product_cat-led-vattentat-lister","7":"berocket_brand-horoz-elektrik","9":"first","10":"instock","11":"sale","12":"taxable","13":"shipping-taxable","14":"purchasable","15":"product-type-variable","16":"has-default-attributes"},"_links":{"self":[{"href":"https:\/\/lamphallen.se\/sv_se\/wp-json\/wp\/v2\/product\/21313","targetHints":{"allow":["GET"]}}],"collection":[{"href":"https:\/\/lamphallen.se\/sv_se\/wp-json\/wp\/v2\/product"}],"about":[{"href":"https:\/\/lamphallen.se\/sv_se\/wp-json\/wp\/v2\/types\/product"}],"replies":[{"embeddable":true,"href":"https:\/\/lamphallen.se\/sv_se\/wp-json\/wp\/v2\/comments?post=21313"}],"wp:featuredmedia":[{"embeddable":true,"href":"https:\/\/lamphallen.se\/sv_se\/wp-json\/wp\/v2\/media\/21315"}],"wp:attachment":[{"href":"https:\/\/lamphallen.se\/sv_se\/wp-json\/wp\/v2\/media?parent=21313"}],"wp:term":[{"taxonomy":"product_brand","embeddable":true,"href":"https:\/\/lamphallen.se\/sv_se\/wp-json\/wp\/v2\/product_brand?post=21313"},{"taxonomy":"product_cat","embeddable":true,"href":"https:\/\/lamphallen.se\/sv_se\/wp-json\/wp\/v2\/product_cat?post=21313"},{"taxonomy":"product_tag","embeddable":true,"href":"https:\/\/lamphallen.se\/sv_se\/wp-json\/wp\/v2\/product_tag?post=21313"},{"taxonomy":"berocket_brand","embeddable":true,"href":"https:\/\/lamphallen.se\/sv_se\/wp-json\/wp\/v2\/berocket_brand?post=21313"}],"curies":[{"name":"wp","href":"https:\/\/api.w.org\/{rel}","templated":true}]}}