{"id":21318,"date":"2024-07-15T18:17:14","date_gmt":"2024-07-15T22:17:14","guid":{"rendered":"https:\/\/lamphallen.se\/sv_se\/product\/rgb-led-list-vattentant-ip65-220-240v-2rad-hudson-rgb\/"},"modified":"2025-05-31T15:51:26","modified_gmt":"2025-05-31T13:51:26","slug":"rgb-led-list-vattentant-ip65-220-240v-2rad-hudson-rgb","status":"publish","type":"product","link":"https:\/\/lamphallen.se\/sv_se\/product\/rgb-led-list-vattentant-ip65-220-240v-2rad-hudson-rgb\/","title":{"rendered":"RGB LED LIST VATTENT\u00c4NT IP65 220-240V 2RAD- HUDSON RGB"},"content":{"rendered":"<ul>\n<li>RULLE\u00a0\u00c4R\u00a0100 METER L\u00c5NG<\/li>\n<li>Double Row, 28&#215;35 SMD\u00a0LED<\/li>\n<li>medellivsl\u00e4ngd: 30.000 tim.<\/li>\n<li>Effekt: 12W\u00a0\/ meter<\/li>\n<li>Detaljer: 50 LED \/ meter, vattent\u00e4tt\u00a0kan klippas varje\u00a01 meter<\/li>\n<li>Lumen:<\/li>\n<li>skyddsklass: IP65<\/li>\n<li>Ljustemperatur:\u00a0RGB<\/li>\n<li>Ljus F\u00e4rg: RGB<\/li>\n<li>Dimbar: Ja<\/li>\n<li>Energiklass: A\u00a0to A++<\/li>\n<li>Ra: &gt;Ra80<\/li>\n<li>Sp\u00e4nning: 220-240V<\/li>\n<li>Material: Kisel<\/li>\n<\/ul>\n<p>DU KAN OCKS\u00c5 K\u00d6PA: <a href=\"https:\/\/www.lamphallen.se\/product_details.php?products_id=795\">VATTENT\u00c4T TR\u00c5DL\u00d6S LED LIST FJ\u00c4RKONTROL<\/a><\/p>\n<p>Tekniska Dokument:<\/p>\n<p>HUDSON RGB<\/p>\n","protected":false},"excerpt":{"rendered":"<p>RULLE\u00a0\u00c4R\u00a0100 METER L\u00c5NG Double Row, 28&#215;35 SMD\u00a0LED medellivsl\u00e4ngd: 30.000 tim. Effekt: 12W\u00a0\/ meter Detaljer: 50 LED \/ meter, vattent\u00e4tt\u00a0kan klippas varje\u00a01 meter Lumen: skyddsklass: IP65 Ljustemperatur:\u00a0RGB Ljus F\u00e4rg: RGB Dimbar: Ja Energiklass: A\u00a0to A++ Ra: &gt;Ra80 Sp\u00e4nning: 220-240V Material: Kisel DU KAN OCKS\u00c5 K\u00d6PA: VATTENT\u00c4T TR\u00c5DL\u00d6S LED LIST FJ\u00c4RKONTROL Tekniska Dokument: HUDSON RGB<\/p>\n","protected":false},"featured_media":21319,"comment_status":"open","ping_status":"closed","template":"","meta":{"content-type":"","_joinchat":[]},"product_brand":[],"product_cat":[68],"product_tag":[],"berocket_brand":[35],"class_list":{"0":"post-21318","1":"product","2":"type-product","3":"status-publish","4":"has-post-thumbnail","6":"product_cat-led-vattentat-lister","7":"berocket_brand-horoz-elektrik","9":"first","10":"instock","11":"sale","12":"taxable","13":"shipping-taxable","14":"purchasable","15":"product-type-simple"},"_links":{"self":[{"href":"https:\/\/lamphallen.se\/sv_se\/wp-json\/wp\/v2\/product\/21318","targetHints":{"allow":["GET"]}}],"collection":[{"href":"https:\/\/lamphallen.se\/sv_se\/wp-json\/wp\/v2\/product"}],"about":[{"href":"https:\/\/lamphallen.se\/sv_se\/wp-json\/wp\/v2\/types\/product"}],"replies":[{"embeddable":true,"href":"https:\/\/lamphallen.se\/sv_se\/wp-json\/wp\/v2\/comments?post=21318"}],"wp:featuredmedia":[{"embeddable":true,"href":"https:\/\/lamphallen.se\/sv_se\/wp-json\/wp\/v2\/media\/21319"}],"wp:attachment":[{"href":"https:\/\/lamphallen.se\/sv_se\/wp-json\/wp\/v2\/media?parent=21318"}],"wp:term":[{"taxonomy":"product_brand","embeddable":true,"href":"https:\/\/lamphallen.se\/sv_se\/wp-json\/wp\/v2\/product_brand?post=21318"},{"taxonomy":"product_cat","embeddable":true,"href":"https:\/\/lamphallen.se\/sv_se\/wp-json\/wp\/v2\/product_cat?post=21318"},{"taxonomy":"product_tag","embeddable":true,"href":"https:\/\/lamphallen.se\/sv_se\/wp-json\/wp\/v2\/product_tag?post=21318"},{"taxonomy":"berocket_brand","embeddable":true,"href":"https:\/\/lamphallen.se\/sv_se\/wp-json\/wp\/v2\/berocket_brand?post=21318"}],"curies":[{"name":"wp","href":"https:\/\/api.w.org\/{rel}","templated":true}]}}