{"id":21334,"date":"2024-07-15T18:17:15","date_gmt":"2024-07-15T22:17:15","guid":{"rendered":"https:\/\/lamphallen.se\/sv_se\/product\/ledlist-5m-24v-18w-m-ip20-canton-24\/"},"modified":"2025-09-26T11:04:45","modified_gmt":"2025-09-26T09:04:45","slug":"ledlist-5m-24v-18w-m-ip20-canton-24","status":"publish","type":"product","link":"https:\/\/lamphallen.se\/sv_se\/product\/ledlist-5m-24v-18w-m-ip20-canton-24\/","title":{"rendered":"LEDLIST 5M 24V 18W\/M IP20 CANTON-24"},"content":{"rendered":"<ul>\n<li>Ing\u00e5ngseffekt: DC 24V<\/li>\n<li>Wattage:18W\/m<\/li>\n<li>Current: 3,75A (5m Roll)<\/li>\n<li>Luminous Flux: 2000 lm\/m<\/li>\n<li>Color Temperature: 3000K\u00a0\/\u00a06400K<\/li>\n<li>LED Type: 240 LEDs\/m, <strong>DUBBEL CHIP<\/strong> 35&#215;28 SMD LED<\/li>\n<li>Livsl\u00e4ngd: 30.000 Hrs<\/li>\n<li>Details: Can be cut each 5 cm<\/li>\n<li>Self adhesive backing<\/li>\n<\/ul>\n<p><strong>FUNKTIONER:<\/strong><\/p>\n<ul>\n<li>Stabil SMD-teknik f\u00f6r b\u00e4ttre tillf\u00f6rlitlighet och l\u00e4ngre livsl\u00e4ngd<\/li>\n<li>Byggd med DC honkontakt f\u00f6r enkel installation<\/li>\n<li>L\u00e5gsp\u00e4nnings flexibelt band tillg\u00e4ngligt i DC: 24V<\/li>\n<li>5M rulle kvantitet<\/li>\n<li>Flexibel installation: Kapa och \u00e5teranslut remsan som du vill f\u00f6r att passa din applikation<\/li>\n<li>L\u00e4mplig f\u00f6r att belysa b\u00e5rder, kanter, sk\u00e5p, barer och omr\u00e5den med begr\u00e4nsat utrymme f\u00f6r installation<\/li>\n<\/ul>\n<p>Obs:\u00a0L\u00e4mplig och rekommenderad f\u00f6r maximal daglig anv\u00e4ndning p\u00e5 10-12 timmar, anv\u00e4ndning ut\u00f6ver detta skulle ogiltigf\u00f6rklara garantin<\/p>\n","protected":false},"excerpt":{"rendered":"<p>Ing\u00e5ngseffekt: DC 24V Wattage:18W\/m Current: 3,75A (5m Roll) Luminous Flux: 2000 lm\/m Color Temperature: 3000K\u00a0\/\u00a06400K LED Type: 240 LEDs\/m, DUBBEL CHIP 35&#215;28 SMD LED Livsl\u00e4ngd: 30.000 Hrs Details: Can be cut each 5 cm Self adhesive backing FUNKTIONER: Stabil SMD-teknik f\u00f6r b\u00e4ttre tillf\u00f6rlitlighet och l\u00e4ngre livsl\u00e4ngd Byggd med DC honkontakt f\u00f6r enkel installation L\u00e5gsp\u00e4nnings flexibelt band tillg\u00e4ngligt i DC: 24V [&hellip;]<\/p>\n","protected":false},"featured_media":21337,"comment_status":"open","ping_status":"closed","template":"","meta":{"content-type":"","_joinchat":[]},"product_brand":[],"product_cat":[48],"product_tag":[],"berocket_brand":[35],"class_list":{"0":"post-21334","1":"product","2":"type-product","3":"status-publish","4":"has-post-thumbnail","6":"product_cat-led-lister","7":"berocket_brand-horoz-elektrik","9":"first","10":"instock","11":"sale","12":"taxable","13":"shipping-taxable","14":"purchasable","15":"product-type-variable","16":"has-default-attributes"},"_links":{"self":[{"href":"https:\/\/lamphallen.se\/sv_se\/wp-json\/wp\/v2\/product\/21334","targetHints":{"allow":["GET"]}}],"collection":[{"href":"https:\/\/lamphallen.se\/sv_se\/wp-json\/wp\/v2\/product"}],"about":[{"href":"https:\/\/lamphallen.se\/sv_se\/wp-json\/wp\/v2\/types\/product"}],"replies":[{"embeddable":true,"href":"https:\/\/lamphallen.se\/sv_se\/wp-json\/wp\/v2\/comments?post=21334"}],"wp:featuredmedia":[{"embeddable":true,"href":"https:\/\/lamphallen.se\/sv_se\/wp-json\/wp\/v2\/media\/21337"}],"wp:attachment":[{"href":"https:\/\/lamphallen.se\/sv_se\/wp-json\/wp\/v2\/media?parent=21334"}],"wp:term":[{"taxonomy":"product_brand","embeddable":true,"href":"https:\/\/lamphallen.se\/sv_se\/wp-json\/wp\/v2\/product_brand?post=21334"},{"taxonomy":"product_cat","embeddable":true,"href":"https:\/\/lamphallen.se\/sv_se\/wp-json\/wp\/v2\/product_cat?post=21334"},{"taxonomy":"product_tag","embeddable":true,"href":"https:\/\/lamphallen.se\/sv_se\/wp-json\/wp\/v2\/product_tag?post=21334"},{"taxonomy":"berocket_brand","embeddable":true,"href":"https:\/\/lamphallen.se\/sv_se\/wp-json\/wp\/v2\/berocket_brand?post=21334"}],"curies":[{"name":"wp","href":"https:\/\/api.w.org\/{rel}","templated":true}]}}