{"id":21341,"date":"2024-07-15T18:17:16","date_gmt":"2024-07-15T22:17:16","guid":{"rendered":"https:\/\/lamphallen.se\/sv_se\/product\/led-driver-8-3a-200w-ip20-vega-200-24\/"},"modified":"2025-09-26T11:00:01","modified_gmt":"2025-09-26T09:00:01","slug":"led-driver-8-3a-200w-ip20-vega-200-24","status":"publish","type":"product","link":"https:\/\/lamphallen.se\/sv_se\/product\/led-driver-8-3a-200w-ip20-vega-200-24\/","title":{"rendered":"LED DRIVER 8.3A 200W IP20 VEGA-200\/24"},"content":{"rendered":"<p><strong>Funktioner:<\/strong><\/p>\n<ul>\n<li>200W 8.3A Slim LED Transformator<\/li>\n<li>100% belastningstest.<\/li>\n<li>Fullt utbud av ing\u00e5ngssp\u00e4nning<\/li>\n<li>Utg\u00e5ngssp\u00e4nning korrekt och stabil<\/li>\n<li>Utg\u00e5ng \u00f6versp\u00e4nning, \u00f6verstr\u00f6m och kortslutningsskydd<\/li>\n<li>Utmatning l\u00e5g rippel och brus<\/li>\n<\/ul>\n<p><strong>Produkt funktioner:<\/strong><\/p>\n<p>Utg\u00e5ngseffekt: 200W<br \/>\nUtg\u00e5ngsstr\u00f6m: 8.3A<br \/>\nUtg\u00e5ngssp\u00e4nning: 24V DC<br \/>\nIng\u00e5ngssp\u00e4nning: AC 220-240V 50Hz<br \/>\nMaterial: Aluminium<br \/>\nDetaljer: Slim Case<br \/>\nSkyddsklass: IP20<br \/>\nGaranti: 2 \u00c5rs<\/p>\n<p><strong>Anv\u00e4ndningsomr\u00e5den:<\/strong><\/p>\n<ul>\n<li>Inomhusbelysning<\/li>\n<li>F\u00f6r COLUMBIA-24 LED LIST 20m, F\u00f6r CANTON-24\/SWAN-24 LED LIST 11m<\/li>\n<\/ul>\n","protected":false},"excerpt":{"rendered":"<p>Funktioner: 200W 8.3A Slim LED Transformator 100% belastningstest. Fullt utbud av ing\u00e5ngssp\u00e4nning Utg\u00e5ngssp\u00e4nning korrekt och stabil Utg\u00e5ng \u00f6versp\u00e4nning, \u00f6verstr\u00f6m och kortslutningsskydd Utmatning l\u00e5g rippel och brus Produkt funktioner: Utg\u00e5ngseffekt: 200W Utg\u00e5ngsstr\u00f6m: 8.3A Utg\u00e5ngssp\u00e4nning: 24V DC Ing\u00e5ngssp\u00e4nning: AC 220-240V 50Hz Material: Aluminium Detaljer: Slim Case Skyddsklass: IP20 Garanti: 2 \u00c5rs Anv\u00e4ndningsomr\u00e5den: Inomhusbelysning F\u00f6r COLUMBIA-24 LED LIST 20m, F\u00f6r CANTON-24\/SWAN-24 LED LIST [&hellip;]<\/p>\n","protected":false},"featured_media":21342,"comment_status":"open","ping_status":"closed","template":"","meta":{"content-type":"","_joinchat":[]},"product_brand":[],"product_cat":[81],"product_tag":[],"berocket_brand":[35],"class_list":{"0":"post-21341","1":"product","2":"type-product","3":"status-publish","4":"has-post-thumbnail","6":"product_cat-tillbehor","7":"berocket_brand-horoz-elektrik","9":"first","10":"instock","11":"sale","12":"taxable","13":"shipping-taxable","14":"purchasable","15":"product-type-simple"},"_links":{"self":[{"href":"https:\/\/lamphallen.se\/sv_se\/wp-json\/wp\/v2\/product\/21341","targetHints":{"allow":["GET"]}}],"collection":[{"href":"https:\/\/lamphallen.se\/sv_se\/wp-json\/wp\/v2\/product"}],"about":[{"href":"https:\/\/lamphallen.se\/sv_se\/wp-json\/wp\/v2\/types\/product"}],"replies":[{"embeddable":true,"href":"https:\/\/lamphallen.se\/sv_se\/wp-json\/wp\/v2\/comments?post=21341"}],"wp:featuredmedia":[{"embeddable":true,"href":"https:\/\/lamphallen.se\/sv_se\/wp-json\/wp\/v2\/media\/21342"}],"wp:attachment":[{"href":"https:\/\/lamphallen.se\/sv_se\/wp-json\/wp\/v2\/media?parent=21341"}],"wp:term":[{"taxonomy":"product_brand","embeddable":true,"href":"https:\/\/lamphallen.se\/sv_se\/wp-json\/wp\/v2\/product_brand?post=21341"},{"taxonomy":"product_cat","embeddable":true,"href":"https:\/\/lamphallen.se\/sv_se\/wp-json\/wp\/v2\/product_cat?post=21341"},{"taxonomy":"product_tag","embeddable":true,"href":"https:\/\/lamphallen.se\/sv_se\/wp-json\/wp\/v2\/product_tag?post=21341"},{"taxonomy":"berocket_brand","embeddable":true,"href":"https:\/\/lamphallen.se\/sv_se\/wp-json\/wp\/v2\/berocket_brand?post=21341"}],"curies":[{"name":"wp","href":"https:\/\/api.w.org\/{rel}","templated":true}]}}